{"id":21063,"date":"2021-09-14T11:14:38","date_gmt":"2021-09-14T09:14:38","guid":{"rendered":"https:\/\/orfeve.com\/manufaktur\/"},"modified":"2025-08-07T12:27:49","modified_gmt":"2025-08-07T10:27:49","slug":"schokoladenmanufaktur","status":"publish","type":"page","link":"https:\/\/orfeve.com\/de\/schokoladenmanufaktur\/","title":{"rendered":"Manufaktur"},"content":{"rendered":"\n\n\t<section class=\"section dark has-scroll-for-more\" id=\"section_367619051\">\n\t\t<div class=\"section-bg fill\" >\n\t\t\t\t\t\t\t\t\t<button class=\"scroll-for-more z-5 icon absolute bottom h-center\" aria-label=\"Scrollen f\u00fcr mehr\"><i class=\"icon-angle-down\" aria-hidden=\"true\" style=\"font-size:42px;\"><\/i><\/button>\n\t\t\t\n\n\t\t<\/div>\n\n\t\t\n\n\t\t<div class=\"section-content relative\">\n\t\t\t\n\n\n  <div class=\"banner has-hover is-full-height\" id=\"banner-1817874667\">\n          <div class=\"banner-inner fill\">\n        <div class=\"banner-bg fill\" >\n            <img decoding=\"async\" width=\"1900\" height=\"800\" src=\"https:\/\/orfeve.com\/wp-content\/uploads\/2021\/04\/ORFEVE-Manufacture-Suisse-de-Cacao-et-Chocolat_Torrefaction-photo-diode-SA-Denis-Hayoun_.jpg\" class=\"bg attachment-original size-original\" alt=\"ORFEVE-Manufacture-Suisse-de-Cacao-et-Chocolat_Torrefaction-photo-diode-SA-Denis-Hayoun_\" \/>                        <div class=\"overlay\"><\/div>            \n                    <\/div>\n\t\t\n        <div class=\"banner-layers container\">\n            <div class=\"fill banner-link\"><\/div>            \n\n   <div id=\"text-box-1001938940\" class=\"text-box banner-layer x50 md-x50 lg-x50 y50 md-y50 lg-y50 res-text\">\n                                <div class=\"text-box-content text dark\">\n              \n              <div class=\"text-inner text-center\">\n                  \n\n\t<div id=\"text-3063761927\" class=\"text\">\n\t\t\n\n<h1 class=\"uppercase\">\n  Die Manufaktur Orf\u00e8ve<br \/>\n<\/h1>\n\n\t\t\n<style>\n#text-3063761927 {\n  font-size: 1.1rem;\n  line-height: 1.75;\n  text-align: center;\n}\n@media (min-width:550px) {\n  #text-3063761927 {\n    line-height: 1.75;\n  }\n}\n<\/style>\n\t<\/div>\n\t\n\t<div id=\"text-1515652171\" class=\"text\">\n\t\t\n\n<p>Erfahren Sie mehr \u00fcber uns, unseren Edelkakao, unsere Philosophie und unsere Schokolade.<\/p>\n\t\t\n<style>\n#text-1515652171 {\n  font-size: 1.25rem;\n}\n@media (min-width:550px) {\n  #text-1515652171 {\n    font-size: 1.5rem;\n  }\n}\n@media (min-width:850px) {\n  #text-1515652171 {\n    font-size: 1.5rem;\n  }\n}\n<\/style>\n\t<\/div>\n\t\n\n              <\/div>\n           <\/div>\n                            \n<style>\n#text-box-1001938940 {\n  width: 87%;\n}\n#text-box-1001938940 .text-box-content {\n  font-size: 100%;\n}\n@media (min-width:550px) {\n  #text-box-1001938940 {\n    width: 60%;\n  }\n}\n<\/style>\n    <\/div>\n \n\n        <\/div>\n      <\/div>\n\n            \n<style>\n#banner-1817874667 {\n  padding-top: 100%;\n}\n#banner-1817874667 .overlay {\n  background-color: rgba(0, 0, 0, 0.326);\n}\n#banner-1817874667 .banner-bg img {\n  object-position: 46% 42%;\n}\n<\/style>\n  <\/div>\n\n\n\n\t\t<\/div>\n\n\t\t\n<style>\n#section_367619051 {\n  padding-top: 0px;\n  padding-bottom: 0px;\n}\n<\/style>\n\t<\/section>\n\t\n\n  <div class=\"banner has-hover is-full-height has-parallax\" id=\"banner-922848651\">\n          <div class=\"banner-inner fill\">\n        <div class=\"banner-bg fill\" data-parallax=\"-5\" data-parallax-container=\".banner\" data-parallax-background>\n            <img decoding=\"async\" width=\"1600\" height=\"1200\" src=\"https:\/\/orfeve.com\/wp-content\/uploads\/2021\/04\/ORFEVE-Manufacture-Suisse-de-Cacao-et-Chocolat-Bean-to-Bar-Caroline-Buechler-Francois-Xavier-Mousin-photo-Guillaume-Megevand.jpg\" class=\"bg attachment-original size-original\" alt=\"ORFEVE-Manufacture-Suisse-de-Cacao-et-Chocolat-Bean-to-Bar-Caroline-Buechler-Francois-Xavier-Mousin----photo-Guillaume-Megevand\" \/>                        <div class=\"overlay\"><\/div>            \n                    <\/div>\n\t\t\n        <div class=\"banner-layers container\">\n            <div class=\"fill banner-link\"><\/div>            \n\n   <div id=\"text-box-637710439\" class=\"text-box banner-layer x50 md-x50 lg-x50 y50 md-y50 lg-y50 res-text\">\n              <div data-parallax=\"2\" data-parallax-fade=\"true\">                  <div class=\"text-box-content text dark\">\n              \n              <div class=\"text-inner text-center\">\n                  \n\n\t<div id=\"text-203909163\" class=\"text\">\n\t\t\n\n<h2 class=\"uppercase\"><strong>\u00dcber uns<\/strong><\/h2>\n\t\t\n<style>\n#text-203909163 {\n  font-size: 0.8rem;\n}\n@media (min-width:550px) {\n  #text-203909163 {\n    font-size: 1.2rem;\n  }\n}\n<\/style>\n\t<\/div>\n\t\n\t<div id=\"text-3056839717\" class=\"text\">\n\t\t\n\n<p>Das in Genf ans\u00e4ssige Unternehmen Orf\u00e8ve wurde von Fran\u00e7ois-Xavier Mousin und Caroline Buechler gegr\u00fcndet. Als Kakao- und Schokoladenhersteller kontrolliert Orf\u00e8ve alle Stufen der Schokoladenproduktion &#8211; von der Bohne bis zur Tafel.<\/p>\n\t\t\n<style>\n#text-3056839717 {\n  font-size: 1.25rem;\n}\n@media (min-width:550px) {\n  #text-3056839717 {\n    font-size: 1.5rem;\n  }\n}\n<\/style>\n\t<\/div>\n\t\n\n              <\/div>\n           <\/div>\n              <\/div>              \n<style>\n#text-box-637710439 {\n  width: 87%;\n}\n#text-box-637710439 .text-box-content {\n  font-size: 100%;\n}\n@media (min-width:550px) {\n  #text-box-637710439 {\n    width: 60%;\n  }\n}\n<\/style>\n    <\/div>\n \n\n        <\/div>\n      <\/div>\n\n            \n<style>\n#banner-922848651 {\n  padding-top: 100%;\n}\n#banner-922848651 .overlay {\n  background-color: rgba(0, 0, 0, 0.35);\n}\n<\/style>\n  <\/div>\n\n\n\n  <div class=\"banner has-hover is-full-height has-parallax\" id=\"banner-1135714585\">\n          <div class=\"banner-inner fill\">\n        <div class=\"banner-bg fill\" data-parallax=\"-5\" data-parallax-container=\".banner\" data-parallax-background>\n            <img decoding=\"async\" width=\"1600\" height=\"1200\" src=\"https:\/\/orfeve.com\/wp-content\/uploads\/2021\/04\/ORFEVE-Manufacture-Suisse-de-Cacao-et-Chocolat-bea-to-bar-Agroforesterie-photo-ORFEVE.jpg\" class=\"bg attachment-original size-original\" alt=\"\" \/>                        <div class=\"overlay\"><\/div>            \n                    <\/div>\n\t\t\n        <div class=\"banner-layers container\">\n            <div class=\"fill banner-link\"><\/div>            \n\n   <div id=\"text-box-2064963371\" class=\"text-box banner-layer x50 md-x50 lg-x50 y50 md-y50 lg-y50 res-text\">\n              <div data-parallax=\"2\" data-parallax-fade=\"true\">                  <div class=\"text-box-content text dark\">\n              \n              <div class=\"text-inner text-center\">\n                  \n\n\t<div id=\"text-3451408064\" class=\"text\">\n\t\t\n\n<h2 class=\"uppercase\"><strong>Unsere Kakaobauern<\/strong><\/h2>\n\t\t\n<style>\n#text-3451408064 {\n  font-size: 0.8rem;\n}\n@media (min-width:550px) {\n  #text-3451408064 {\n    font-size: 1.2rem;\n  }\n}\n<\/style>\n\t<\/div>\n\t\n\t<div id=\"text-1049532036\" class=\"text\">\n\t\t\n\n<p>Unser gesamter Kakao stammt von Kleinbauern oder kleinen Kooperativen, die sich f\u00fcr eine nachhaltige und faire Entwicklung einsetzen.<\/p>\n\t\t\n<style>\n#text-1049532036 {\n  font-size: 1.25rem;\n}\n@media (min-width:550px) {\n  #text-1049532036 {\n    font-size: 1.5rem;\n  }\n}\n<\/style>\n\t<\/div>\n\t\n\n              <\/div>\n           <\/div>\n              <\/div>              \n<style>\n#text-box-2064963371 {\n  width: 87%;\n}\n#text-box-2064963371 .text-box-content {\n  font-size: 100%;\n}\n@media (min-width:550px) {\n  #text-box-2064963371 {\n    width: 60%;\n  }\n}\n<\/style>\n    <\/div>\n \n\n        <\/div>\n      <\/div>\n\n            \n<style>\n#banner-1135714585 {\n  padding-top: 100%;\n}\n#banner-1135714585 .overlay {\n  background-color: rgba(0, 0, 0, 0.35);\n}\n<\/style>\n  <\/div>\n\n\n\n  <div class=\"banner has-hover is-full-height has-parallax\" id=\"banner-1960835917\">\n          <div class=\"banner-inner fill\">\n        <div class=\"banner-bg fill\" data-parallax=\"-5\" data-parallax-container=\".banner\" data-parallax-background>\n            <img decoding=\"async\" width=\"1600\" height=\"1200\" src=\"https:\/\/orfeve.com\/wp-content\/uploads\/2021\/04\/ORFEVE-Manufacture-Suisse-de-Cacao-et-Chocolat-bean-to-bar-cabosses-de-cacao-photo-orfeve.jpg\" class=\"bg attachment-original size-original\" alt=\"\" \/>                        <div class=\"overlay\"><\/div>            \n                    <\/div>\n\t\t\n        <div class=\"banner-layers container\">\n            <div class=\"fill banner-link\"><\/div>            \n\n   <div id=\"text-box-1503097834\" class=\"text-box banner-layer x50 md-x50 lg-x50 y50 md-y50 lg-y50 res-text\">\n              <div data-parallax=\"2\" data-parallax-fade=\"true\">                  <div class=\"text-box-content text dark\">\n              \n              <div class=\"text-inner text-center\">\n                  \n\n\t<div id=\"text-3590851809\" class=\"text\">\n\t\t\n\n<h2 class=\"uppercase\"><strong>Unser Edelkakao<\/strong><\/h2>\n\t\t\n<style>\n#text-3590851809 {\n  font-size: 0.8rem;\n}\n@media (min-width:550px) {\n  #text-3590851809 {\n    font-size: 1.2rem;\n  }\n}\n<\/style>\n\t<\/div>\n\t\n\t<div id=\"text-2840776941\" class=\"text\">\n\t\t\n\n<p>Die f\u00fcr die Orf\u00e8ve-Schokoladen verwendeten Kakaobohnen werden von unseren Sourceurs sorgf\u00e4ltig ausgew\u00e4hlt. Es handelt sich um die edelsten Sorten der Welt, die aus den noblen Anbaugebieten stammen. Die meisten von ihnen werden im \u00f6kologischen Landbau und in der Agroforstwirtschaft angebaut. Diese Edelkakaobohnen machen heute weniger als 5 % der Weltproduktion aus.<\/p>\n\t\t\n<style>\n#text-2840776941 {\n  font-size: 1.25rem;\n}\n@media (min-width:550px) {\n  #text-2840776941 {\n    font-size: 1.5rem;\n  }\n}\n<\/style>\n\t<\/div>\n\t\n\n              <\/div>\n           <\/div>\n              <\/div>              \n<style>\n#text-box-1503097834 {\n  width: 87%;\n}\n#text-box-1503097834 .text-box-content {\n  font-size: 100%;\n}\n@media (min-width:550px) {\n  #text-box-1503097834 {\n    width: 60%;\n  }\n}\n<\/style>\n    <\/div>\n \n\n        <\/div>\n      <\/div>\n\n            \n<style>\n#banner-1960835917 {\n  padding-top: 100%;\n}\n#banner-1960835917 .overlay {\n  background-color: rgba(0, 0, 0, 0.35);\n}\n<\/style>\n  <\/div>\n\n\n\n  <div class=\"banner has-hover is-full-height has-parallax\" id=\"banner-884690559\">\n          <div class=\"banner-inner fill\">\n        <div class=\"banner-bg fill\" data-parallax=\"-5\" data-parallax-container=\".banner\" data-parallax-background>\n            <img decoding=\"async\" width=\"1600\" height=\"1200\" src=\"https:\/\/orfeve.com\/wp-content\/uploads\/2021\/04\/ORFEVE-Manufacture-Suisse-de-Cacao-et-Chocolat-bean-to-bar-broyage-affinage-chocolat-photo-diode-SA-Denis-Hayoun.jpg\" class=\"bg attachment-original size-original\" alt=\"\" \/>                        <div class=\"overlay\"><\/div>            \n                    <\/div>\n\t\t\n        <div class=\"banner-layers container\">\n            <div class=\"fill banner-link\"><\/div>            \n\n   <div id=\"text-box-1853923609\" class=\"text-box banner-layer x50 md-x50 lg-x50 y50 md-y50 lg-y50 res-text\">\n              <div data-parallax=\"2\" data-parallax-fade=\"true\">                  <div class=\"text-box-content text dark\">\n              \n              <div class=\"text-inner text-center\">\n                  \n\n\t<div id=\"text-2420206910\" class=\"text\">\n\t\t\n\n<h2 class=\"uppercase\"><strong>Unsere Methoden<\/strong><\/h2>\n\t\t\n<style>\n#text-2420206910 {\n  font-size: 0.8rem;\n}\n@media (min-width:550px) {\n  #text-2420206910 {\n    font-size: 1.2rem;\n  }\n}\n<\/style>\n\t<\/div>\n\t\n\t<div id=\"text-16723337\" class=\"text\">\n\t\t\n\n<p>Die Produktionsmethoden von Orf\u00e8ve bleiben den Traditionen treu, sind allesamt handwerklich und schonend, um die G\u00fcte und Einzigartigkeit unseres Edelkakaos zu bewahren.<\/p>\n\t\t\n<style>\n#text-16723337 {\n  font-size: 1.25rem;\n}\n@media (min-width:550px) {\n  #text-16723337 {\n    font-size: 1.5rem;\n  }\n}\n<\/style>\n\t<\/div>\n\t\n<a href=\"https:\/\/orfeve.com\/de\/herstellung\/\" class=\"button white is-outline\" >\n\t\t<span>Unser Know-how entdecken<\/span>\n\t<\/a>\n\n\n\n              <\/div>\n           <\/div>\n              <\/div>              \n<style>\n#text-box-1853923609 {\n  width: 87%;\n}\n#text-box-1853923609 .text-box-content {\n  font-size: 100%;\n}\n@media (min-width:550px) {\n  #text-box-1853923609 {\n    width: 60%;\n  }\n}\n<\/style>\n    <\/div>\n \n\n        <\/div>\n      <\/div>\n\n            \n<style>\n#banner-884690559 {\n  padding-top: 100%;\n}\n#banner-884690559 .overlay {\n  background-color: rgba(0, 0, 0, 0.35);\n}\n#banner-884690559 .banner-bg img {\n  object-position: 15% 18%;\n}\n<\/style>\n  <\/div>\n\n\n\n  <div class=\"banner has-hover is-full-height has-parallax\" id=\"banner-86875762\">\n          <div class=\"banner-inner fill\">\n        <div class=\"banner-bg fill\" data-parallax=\"-5\" data-parallax-container=\".banner\" data-parallax-background>\n            <img decoding=\"async\" width=\"1300\" height=\"851\" src=\"https:\/\/orfeve.com\/wp-content\/uploads\/2022\/04\/ORFEVE-Manufacture-Suisse-de-Cacao-et-Chocolat-chocolat-noir-tablette.jpg\" class=\"bg attachment-original size-original\" alt=\"ORFEVE-Manufacture-Suisse-de-Cacao-et-Chocolat-chocolat-noir-tablette\" \/>                        <div class=\"overlay\"><\/div>            \n                    <\/div>\n\t\t\n        <div class=\"banner-layers container\">\n            <div class=\"fill banner-link\"><\/div>            \n\n   <div id=\"text-box-1839933380\" class=\"text-box banner-layer x50 md-x50 lg-x50 y50 md-y50 lg-y50 res-text\">\n              <div data-parallax=\"2\" data-parallax-fade=\"true\">                  <div class=\"text-box-content text dark\">\n              \n              <div class=\"text-inner text-center\">\n                  \n\n\t<div id=\"text-365979029\" class=\"text\">\n\t\t\n\n<h2 class=\"uppercase\"><strong>Unsere dunkle Schokolade<\/strong><\/h2>\n\t\t\n<style>\n#text-365979029 {\n  font-size: 0.8rem;\n}\n@media (min-width:550px) {\n  #text-365979029 {\n    font-size: 1.2rem;\n  }\n}\n<\/style>\n\t<\/div>\n\t\n\t<div id=\"text-3143632481\" class=\"text\">\n\t\t\n\n<p>Orf\u00e8ve stellt Tafeln aus 100 % Ursprungs- und Jahrgangskakao her, dabei handelt es sich um die seltensten und wertvollsten Kakaosorten. Das Ergebnis ist eine einzigartige Schweizer Schokolade, die sich durch Reinheit und Authentizit\u00e4t auszeichnet.<\/p>\n\t\t\n<style>\n#text-3143632481 {\n  font-size: 1.25rem;\n}\n@media (min-width:550px) {\n  #text-3143632481 {\n    font-size: 1.5rem;\n  }\n}\n<\/style>\n\t<\/div>\n\t\n<a href=\"https:\/\/orfeve.com\/de\/shop\/\" class=\"button white is-outline\" >\n\t\t<span>Die Schokoladensorten entdecken<\/span>\n\t<\/a>\n\n\n\n              <\/div>\n           <\/div>\n              <\/div>              \n<style>\n#text-box-1839933380 {\n  width: 87%;\n}\n#text-box-1839933380 .text-box-content {\n  font-size: 100%;\n}\n@media (min-width:550px) {\n  #text-box-1839933380 {\n    width: 60%;\n  }\n}\n<\/style>\n    <\/div>\n \n\n        <\/div>\n      <\/div>\n\n            \n<style>\n#banner-86875762 {\n  padding-top: 100%;\n}\n#banner-86875762 .overlay {\n  background-color: rgba(0, 0, 0, 0.442);\n}\n#banner-86875762 .banner-bg img {\n  object-position: 74% 31%;\n}\n<\/style>\n  <\/div>\n\n\n\n","protected":false},"excerpt":{"rendered":"","protected":false},"author":1,"featured_media":0,"parent":0,"menu_order":0,"comment_status":"closed","ping_status":"closed","template":"page-transparent-header-light.php","meta":{"footnotes":""},"class_list":["post-21063","page","type-page","status-publish","hentry"],"yoast_head":"<!-- This site is optimized with the Yoast SEO Premium plugin v27.3 (Yoast SEO v27.3) - https:\/\/yoast.com\/product\/yoast-seo-premium-wordpress\/ -->\n<title>Bean-to-Bar-Schokoladenmanufaktur - ORF\u00c8VE Chocolat suisse bean-to-bar Genf<\/title>\n<meta name=\"description\" content=\"ORF\u00c8VE ist eine Schweizer Bean-to-Bar-Schokoladenmanufaktur mit Sitz in Genf. Handwerklich, engagiert und pr\u00e4zise \u2013 entdecken Sie ihre Philosophie.\" \/>\n<meta name=\"robots\" content=\"index, follow, max-snippet:-1, max-image-preview:large, max-video-preview:-1\" \/>\n<link rel=\"canonical\" href=\"https:\/\/orfeve.com\/de\/schokoladenmanufaktur\/\" \/>\n<meta property=\"og:locale\" content=\"de_DE\" \/>\n<meta property=\"og:type\" content=\"article\" \/>\n<meta property=\"og:title\" content=\"Manufaktur\" \/>\n<meta property=\"og:description\" content=\"ORF\u00c8VE ist eine Schweizer Bean-to-Bar-Schokoladenmanufaktur mit Sitz in Genf. Handwerklich, engagiert und pr\u00e4zise \u2013 entdecken Sie ihre Philosophie.\" \/>\n<meta property=\"og:url\" content=\"https:\/\/orfeve.com\/de\/schokoladenmanufaktur\/\" \/>\n<meta property=\"og:site_name\" content=\"ORF\u00c8VE Chocolat suisse bean-to-bar\" \/>\n<meta property=\"article:publisher\" content=\"https:\/\/www.facebook.com\/orfevechocolat\/\" \/>\n<meta property=\"article:modified_time\" content=\"2025-08-07T10:27:49+00:00\" \/>\n<meta name=\"twitter:card\" content=\"summary_large_image\" \/>\n<meta name=\"twitter:site\" content=\"@orfeve_Chocolat\" \/>\n<meta name=\"twitter:label1\" content=\"Gesch\u00e4tzte Lesezeit\" \/>\n\t<meta name=\"twitter:data1\" content=\"2\u00a0Minuten\" \/>\n<script type=\"application\/ld+json\" class=\"yoast-schema-graph\">{\"@context\":\"https:\\\/\\\/schema.org\",\"@graph\":[{\"@type\":\"WebPage\",\"@id\":\"https:\\\/\\\/orfeve.com\\\/de\\\/schokoladenmanufaktur\\\/\",\"url\":\"https:\\\/\\\/orfeve.com\\\/de\\\/schokoladenmanufaktur\\\/\",\"name\":\"Bean-to-Bar-Schokoladenmanufaktur - ORF\u00c8VE Chocolat suisse bean-to-bar Genf\",\"isPartOf\":{\"@id\":\"https:\\\/\\\/orfeve.com\\\/en\\\/#website\"},\"datePublished\":\"2021-09-14T09:14:38+00:00\",\"dateModified\":\"2025-08-07T10:27:49+00:00\",\"description\":\"ORF\u00c8VE ist eine Schweizer Bean-to-Bar-Schokoladenmanufaktur mit Sitz in Genf. Handwerklich, engagiert und pr\u00e4zise \u2013 entdecken Sie ihre Philosophie.\",\"breadcrumb\":{\"@id\":\"https:\\\/\\\/orfeve.com\\\/de\\\/schokoladenmanufaktur\\\/#breadcrumb\"},\"inLanguage\":\"de\",\"potentialAction\":[{\"@type\":\"ReadAction\",\"target\":[\"https:\\\/\\\/orfeve.com\\\/de\\\/schokoladenmanufaktur\\\/\"]}]},{\"@type\":\"BreadcrumbList\",\"@id\":\"https:\\\/\\\/orfeve.com\\\/de\\\/schokoladenmanufaktur\\\/#breadcrumb\",\"itemListElement\":[{\"@type\":\"ListItem\",\"position\":1,\"name\":\"Home\",\"item\":\"https:\\\/\\\/orfeve.com\\\/de\\\/\"},{\"@type\":\"ListItem\",\"position\":2,\"name\":\"Manufaktur\"}]},{\"@type\":\"WebSite\",\"@id\":\"https:\\\/\\\/orfeve.com\\\/en\\\/#website\",\"url\":\"https:\\\/\\\/orfeve.com\\\/en\\\/\",\"name\":\"ORF\u00c8VE Chocolat suisse bean-to-bar\",\"description\":\"Manufacture Suisse de Cacao et Chocolat Bean to Bar\",\"publisher\":{\"@id\":\"https:\\\/\\\/orfeve.com\\\/en\\\/#organization\"},\"potentialAction\":[{\"@type\":\"SearchAction\",\"target\":{\"@type\":\"EntryPoint\",\"urlTemplate\":\"https:\\\/\\\/orfeve.com\\\/en\\\/?s={search_term_string}\"},\"query-input\":{\"@type\":\"PropertyValueSpecification\",\"valueRequired\":true,\"valueName\":\"search_term_string\"}}],\"inLanguage\":\"de\"},{\"@type\":\"Organization\",\"@id\":\"https:\\\/\\\/orfeve.com\\\/en\\\/#organization\",\"name\":\"ORF\u00c8VE\",\"url\":\"https:\\\/\\\/orfeve.com\\\/en\\\/\",\"logo\":{\"@type\":\"ImageObject\",\"inLanguage\":\"de\",\"@id\":\"https:\\\/\\\/orfeve.com\\\/en\\\/#\\\/schema\\\/logo\\\/image\\\/\",\"url\":\"https:\\\/\\\/orfeve.com\\\/wp-content\\\/uploads\\\/2021\\\/05\\\/Orfeve-Manufacture-Suisse-de-Cacao-et-Chocolat-logo.jpeg\",\"contentUrl\":\"https:\\\/\\\/orfeve.com\\\/wp-content\\\/uploads\\\/2021\\\/05\\\/Orfeve-Manufacture-Suisse-de-Cacao-et-Chocolat-logo.jpeg\",\"width\":427,\"height\":170,\"caption\":\"ORF\u00c8VE\"},\"image\":{\"@id\":\"https:\\\/\\\/orfeve.com\\\/en\\\/#\\\/schema\\\/logo\\\/image\\\/\"},\"sameAs\":[\"https:\\\/\\\/www.facebook.com\\\/orfevechocolat\\\/\",\"https:\\\/\\\/x.com\\\/orfeve_Chocolat\",\"https:\\\/\\\/www.instagram.com\\\/orfeve_chocolat\\\/\",\"https:\\\/\\\/www.linkedin.com\\\/company\\\/orfeve\\\/\"]}]}<\/script>\n<!-- \/ Yoast SEO Premium plugin. -->","yoast_head_json":{"title":"Bean-to-Bar-Schokoladenmanufaktur - ORF\u00c8VE Chocolat suisse bean-to-bar Genf","description":"ORF\u00c8VE ist eine Schweizer Bean-to-Bar-Schokoladenmanufaktur mit Sitz in Genf. Handwerklich, engagiert und pr\u00e4zise \u2013 entdecken Sie ihre Philosophie.","robots":{"index":"index","follow":"follow","max-snippet":"max-snippet:-1","max-image-preview":"max-image-preview:large","max-video-preview":"max-video-preview:-1"},"canonical":"https:\/\/orfeve.com\/de\/schokoladenmanufaktur\/","og_locale":"de_DE","og_type":"article","og_title":"Manufaktur","og_description":"ORF\u00c8VE ist eine Schweizer Bean-to-Bar-Schokoladenmanufaktur mit Sitz in Genf. Handwerklich, engagiert und pr\u00e4zise \u2013 entdecken Sie ihre Philosophie.","og_url":"https:\/\/orfeve.com\/de\/schokoladenmanufaktur\/","og_site_name":"ORF\u00c8VE Chocolat suisse bean-to-bar","article_publisher":"https:\/\/www.facebook.com\/orfevechocolat\/","article_modified_time":"2025-08-07T10:27:49+00:00","twitter_card":"summary_large_image","twitter_site":"@orfeve_Chocolat","twitter_misc":{"Gesch\u00e4tzte Lesezeit":"2\u00a0Minuten"},"schema":{"@context":"https:\/\/schema.org","@graph":[{"@type":"WebPage","@id":"https:\/\/orfeve.com\/de\/schokoladenmanufaktur\/","url":"https:\/\/orfeve.com\/de\/schokoladenmanufaktur\/","name":"Bean-to-Bar-Schokoladenmanufaktur - ORF\u00c8VE Chocolat suisse bean-to-bar Genf","isPartOf":{"@id":"https:\/\/orfeve.com\/en\/#website"},"datePublished":"2021-09-14T09:14:38+00:00","dateModified":"2025-08-07T10:27:49+00:00","description":"ORF\u00c8VE ist eine Schweizer Bean-to-Bar-Schokoladenmanufaktur mit Sitz in Genf. Handwerklich, engagiert und pr\u00e4zise \u2013 entdecken Sie ihre Philosophie.","breadcrumb":{"@id":"https:\/\/orfeve.com\/de\/schokoladenmanufaktur\/#breadcrumb"},"inLanguage":"de","potentialAction":[{"@type":"ReadAction","target":["https:\/\/orfeve.com\/de\/schokoladenmanufaktur\/"]}]},{"@type":"BreadcrumbList","@id":"https:\/\/orfeve.com\/de\/schokoladenmanufaktur\/#breadcrumb","itemListElement":[{"@type":"ListItem","position":1,"name":"Home","item":"https:\/\/orfeve.com\/de\/"},{"@type":"ListItem","position":2,"name":"Manufaktur"}]},{"@type":"WebSite","@id":"https:\/\/orfeve.com\/en\/#website","url":"https:\/\/orfeve.com\/en\/","name":"ORF\u00c8VE Chocolat suisse bean-to-bar","description":"Manufacture Suisse de Cacao et Chocolat Bean to Bar","publisher":{"@id":"https:\/\/orfeve.com\/en\/#organization"},"potentialAction":[{"@type":"SearchAction","target":{"@type":"EntryPoint","urlTemplate":"https:\/\/orfeve.com\/en\/?s={search_term_string}"},"query-input":{"@type":"PropertyValueSpecification","valueRequired":true,"valueName":"search_term_string"}}],"inLanguage":"de"},{"@type":"Organization","@id":"https:\/\/orfeve.com\/en\/#organization","name":"ORF\u00c8VE","url":"https:\/\/orfeve.com\/en\/","logo":{"@type":"ImageObject","inLanguage":"de","@id":"https:\/\/orfeve.com\/en\/#\/schema\/logo\/image\/","url":"https:\/\/orfeve.com\/wp-content\/uploads\/2021\/05\/Orfeve-Manufacture-Suisse-de-Cacao-et-Chocolat-logo.jpeg","contentUrl":"https:\/\/orfeve.com\/wp-content\/uploads\/2021\/05\/Orfeve-Manufacture-Suisse-de-Cacao-et-Chocolat-logo.jpeg","width":427,"height":170,"caption":"ORF\u00c8VE"},"image":{"@id":"https:\/\/orfeve.com\/en\/#\/schema\/logo\/image\/"},"sameAs":["https:\/\/www.facebook.com\/orfevechocolat\/","https:\/\/x.com\/orfeve_Chocolat","https:\/\/www.instagram.com\/orfeve_chocolat\/","https:\/\/www.linkedin.com\/company\/orfeve\/"]}]}},"_links":{"self":[{"href":"https:\/\/orfeve.com\/de\/wp-json\/wp\/v2\/pages\/21063","targetHints":{"allow":["GET"]}}],"collection":[{"href":"https:\/\/orfeve.com\/de\/wp-json\/wp\/v2\/pages"}],"about":[{"href":"https:\/\/orfeve.com\/de\/wp-json\/wp\/v2\/types\/page"}],"author":[{"embeddable":true,"href":"https:\/\/orfeve.com\/de\/wp-json\/wp\/v2\/users\/1"}],"replies":[{"embeddable":true,"href":"https:\/\/orfeve.com\/de\/wp-json\/wp\/v2\/comments?post=21063"}],"version-history":[{"count":0,"href":"https:\/\/orfeve.com\/de\/wp-json\/wp\/v2\/pages\/21063\/revisions"}],"wp:attachment":[{"href":"https:\/\/orfeve.com\/de\/wp-json\/wp\/v2\/media?parent=21063"}],"curies":[{"name":"wp","href":"https:\/\/api.w.org\/{rel}","templated":true}]}}