{"id":21091,"date":"2021-09-14T12:41:11","date_gmt":"2021-09-14T10:41:11","guid":{"rendered":"https:\/\/orfeve.com\/impressum\/"},"modified":"2023-12-06T15:32:39","modified_gmt":"2023-12-06T14:32:39","slug":"impressum","status":"publish","type":"page","link":"https:\/\/orfeve.com\/de\/impressum\/","title":{"rendered":"Impressum"},"content":{"rendered":"\n<h2 class=\"wp-block-heading\" id=\"mce_4\"><strong>IMPRESSUM<\/strong><\/h2>\n\n<h3 class=\"wp-block-heading\" id=\"mce_4\"><strong>1. HERAUSGEBER DER WEBSITE<\/strong><\/h3>\n\n<p>Die Website www.orfeve.com wird herausgegeben und ver\u00f6ffentlicht von:<\/p>\n\n<p><strong>Orf\u00e8ve S\u00e0rl<\/strong><br\/>Route de la Maison-Carr\u00e9e 32<br\/>1242 Satigny \u2013 SCHWEIZ<\/p>\n\n<p>Eingetragen im Handelsregister des Kantons Genf<br\/>N\u00b0 IDE &amp; TVA : CHE 361.232.392<\/p>\n\n<p>im Folgenden: \u201eORF\u00c8VE\u201c.<\/p>\n\n<p><strong>Verantwortlich f\u00fcr den Inhalt der Website:<\/strong> Frau Caroline Buechler und Herr Fran\u00e7ois-Xavier Mousin<\/p>\n\n<p><strong>Kontakt:<\/strong><br\/>&#8211; Telefon: <a href=\"tel:+41%2022%20830%2023%2023\">+41 22 830 23 23<\/a><br\/>&#8211; E-Mail : <a href=\"mailto:info@orfeve.com\">info@orfeve.com<\/a><\/p>\n\n<p>Der Zugang zu und die Nutzung von www.orfeve.com unterliegen allen geltenden Gesetzen und den folgenden Bedingungen:<\/p>\n\n<ul class=\"wp-block-list\">\n<li><a rel=\"noreferrer noopener\" href=\"https:\/\/orfeve.com\/de\/impressum\/\" target=\"_blank\">Impressum <\/a>;<\/li>\n\n\n\n<li><a rel=\"noreferrer noopener\" href=\"https:\/\/orfeve.com\/de\/nutzungsbedingungen\/\" target=\"_blank\">Nutzungsbedingungen <\/a>;<\/li>\n\n\n\n<li><a rel=\"noreferrer noopener\" href=\"https:\/\/orfeve.com\/de\/datenschutzerklaerung\/\" target=\"_blank\">Datenschutzerkl\u00e4rung <\/a>;<\/li>\n\n\n\n<li><a rel=\"noreferrer noopener\" href=\"https:\/\/orfeve.com\/de\/hinweise-zur-verwaltung-von-cookies\/\" target=\"_blank\">Hinweise zur Verwaltung von Cookies<\/a>.<\/li>\n<\/ul>\n\n<p>Bitte lesen Sie diese Bedingungen sorgf\u00e4ltig durch, bevor Sie diese Website nutzen.<\/p>\n\n<p>Durch die Nutzung der Website erkl\u00e4ren Sie Ihr Einverst\u00e4ndnis und Ihre Zustimmung zu allen diesen Bedingungen. Wenn Sie mit diesen Bedingungen nicht einverstanden sind, d\u00fcrfen Sie die Website www.orfeve.com nicht weiter nutzen.<\/p>\n\n<p>Wenn Sie unsere Produkte telefonisch, per E-Mail oder \u00fcber www.orfeve.com bestellen, m\u00fcssen Sie auch die geltenden <a href=\"https:\/\/orfeve.com\/de\/agb\/\" target=\"_blank\" rel=\"noreferrer noopener\">Allgemeinen Gesch\u00e4ftsbedingungen<\/a>lesen und akzeptieren, die die Bedingungen f\u00fcr alle auf diese Weise get\u00e4tigten Bestellungen von Produkten regeln.<\/p>\n\n<h3 class=\"wp-block-heading\" id=\"mce_4\"><strong>2. DATENSCHUTZ<\/strong><\/h3>\n\n<p>Um mehr \u00fcber unsere Datenschutzpolitik zu erfahren, lesen Sie sich bitte unsere <a href=\"https:\/\/orfeve.com\/de\/datenschutzerklaerung\/\" target=\"_blank\" rel=\"noreferrer noopener\">Datenschutzerkl\u00e4rung<\/a> und unsere <a href=\"https:\/\/orfeve.com\/de\/hinweise-zur-verwaltung-von-cookies\/\" target=\"_blank\" rel=\"noreferrer noopener\">Hinweise zur Verwaltung von Cookies<\/a> durch..<\/p>\n\n<h3 class=\"wp-block-heading\" id=\"mce_4\"><strong>3. HOSTING DER WEBSITE<\/strong><\/h3>\n\n<p><strong>Infomaniak Network SA<\/strong><br\/>Rue Eug\u00e8ne-Marziano 25<br\/>1227 Carouge \u2013 Schweiz<\/p>\n\n<p>Eingetragen im Handelsregister des Kantons Genf<br\/>USt.-IdNr.\/UID: CHE-103.167.648<\/p>\n\n<p><strong>Kontakt:<\/strong><br\/>&#8211; Telephon: <a href=\"tel:+41%2022%20820%2035%2044\">+41 22 820 35 44<\/a><br\/>&#8211; E-Mail : <a href=\"mailto:support@infomaniak.com\">support@infomaniak.com<\/a><\/p>\n\n<h3 class=\"wp-block-heading\" id=\"mce_4\"><strong>4. \u00c4NDERUNGEN<\/strong><\/h3>\n\n<p>ORF\u00c8VE kann die vorliegenden rechtlichen Hinweise und Gesch\u00e4ftsbedingungen jederzeit durch Aktualisierung dieser Seite und der zugeh\u00f6rigen Seiten \u00e4ndern. Sie erkl\u00e4ren sich mit allen \u00c4nderungen einverstanden und sollten diese Seite und die damit verbundenen Seiten regelm\u00e4\u00dfig besuchen, um die rechtlichen Hinweise und Gesch\u00e4ftsbedingungen zu \u00fcberpr\u00fcfen, die f\u00fcr Ihre Nutzung von www.orfeve.com und Ihre Bestellungen gelten.<\/p>\n\n<p>Letzte Aktualisierung: August 2023<\/p>\n","protected":false},"excerpt":{"rendered":"<p>IMPRESSUM 1. HERAUSGEBER DER WEBSITE Die Website www.orfeve.com wird herausgegeben und ver\u00f6ffentlicht von: Orf\u00e8ve S\u00e0rlRoute de la Maison-Carr\u00e9e 321242 Satigny \u2013 SCHWEIZ Eingetragen im Handelsregister des Kantons GenfN\u00b0 IDE &amp; TVA : CHE 361.232.392 im Folgenden: \u201eORF\u00c8VE\u201c. Verantwortlich f\u00fcr den Inhalt der Website: Frau Caroline Buechler und Herr Fran\u00e7ois-Xavier Mousin Kontakt:&#8211; Telefon: +41 22 830 [&#8230;]\n","protected":false},"author":1,"featured_media":0,"parent":0,"menu_order":0,"comment_status":"closed","ping_status":"closed","template":"","meta":{"footnotes":""},"class_list":["post-21091","page","type-page","status-publish","hentry"],"yoast_head":"<!-- This site is optimized with the Yoast SEO Premium plugin v27.3 (Yoast SEO v27.3) - https:\/\/yoast.com\/product\/yoast-seo-premium-wordpress\/ -->\n<title>Impressum - ORF\u00c8VE Chocolat suisse bean-to-bar<\/title>\n<meta name=\"robots\" content=\"index, follow, max-snippet:-1, max-image-preview:large, max-video-preview:-1\" \/>\n<link rel=\"canonical\" href=\"https:\/\/orfeve.com\/de\/impressum\/\" \/>\n<meta property=\"og:locale\" content=\"de_DE\" \/>\n<meta property=\"og:type\" content=\"article\" \/>\n<meta property=\"og:title\" content=\"Impressum\" \/>\n<meta property=\"og:description\" content=\"IMPRESSUM 1. HERAUSGEBER DER WEBSITE Die Website www.orfeve.com wird herausgegeben und ver\u00f6ffentlicht von: Orf\u00e8ve S\u00e0rlRoute de la Maison-Carr\u00e9e 321242 Satigny \u2013 SCHWEIZ Eingetragen im Handelsregister des Kantons GenfN\u00b0 IDE &amp; TVA : CHE 361.232.392 im Folgenden: \u201eORF\u00c8VE\u201c. Verantwortlich f\u00fcr den Inhalt der Website: Frau Caroline Buechler und Herr Fran\u00e7ois-Xavier Mousin Kontakt:&#8211; Telefon: +41 22 830 [...]\" \/>\n<meta property=\"og:url\" content=\"https:\/\/orfeve.com\/de\/impressum\/\" \/>\n<meta property=\"og:site_name\" content=\"ORF\u00c8VE Chocolat suisse bean-to-bar\" \/>\n<meta property=\"article:publisher\" content=\"https:\/\/www.facebook.com\/orfevechocolat\/\" \/>\n<meta property=\"article:modified_time\" content=\"2023-12-06T14:32:39+00:00\" \/>\n<meta name=\"twitter:card\" content=\"summary_large_image\" \/>\n<meta name=\"twitter:site\" content=\"@orfeve_Chocolat\" \/>\n<meta name=\"twitter:label1\" content=\"Gesch\u00e4tzte Lesezeit\" \/>\n\t<meta name=\"twitter:data1\" content=\"1\u00a0Minute\" \/>\n<script type=\"application\/ld+json\" class=\"yoast-schema-graph\">{\"@context\":\"https:\\\/\\\/schema.org\",\"@graph\":[{\"@type\":\"WebPage\",\"@id\":\"https:\\\/\\\/orfeve.com\\\/de\\\/impressum\\\/\",\"url\":\"https:\\\/\\\/orfeve.com\\\/de\\\/impressum\\\/\",\"name\":\"Impressum - ORF\u00c8VE Chocolat suisse bean-to-bar\",\"isPartOf\":{\"@id\":\"https:\\\/\\\/orfeve.com\\\/en\\\/#website\"},\"datePublished\":\"2021-09-14T10:41:11+00:00\",\"dateModified\":\"2023-12-06T14:32:39+00:00\",\"breadcrumb\":{\"@id\":\"https:\\\/\\\/orfeve.com\\\/de\\\/impressum\\\/#breadcrumb\"},\"inLanguage\":\"de\",\"potentialAction\":[{\"@type\":\"ReadAction\",\"target\":[\"https:\\\/\\\/orfeve.com\\\/de\\\/impressum\\\/\"]}]},{\"@type\":\"BreadcrumbList\",\"@id\":\"https:\\\/\\\/orfeve.com\\\/de\\\/impressum\\\/#breadcrumb\",\"itemListElement\":[{\"@type\":\"ListItem\",\"position\":1,\"name\":\"Home\",\"item\":\"https:\\\/\\\/orfeve.com\\\/de\\\/\"},{\"@type\":\"ListItem\",\"position\":2,\"name\":\"Impressum\"}]},{\"@type\":\"WebSite\",\"@id\":\"https:\\\/\\\/orfeve.com\\\/en\\\/#website\",\"url\":\"https:\\\/\\\/orfeve.com\\\/en\\\/\",\"name\":\"ORF\u00c8VE Chocolat suisse bean-to-bar\",\"description\":\"Manufacture Suisse de Cacao et Chocolat Bean to Bar\",\"publisher\":{\"@id\":\"https:\\\/\\\/orfeve.com\\\/en\\\/#organization\"},\"potentialAction\":[{\"@type\":\"SearchAction\",\"target\":{\"@type\":\"EntryPoint\",\"urlTemplate\":\"https:\\\/\\\/orfeve.com\\\/en\\\/?s={search_term_string}\"},\"query-input\":{\"@type\":\"PropertyValueSpecification\",\"valueRequired\":true,\"valueName\":\"search_term_string\"}}],\"inLanguage\":\"de\"},{\"@type\":\"Organization\",\"@id\":\"https:\\\/\\\/orfeve.com\\\/en\\\/#organization\",\"name\":\"ORF\u00c8VE\",\"url\":\"https:\\\/\\\/orfeve.com\\\/en\\\/\",\"logo\":{\"@type\":\"ImageObject\",\"inLanguage\":\"de\",\"@id\":\"https:\\\/\\\/orfeve.com\\\/en\\\/#\\\/schema\\\/logo\\\/image\\\/\",\"url\":\"https:\\\/\\\/orfeve.com\\\/wp-content\\\/uploads\\\/2021\\\/05\\\/Orfeve-Manufacture-Suisse-de-Cacao-et-Chocolat-logo.jpeg\",\"contentUrl\":\"https:\\\/\\\/orfeve.com\\\/wp-content\\\/uploads\\\/2021\\\/05\\\/Orfeve-Manufacture-Suisse-de-Cacao-et-Chocolat-logo.jpeg\",\"width\":427,\"height\":170,\"caption\":\"ORF\u00c8VE\"},\"image\":{\"@id\":\"https:\\\/\\\/orfeve.com\\\/en\\\/#\\\/schema\\\/logo\\\/image\\\/\"},\"sameAs\":[\"https:\\\/\\\/www.facebook.com\\\/orfevechocolat\\\/\",\"https:\\\/\\\/x.com\\\/orfeve_Chocolat\",\"https:\\\/\\\/www.instagram.com\\\/orfeve_chocolat\\\/\",\"https:\\\/\\\/www.linkedin.com\\\/company\\\/orfeve\\\/\"]}]}<\/script>\n<!-- \/ Yoast SEO Premium plugin. -->","yoast_head_json":{"title":"Impressum - ORF\u00c8VE Chocolat suisse bean-to-bar","robots":{"index":"index","follow":"follow","max-snippet":"max-snippet:-1","max-image-preview":"max-image-preview:large","max-video-preview":"max-video-preview:-1"},"canonical":"https:\/\/orfeve.com\/de\/impressum\/","og_locale":"de_DE","og_type":"article","og_title":"Impressum","og_description":"IMPRESSUM 1. HERAUSGEBER DER WEBSITE Die Website www.orfeve.com wird herausgegeben und ver\u00f6ffentlicht von: Orf\u00e8ve S\u00e0rlRoute de la Maison-Carr\u00e9e 321242 Satigny \u2013 SCHWEIZ Eingetragen im Handelsregister des Kantons GenfN\u00b0 IDE &amp; TVA : CHE 361.232.392 im Folgenden: \u201eORF\u00c8VE\u201c. Verantwortlich f\u00fcr den Inhalt der Website: Frau Caroline Buechler und Herr Fran\u00e7ois-Xavier Mousin Kontakt:&#8211; Telefon: +41 22 830 [...]","og_url":"https:\/\/orfeve.com\/de\/impressum\/","og_site_name":"ORF\u00c8VE Chocolat suisse bean-to-bar","article_publisher":"https:\/\/www.facebook.com\/orfevechocolat\/","article_modified_time":"2023-12-06T14:32:39+00:00","twitter_card":"summary_large_image","twitter_site":"@orfeve_Chocolat","twitter_misc":{"Gesch\u00e4tzte Lesezeit":"1\u00a0Minute"},"schema":{"@context":"https:\/\/schema.org","@graph":[{"@type":"WebPage","@id":"https:\/\/orfeve.com\/de\/impressum\/","url":"https:\/\/orfeve.com\/de\/impressum\/","name":"Impressum - ORF\u00c8VE Chocolat suisse bean-to-bar","isPartOf":{"@id":"https:\/\/orfeve.com\/en\/#website"},"datePublished":"2021-09-14T10:41:11+00:00","dateModified":"2023-12-06T14:32:39+00:00","breadcrumb":{"@id":"https:\/\/orfeve.com\/de\/impressum\/#breadcrumb"},"inLanguage":"de","potentialAction":[{"@type":"ReadAction","target":["https:\/\/orfeve.com\/de\/impressum\/"]}]},{"@type":"BreadcrumbList","@id":"https:\/\/orfeve.com\/de\/impressum\/#breadcrumb","itemListElement":[{"@type":"ListItem","position":1,"name":"Home","item":"https:\/\/orfeve.com\/de\/"},{"@type":"ListItem","position":2,"name":"Impressum"}]},{"@type":"WebSite","@id":"https:\/\/orfeve.com\/en\/#website","url":"https:\/\/orfeve.com\/en\/","name":"ORF\u00c8VE Chocolat suisse bean-to-bar","description":"Manufacture Suisse de Cacao et Chocolat Bean to Bar","publisher":{"@id":"https:\/\/orfeve.com\/en\/#organization"},"potentialAction":[{"@type":"SearchAction","target":{"@type":"EntryPoint","urlTemplate":"https:\/\/orfeve.com\/en\/?s={search_term_string}"},"query-input":{"@type":"PropertyValueSpecification","valueRequired":true,"valueName":"search_term_string"}}],"inLanguage":"de"},{"@type":"Organization","@id":"https:\/\/orfeve.com\/en\/#organization","name":"ORF\u00c8VE","url":"https:\/\/orfeve.com\/en\/","logo":{"@type":"ImageObject","inLanguage":"de","@id":"https:\/\/orfeve.com\/en\/#\/schema\/logo\/image\/","url":"https:\/\/orfeve.com\/wp-content\/uploads\/2021\/05\/Orfeve-Manufacture-Suisse-de-Cacao-et-Chocolat-logo.jpeg","contentUrl":"https:\/\/orfeve.com\/wp-content\/uploads\/2021\/05\/Orfeve-Manufacture-Suisse-de-Cacao-et-Chocolat-logo.jpeg","width":427,"height":170,"caption":"ORF\u00c8VE"},"image":{"@id":"https:\/\/orfeve.com\/en\/#\/schema\/logo\/image\/"},"sameAs":["https:\/\/www.facebook.com\/orfevechocolat\/","https:\/\/x.com\/orfeve_Chocolat","https:\/\/www.instagram.com\/orfeve_chocolat\/","https:\/\/www.linkedin.com\/company\/orfeve\/"]}]}},"_links":{"self":[{"href":"https:\/\/orfeve.com\/de\/wp-json\/wp\/v2\/pages\/21091","targetHints":{"allow":["GET"]}}],"collection":[{"href":"https:\/\/orfeve.com\/de\/wp-json\/wp\/v2\/pages"}],"about":[{"href":"https:\/\/orfeve.com\/de\/wp-json\/wp\/v2\/types\/page"}],"author":[{"embeddable":true,"href":"https:\/\/orfeve.com\/de\/wp-json\/wp\/v2\/users\/1"}],"replies":[{"embeddable":true,"href":"https:\/\/orfeve.com\/de\/wp-json\/wp\/v2\/comments?post=21091"}],"version-history":[{"count":0,"href":"https:\/\/orfeve.com\/de\/wp-json\/wp\/v2\/pages\/21091\/revisions"}],"wp:attachment":[{"href":"https:\/\/orfeve.com\/de\/wp-json\/wp\/v2\/media?parent=21091"}],"curies":[{"name":"wp","href":"https:\/\/api.w.org\/{rel}","templated":true}]}}