{"id":21095,"date":"2021-09-14T13:05:47","date_gmt":"2021-09-14T11:05:47","guid":{"rendered":"https:\/\/orfeve.com\/versandkosten-und-lieferzeiten\/"},"modified":"2025-12-29T13:32:40","modified_gmt":"2025-12-29T12:32:40","slug":"versandkosten-und-lieferzeiten","status":"publish","type":"page","link":"https:\/\/orfeve.com\/de\/versandkosten-und-lieferzeiten\/","title":{"rendered":"Versandkosten und Lieferzeiten"},"content":{"rendered":"\n<h1 class=\"wp-block-heading\" id=\"mce_4\"><strong>Versandkosten und Lieferzeiten<\/strong><\/h1>\n\n\n\n<p>Die Versandkosten und Lieferzeiten h\u00e4ngen vom Bestimmungsort, dem Gewicht und dem Volumen des Pakets ab.<\/p>\n\n\n\n<p>Sie h\u00e4ngen f\u00fcr die Schweiz und Liechtenstein von der schweizerischen Post ab.<\/p>\n\n\n\n<p>F\u00fcr Lieferungen an Adressen au\u00dferhalb der Schweiz und Liechtensteins richten sich die Versandkosten und Lieferzeiten nach den FedEx-Verteilgebieten. Der Versand erfolgt gem\u00e4\u00df den Verkaufsbedingungen <strong>Delivered Duties Paid (DDP)<\/strong>. Das System passt die verschiedenen Steuern und Transportkosten an, wenn die Rechnungsadresse des Kunden eingegeben wird. <strong>Es werden keine zus\u00e4tzlichen Verwaltungsgeb\u00fchren erhoben.<\/strong><\/p>\n\n\n\n<h3 class=\"wp-block-heading\" id=\"mce_4\"><strong>1. ALLGEMEINES<\/strong><\/h3>\n\n\n\n<p>Die Lieferzeiten sind unverbindlich und werden nur zu Informationszwecken angegeben.<\/p>\n\n\n\n<p>ORF\u00c8VE kann nicht f\u00fcr Lieferverz\u00f6gerungen verantwortlich gemacht werden, die insbesondere auf F\u00e4lle h\u00f6herer Gewalt, Transportprobleme, Zolleinbehalte oder andere Gr\u00fcnde zur\u00fcckzuf\u00fchren sind, die sich seiner Kontrolle entziehen.<\/p>\n\n\n\n<p>Im Falle einer vor\u00fcbergehenden Nichtverf\u00fcgbarkeit eines Artikels k\u00f6nnen wir die Lieferzeit nicht garantieren.<\/p>\n\n\n\n<p>Bei schwierigen Witterungsverh\u00e4ltnissen (starker Schneefall, \u00dcberschwemmungen, Hitzewellen usw.) k\u00f6nnen die Lieferungen unterbrochen werden, ohne dass ORF\u00c8VE daf\u00fcr haftbar gemacht werden kann.<\/p>\n\n\n\n<p>An Samstagen, Sonntagen, Feiertagen, dem Tag vor und dem Tag nach einem Feiertag werden keine Bestellungen versandt oder zugestellt.<\/p>\n\n\n\n<h3 class=\"wp-block-heading\" id=\"mce_4\"><strong>2. TABELLE DER VERSANDKOSTEN UND LIEFERZEITEN<\/strong><\/h3>\n\n\n\n<p><strong>Lieferzeiten:<\/strong><\/p>\n\n\n\n<ul class=\"wp-block-list\">\n<li><strong>Schweiz und Liechtenstein<\/strong>: Der Versand erfolgt als A-Post innerhalb von 3 bis 5 Werktagen nach der Bestellung. <\/li>\n\n\n\n<li><strong>Andere L\u00e4nder:<\/strong> Der Versand erfolgt innerhalb von 3 bis 5 Werktagen nach der Bestellung. Der Empfang erfolgt am n\u00e4chsten Werktag nach dem Versand in den meisten gr\u00f6\u00dferen St\u00e4dten. 2 oder 3 Tage in anderen Regionen.<\/li>\n<\/ul>\n\n\n\n<p><strong>Versandkosten:<\/strong><\/p>\n\n\n\n<ul class=\"wp-block-list\">\n<li><strong>Schweiz und Liechtenstein<\/strong>: kostenfreie Lieferung<\/li>\n\n\n\n<li><strong>Andere L\u00e4nder<\/strong>: siehe die nachstehende Liste<\/li>\n<\/ul>\n\n\n\n<figure class=\"wp-block-image size-full\"><img decoding=\"async\" width=\"1228\" height=\"942\" src=\"https:\/\/orfeve.com\/wp-content\/uploads\/2025\/12\/Exped_DE.png\" alt=\"\" class=\"wp-image-28193\" srcset=\"https:\/\/orfeve.com\/wp-content\/uploads\/2025\/12\/Exped_DE.png 1228w, https:\/\/orfeve.com\/wp-content\/uploads\/2025\/12\/Exped_DE-521x400.png 521w, https:\/\/orfeve.com\/wp-content\/uploads\/2025\/12\/Exped_DE-1043x800.png 1043w, https:\/\/orfeve.com\/wp-content\/uploads\/2025\/12\/Exped_DE-768x589.png 768w, https:\/\/orfeve.com\/wp-content\/uploads\/2025\/12\/Exped_DE-600x460.png 600w\" sizes=\"(max-width: 1228px) 100vw, 1228px\" \/><\/figure>\n\n\n\n<p>Letzte Aktualisierung: Dezember 2025<\/p>\n","protected":false},"excerpt":{"rendered":"<p>Versandkosten und Lieferzeiten Die Versandkosten und Lieferzeiten h\u00e4ngen vom Bestimmungsort, dem Gewicht und dem Volumen des Pakets ab. Sie h\u00e4ngen f\u00fcr die Schweiz und Liechtenstein von der schweizerischen Post ab. F\u00fcr Lieferungen an Adressen au\u00dferhalb der Schweiz und Liechtensteins richten sich die Versandkosten und Lieferzeiten nach den FedEx-Verteilgebieten. Der Versand erfolgt gem\u00e4\u00df den Verkaufsbedingungen Delivered [&#8230;]\n","protected":false},"author":1,"featured_media":0,"parent":0,"menu_order":0,"comment_status":"closed","ping_status":"closed","template":"","meta":{"footnotes":""},"class_list":["post-21095","page","type-page","status-publish","hentry"],"yoast_head":"<!-- This site is optimized with the Yoast SEO Premium plugin v27.3 (Yoast SEO v27.3) - https:\/\/yoast.com\/product\/yoast-seo-premium-wordpress\/ -->\n<title>Versandkosten und Lieferzeiten - ORF\u00c8VE Chocolat suisse bean-to-bar<\/title>\n<meta name=\"robots\" content=\"index, follow, max-snippet:-1, max-image-preview:large, max-video-preview:-1\" \/>\n<link rel=\"canonical\" href=\"https:\/\/orfeve.com\/de\/versandkosten-und-lieferzeiten\/\" \/>\n<meta property=\"og:locale\" content=\"de_DE\" \/>\n<meta property=\"og:type\" content=\"article\" \/>\n<meta property=\"og:title\" content=\"Versandkosten und Lieferzeiten\" \/>\n<meta property=\"og:description\" content=\"Versandkosten und Lieferzeiten Die Versandkosten und Lieferzeiten h\u00e4ngen vom Bestimmungsort, dem Gewicht und dem Volumen des Pakets ab. Sie h\u00e4ngen f\u00fcr die Schweiz und Liechtenstein von der schweizerischen Post ab. F\u00fcr Lieferungen an Adressen au\u00dferhalb der Schweiz und Liechtensteins richten sich die Versandkosten und Lieferzeiten nach den FedEx-Verteilgebieten. Der Versand erfolgt gem\u00e4\u00df den Verkaufsbedingungen Delivered [...]\" \/>\n<meta property=\"og:url\" content=\"https:\/\/orfeve.com\/de\/versandkosten-und-lieferzeiten\/\" \/>\n<meta property=\"og:site_name\" content=\"ORF\u00c8VE Chocolat suisse bean-to-bar\" \/>\n<meta property=\"article:publisher\" content=\"https:\/\/www.facebook.com\/orfevechocolat\/\" \/>\n<meta property=\"article:modified_time\" content=\"2025-12-29T12:32:40+00:00\" \/>\n<meta property=\"og:image\" content=\"https:\/\/orfeve.com\/wp-content\/uploads\/2025\/12\/Exped_DE.png\" \/>\n\t<meta property=\"og:image:width\" content=\"1228\" \/>\n\t<meta property=\"og:image:height\" content=\"942\" \/>\n\t<meta property=\"og:image:type\" content=\"image\/png\" \/>\n<meta name=\"twitter:card\" content=\"summary_large_image\" \/>\n<meta name=\"twitter:site\" content=\"@orfeve_Chocolat\" \/>\n<meta name=\"twitter:label1\" content=\"Gesch\u00e4tzte Lesezeit\" \/>\n\t<meta name=\"twitter:data1\" content=\"2\u00a0Minuten\" \/>\n<script type=\"application\/ld+json\" class=\"yoast-schema-graph\">{\"@context\":\"https:\\\/\\\/schema.org\",\"@graph\":[{\"@type\":\"WebPage\",\"@id\":\"https:\\\/\\\/orfeve.com\\\/de\\\/versandkosten-und-lieferzeiten\\\/\",\"url\":\"https:\\\/\\\/orfeve.com\\\/de\\\/versandkosten-und-lieferzeiten\\\/\",\"name\":\"Versandkosten und Lieferzeiten - ORF\u00c8VE Chocolat suisse bean-to-bar\",\"isPartOf\":{\"@id\":\"https:\\\/\\\/orfeve.com\\\/en\\\/#website\"},\"primaryImageOfPage\":{\"@id\":\"https:\\\/\\\/orfeve.com\\\/de\\\/versandkosten-und-lieferzeiten\\\/#primaryimage\"},\"image\":{\"@id\":\"https:\\\/\\\/orfeve.com\\\/de\\\/versandkosten-und-lieferzeiten\\\/#primaryimage\"},\"thumbnailUrl\":\"https:\\\/\\\/orfeve.com\\\/wp-content\\\/uploads\\\/2025\\\/12\\\/Exped_DE.png\",\"datePublished\":\"2021-09-14T11:05:47+00:00\",\"dateModified\":\"2025-12-29T12:32:40+00:00\",\"breadcrumb\":{\"@id\":\"https:\\\/\\\/orfeve.com\\\/de\\\/versandkosten-und-lieferzeiten\\\/#breadcrumb\"},\"inLanguage\":\"de\",\"potentialAction\":[{\"@type\":\"ReadAction\",\"target\":[\"https:\\\/\\\/orfeve.com\\\/de\\\/versandkosten-und-lieferzeiten\\\/\"]}]},{\"@type\":\"ImageObject\",\"inLanguage\":\"de\",\"@id\":\"https:\\\/\\\/orfeve.com\\\/de\\\/versandkosten-und-lieferzeiten\\\/#primaryimage\",\"url\":\"https:\\\/\\\/orfeve.com\\\/wp-content\\\/uploads\\\/2025\\\/12\\\/Exped_DE.png\",\"contentUrl\":\"https:\\\/\\\/orfeve.com\\\/wp-content\\\/uploads\\\/2025\\\/12\\\/Exped_DE.png\"},{\"@type\":\"BreadcrumbList\",\"@id\":\"https:\\\/\\\/orfeve.com\\\/de\\\/versandkosten-und-lieferzeiten\\\/#breadcrumb\",\"itemListElement\":[{\"@type\":\"ListItem\",\"position\":1,\"name\":\"Home\",\"item\":\"https:\\\/\\\/orfeve.com\\\/de\\\/\"},{\"@type\":\"ListItem\",\"position\":2,\"name\":\"Versandkosten und Lieferzeiten\"}]},{\"@type\":\"WebSite\",\"@id\":\"https:\\\/\\\/orfeve.com\\\/en\\\/#website\",\"url\":\"https:\\\/\\\/orfeve.com\\\/en\\\/\",\"name\":\"ORF\u00c8VE Chocolat suisse bean-to-bar\",\"description\":\"Manufacture Suisse de Cacao et Chocolat Bean to Bar\",\"publisher\":{\"@id\":\"https:\\\/\\\/orfeve.com\\\/en\\\/#organization\"},\"potentialAction\":[{\"@type\":\"SearchAction\",\"target\":{\"@type\":\"EntryPoint\",\"urlTemplate\":\"https:\\\/\\\/orfeve.com\\\/en\\\/?s={search_term_string}\"},\"query-input\":{\"@type\":\"PropertyValueSpecification\",\"valueRequired\":true,\"valueName\":\"search_term_string\"}}],\"inLanguage\":\"de\"},{\"@type\":\"Organization\",\"@id\":\"https:\\\/\\\/orfeve.com\\\/en\\\/#organization\",\"name\":\"ORF\u00c8VE\",\"url\":\"https:\\\/\\\/orfeve.com\\\/en\\\/\",\"logo\":{\"@type\":\"ImageObject\",\"inLanguage\":\"de\",\"@id\":\"https:\\\/\\\/orfeve.com\\\/en\\\/#\\\/schema\\\/logo\\\/image\\\/\",\"url\":\"https:\\\/\\\/orfeve.com\\\/wp-content\\\/uploads\\\/2021\\\/05\\\/Orfeve-Manufacture-Suisse-de-Cacao-et-Chocolat-logo.jpeg\",\"contentUrl\":\"https:\\\/\\\/orfeve.com\\\/wp-content\\\/uploads\\\/2021\\\/05\\\/Orfeve-Manufacture-Suisse-de-Cacao-et-Chocolat-logo.jpeg\",\"width\":427,\"height\":170,\"caption\":\"ORF\u00c8VE\"},\"image\":{\"@id\":\"https:\\\/\\\/orfeve.com\\\/en\\\/#\\\/schema\\\/logo\\\/image\\\/\"},\"sameAs\":[\"https:\\\/\\\/www.facebook.com\\\/orfevechocolat\\\/\",\"https:\\\/\\\/x.com\\\/orfeve_Chocolat\",\"https:\\\/\\\/www.instagram.com\\\/orfeve_chocolat\\\/\",\"https:\\\/\\\/www.linkedin.com\\\/company\\\/orfeve\\\/\"]}]}<\/script>\n<!-- \/ Yoast SEO Premium plugin. -->","yoast_head_json":{"title":"Versandkosten und Lieferzeiten - ORF\u00c8VE Chocolat suisse bean-to-bar","robots":{"index":"index","follow":"follow","max-snippet":"max-snippet:-1","max-image-preview":"max-image-preview:large","max-video-preview":"max-video-preview:-1"},"canonical":"https:\/\/orfeve.com\/de\/versandkosten-und-lieferzeiten\/","og_locale":"de_DE","og_type":"article","og_title":"Versandkosten und Lieferzeiten","og_description":"Versandkosten und Lieferzeiten Die Versandkosten und Lieferzeiten h\u00e4ngen vom Bestimmungsort, dem Gewicht und dem Volumen des Pakets ab. Sie h\u00e4ngen f\u00fcr die Schweiz und Liechtenstein von der schweizerischen Post ab. F\u00fcr Lieferungen an Adressen au\u00dferhalb der Schweiz und Liechtensteins richten sich die Versandkosten und Lieferzeiten nach den FedEx-Verteilgebieten. Der Versand erfolgt gem\u00e4\u00df den Verkaufsbedingungen Delivered [...]","og_url":"https:\/\/orfeve.com\/de\/versandkosten-und-lieferzeiten\/","og_site_name":"ORF\u00c8VE Chocolat suisse bean-to-bar","article_publisher":"https:\/\/www.facebook.com\/orfevechocolat\/","article_modified_time":"2025-12-29T12:32:40+00:00","og_image":[{"width":1228,"height":942,"url":"https:\/\/orfeve.com\/wp-content\/uploads\/2025\/12\/Exped_DE.png","type":"image\/png"}],"twitter_card":"summary_large_image","twitter_site":"@orfeve_Chocolat","twitter_misc":{"Gesch\u00e4tzte Lesezeit":"2\u00a0Minuten"},"schema":{"@context":"https:\/\/schema.org","@graph":[{"@type":"WebPage","@id":"https:\/\/orfeve.com\/de\/versandkosten-und-lieferzeiten\/","url":"https:\/\/orfeve.com\/de\/versandkosten-und-lieferzeiten\/","name":"Versandkosten und Lieferzeiten - ORF\u00c8VE Chocolat suisse bean-to-bar","isPartOf":{"@id":"https:\/\/orfeve.com\/en\/#website"},"primaryImageOfPage":{"@id":"https:\/\/orfeve.com\/de\/versandkosten-und-lieferzeiten\/#primaryimage"},"image":{"@id":"https:\/\/orfeve.com\/de\/versandkosten-und-lieferzeiten\/#primaryimage"},"thumbnailUrl":"https:\/\/orfeve.com\/wp-content\/uploads\/2025\/12\/Exped_DE.png","datePublished":"2021-09-14T11:05:47+00:00","dateModified":"2025-12-29T12:32:40+00:00","breadcrumb":{"@id":"https:\/\/orfeve.com\/de\/versandkosten-und-lieferzeiten\/#breadcrumb"},"inLanguage":"de","potentialAction":[{"@type":"ReadAction","target":["https:\/\/orfeve.com\/de\/versandkosten-und-lieferzeiten\/"]}]},{"@type":"ImageObject","inLanguage":"de","@id":"https:\/\/orfeve.com\/de\/versandkosten-und-lieferzeiten\/#primaryimage","url":"https:\/\/orfeve.com\/wp-content\/uploads\/2025\/12\/Exped_DE.png","contentUrl":"https:\/\/orfeve.com\/wp-content\/uploads\/2025\/12\/Exped_DE.png"},{"@type":"BreadcrumbList","@id":"https:\/\/orfeve.com\/de\/versandkosten-und-lieferzeiten\/#breadcrumb","itemListElement":[{"@type":"ListItem","position":1,"name":"Home","item":"https:\/\/orfeve.com\/de\/"},{"@type":"ListItem","position":2,"name":"Versandkosten und Lieferzeiten"}]},{"@type":"WebSite","@id":"https:\/\/orfeve.com\/en\/#website","url":"https:\/\/orfeve.com\/en\/","name":"ORF\u00c8VE Chocolat suisse bean-to-bar","description":"Manufacture Suisse de Cacao et Chocolat Bean to Bar","publisher":{"@id":"https:\/\/orfeve.com\/en\/#organization"},"potentialAction":[{"@type":"SearchAction","target":{"@type":"EntryPoint","urlTemplate":"https:\/\/orfeve.com\/en\/?s={search_term_string}"},"query-input":{"@type":"PropertyValueSpecification","valueRequired":true,"valueName":"search_term_string"}}],"inLanguage":"de"},{"@type":"Organization","@id":"https:\/\/orfeve.com\/en\/#organization","name":"ORF\u00c8VE","url":"https:\/\/orfeve.com\/en\/","logo":{"@type":"ImageObject","inLanguage":"de","@id":"https:\/\/orfeve.com\/en\/#\/schema\/logo\/image\/","url":"https:\/\/orfeve.com\/wp-content\/uploads\/2021\/05\/Orfeve-Manufacture-Suisse-de-Cacao-et-Chocolat-logo.jpeg","contentUrl":"https:\/\/orfeve.com\/wp-content\/uploads\/2021\/05\/Orfeve-Manufacture-Suisse-de-Cacao-et-Chocolat-logo.jpeg","width":427,"height":170,"caption":"ORF\u00c8VE"},"image":{"@id":"https:\/\/orfeve.com\/en\/#\/schema\/logo\/image\/"},"sameAs":["https:\/\/www.facebook.com\/orfevechocolat\/","https:\/\/x.com\/orfeve_Chocolat","https:\/\/www.instagram.com\/orfeve_chocolat\/","https:\/\/www.linkedin.com\/company\/orfeve\/"]}]}},"_links":{"self":[{"href":"https:\/\/orfeve.com\/de\/wp-json\/wp\/v2\/pages\/21095","targetHints":{"allow":["GET"]}}],"collection":[{"href":"https:\/\/orfeve.com\/de\/wp-json\/wp\/v2\/pages"}],"about":[{"href":"https:\/\/orfeve.com\/de\/wp-json\/wp\/v2\/types\/page"}],"author":[{"embeddable":true,"href":"https:\/\/orfeve.com\/de\/wp-json\/wp\/v2\/users\/1"}],"replies":[{"embeddable":true,"href":"https:\/\/orfeve.com\/de\/wp-json\/wp\/v2\/comments?post=21095"}],"version-history":[{"count":0,"href":"https:\/\/orfeve.com\/de\/wp-json\/wp\/v2\/pages\/21095\/revisions"}],"wp:attachment":[{"href":"https:\/\/orfeve.com\/de\/wp-json\/wp\/v2\/media?parent=21095"}],"curies":[{"name":"wp","href":"https:\/\/api.w.org\/{rel}","templated":true}]}}