{"id":21102,"date":"2021-09-14T13:20:41","date_gmt":"2021-09-14T11:20:41","guid":{"rendered":"https:\/\/orfeve.com\/nutzungsbedingungen\/"},"modified":"2021-09-14T13:20:44","modified_gmt":"2021-09-14T11:20:44","slug":"nutzungsbedingungen","status":"publish","type":"page","link":"https:\/\/orfeve.com\/de\/nutzungsbedingungen\/","title":{"rendered":"Nutzungsbedingungen"},"content":{"rendered":"\n<h2 class=\"wp-block-heading\" id=\"mce_4\"><strong>Nutzungsbedingungen<\/strong><\/h2>\n\n<p>Die Website www.orfeve.com (nachstehend \u201eWebsite\u201c) wird von ORF\u00c8VE bearbeitet und ver\u00f6ffentlicht. Weitere Informationen \u00fcber unser Unternehmen finden Sie in unserem <a href=\"https:\/\/orfeve.com\/de\/impressum\/\" target=\"_blank\" rel=\"noreferrer noopener\">Impressum<\/a>.<\/p>\n\n<h3 class=\"wp-block-heading\" id=\"mce_4\"><strong>1. NUTZUNG UND ZUGANG<\/strong><\/h3>\n\n<p>Der Zugang zu unserer Website und ihre Nutzung unterliegen allen geltenden Gesetzen und den folgenden Bedingungen:<\/p>\n\n<ul class=\"wp-block-list\"><li><a rel=\"noreferrer noopener\" href=\"https:\/\/orfeve.com\/de\/impressum\/\" target=\"_blank\">Impressum <\/a>;<\/li><li><a rel=\"noreferrer noopener\" href=\"https:\/\/orfeve.com\/de\/nutzungsbedingungen\/\" target=\"_blank\">Nutzungsbedingungen <\/a>;<\/li><li><a rel=\"noreferrer noopener\" href=\"https:\/\/orfeve.com\/de\/datenschutzerklaerung\/\" target=\"_blank\">Datenschutzerkl\u00e4rung <\/a>;<\/li><li><a rel=\"noreferrer noopener\" href=\"https:\/\/orfeve.com\/politique-gestion-cookies\/\" target=\"_blank\">Hinweise zur Verwaltung von Cookies <\/a>;<\/li><\/ul>\n<p>Bitte lesen Sie alle diese Nutzungsbedingungen sorgf\u00e4ltig durch, bevor Sie unsere Website nutzen.<\/p>\n\n<p>Durch die Nutzung und das Surfen auf unserer Website erkl\u00e4ren Sie Ihr Einverst\u00e4ndnis und Ihre Zustimmung zu allen diesen Bedingungen. Wenn Sie mit diesen Bedingungen nicht einverstanden sind, d\u00fcrfen Sie die Website nicht weiter nutzen.<\/p>\n\n<p>Wenn Sie unsere Produkte und Dienstleistungen per E-Mail oder \u00fcber unsere Website bestellen, m\u00fcssen Sie auch die geltenden <a href=\"https:\/\/orfeve.com\/de\/allgemeine-geschaeftsbedingungen\/\" target=\"_blank\" rel=\"noreferrer noopener\">Allgemeine Gesch\u00e4ftsbedingungen<\/a> lesen und akzeptieren, die die Bedingungen f\u00fcr alle Bestellungen von Produkten und Dienstleistungen regeln.<\/p>\n\n<h3 class=\"wp-block-heading\" id=\"mce_4\"><strong>2. GEISTIGES EIGENTUM<\/strong><\/h3>\n\n<p>ORF\u00c8VE ist Eigent\u00fcmer dieser Website und allein berechtigt, die mit ihr verbundenen geistigen Eigentumsrechte zu nutzen und zu verwerten, insbesondere Marken, Geschmacksmuster, Urheberrechte und alle anderen geistigen Eigentumsrechte.<\/p>\n\n<p>Die Nutzung der gesamten oder eines Teils dieser Website, insbesondere durch Herunterladen, Vervielf\u00e4ltigung, \u00dcbertragung oder Darstellung, ist ohne unsere ausdr\u00fcckliche, schriftliche und vorherige Genehmigung strengstens untersagt.<\/p>\n\n<h3 class=\"wp-block-heading\" id=\"mce_4\"><strong>3. IHR BENUTZERKONTO<\/strong><\/h3>\n\n<p>Um bestimmte Funktionen unserer Website nutzen zu k\u00f6nnen, m\u00fcssen Sie ein Konto einrichten. Die Anmeldung wird von ORF\u00c8VE validiert und eine Anmeldebest\u00e4tigung wird Ihnen zugesandt.<\/p>\n\n<p>Sie sind f\u00fcr die Geheimhaltung Ihrer Kontoregistrierungsdaten und aller Aktivit\u00e4ten (einschlie\u00dflich gesch\u00e4ftlicher Transaktionen), die \u00fcber Ihr Konto abgewickelt werden, verantwortlich. Sie d\u00fcrfen den Zugang zu Ihrem Konto nicht anderen Personen \u00fcbertragen oder verkaufen.<\/p>\n\n<p>Bei der Angabe Ihrer Daten w\u00e4hrend der Registrierung k\u00f6nnen Sie Ihre Einwilligung zum Erhalt von E-Mail-Mitteilungen, einschlie\u00dflich administrativer und Marketingmitteilungen, geben (standardm\u00e4\u00dfig Opt-in).<\/p>\n\n<p>Sie k\u00f6nnen Ihre Zustimmung jederzeit \u00fcber Ihr Konto auf der Website einsehen und \u00e4ndern und haben auch stets die M\u00f6glichkeit, sich \u00fcber einen Link in der Fu\u00dfzeile aller von ORF\u00c8VE gesendeten nicht transaktionsbezogenen E-Mails abzumelden. Sie k\u00f6nnen uns auch eine E-Mail an <a href=\"mailto:info@orfeve.com\">info@orfeve.com<\/a> schicken.<\/p>\n\n<p>Einige Mitteilungen (z. B. wichtige Kontoinformationen, Rechnungen usw.) gelten als transaktionsbezogen und ihre Versendung ist f\u00fcr alle Kunden erforderlich.<\/p>\n\n<h3 class=\"wp-block-heading\" id=\"mce_4\"><strong>4. KOMMENTARE UND ANFRAGEN<\/strong><\/h3>\n\n<p>Wir sammeln Ihr Feedback zu unseren Produkten und Dienstleistungen \u00fcber unsere Website sowie \u00fcber soziale Netzwerke (<a href=\"https:\/\/www.instagram.com\/orfeve_chocolat\/\" target=\"_blank\" rel=\"noreferrer noopener\">Instagram<\/a>, <a href=\"https:\/\/www.facebook.com\/orfevechocolat\/\" target=\"_blank\" rel=\"noreferrer noopener\">Facebook<\/a>).<\/p>\n\n<p>Ihre Kommentare sollten ehrlich und konstruktiv sein. Dar\u00fcber hinaus behalten wir uns das Recht vor, Ihre Kommentare zu bearbeiten (L\u00e4nge, Rechtschreibung usw.) und sie in unseren Marketing- oder Kommunikationsinstrumenten wiederzuverwenden und anzuzeigen.<\/p>\n\n<h3 class=\"wp-block-heading\" id=\"mce_4\"><strong>5. SCHUTZ PERSONENBEZOGENER DATEN UND COOKIES<\/strong><\/h3>\n\n<p>Um mehr \u00fcber unsere Datenschutzpolitik zu erfahren, lesen Sie bitte die folgenden Seiten: <a href=\"https:\/\/orfeve.com\/de\/datenschutzerklaerung\/\" target=\"_blank\" rel=\"noreferrer noopener\">Datenschutzerkl\u00e4rung<\/a>und <a href=\"https:\/\/orfeve.com\/politique-gestion-cookies\/\" target=\"_blank\" rel=\"noreferrer noopener\">Hinweise zur Verwaltung von Cookies<\/a>.<\/p>\n\n<h3 class=\"wp-block-heading\" id=\"mce_4\"><strong>6. HAFTUNGSAUSSCHLUSS<\/strong><\/h3>\n\n<p>Wir bem\u00fchen uns sicherzustellen, dass die Informationen auf unserer Website stets korrekt und aktuell sind. ORF\u00c8VE \u00fcbernimmt keine Garantie f\u00fcr die Richtigkeit, Aktualit\u00e4t, Vollst\u00e4ndigkeit, Zuverl\u00e4ssigkeit oder Verf\u00fcgbarkeit der Website oder der Informationen oder Ergebnisse, die sich aus der Nutzung der Website ergeben, und garantiert auch nicht, dass die Website frei von Viren oder Fehlern ist.<\/p>\n\n<p>Vorbehaltlich zwingender gesetzlicher Bestimmungen haften ORF\u00c8VE, seine Mitarbeiter oder Vertreter in keinem Fall f\u00fcr direkte oder indirekte Sch\u00e4den, Kosten, Verluste, Anspr\u00fcche oder Ausgaben, die sich aus der Nutzung dieser Website ergeben oder damit zusammenh\u00e4ngen, einschlie\u00dflich Fahrl\u00e4ssigkeit.<\/p>\n\n<h3 class=\"wp-block-heading\" id=\"mce_4\"><strong>7. LINKS<\/strong><\/h3>\n\n<p>Unsere Website kann Links zu anderen Websites enthalten, die von Dritten betrieben und von ORF\u00c8VE zu Ihrer Information bereitgestellt werden. ORF\u00c8VE nimmt keine umfassende \u00dcberpr\u00fcfung dieser Websites vor und lehnt jede ausdr\u00fcckliche oder stillschweigende Garantie f\u00fcr die Richtigkeit, G\u00fcltigkeit, Eignung, Rechtm\u00e4\u00dfigkeit oder andere Eigenschaften der Materialien oder Informationen auf diesen Websites ab. Wenn Sie sich f\u00fcr den Zugriff auf diese Websites entscheiden, tun Sie dies auf eigenes Risiko und werden aufgefordert, die Bedingungen und Richtlinien dieser Websites zu \u00fcberpr\u00fcfen.<\/p>\n\n<h3 class=\"wp-block-heading\" id=\"mce_4\"><strong>8. BEENDIGUNG UND AUSSETZUNG<\/strong><\/h3>\n\n<p>Sie nehmen zur Kenntnis und erkl\u00e4ren sich damit einverstanden, dass wir nach eigenem Ermessen Ihre Nutzung oder Ihren Zugriff auf die Website, Ihr Konto und die auf der Website angebotenen Dienste aussetzen oder beenden und alle damit verbundenen Inhalte aus beliebigen Gr\u00fcnden entfernen k\u00f6nnen, unter anderem, wenn wir berechtigterweise davon ausgehen, dass Sie die Bedingungen unserer Website verletzt haben. Sie erkl\u00e4ren sich au\u00dferdem damit einverstanden, dass ORF\u00c8VE weder Ihnen noch Dritten gegen\u00fcber f\u00fcr eine solche Aussetzung oder Beendigung haftet.<\/p>\n\n<h3 class=\"wp-block-heading\" id=\"mce_4\"><strong>9. TEILNICHTIGKEIT<\/strong><\/h3>\n\n<p>Jede Bestimmung dieser Nutzungsbedingungen, die ganz oder teilweise im Widerspruch zu zwingendem schweizerischen Recht steht, ist abtrennbar, und die vollst\u00e4ndige oder teilweise Ung\u00fcltigkeit einer solchen Bestimmung ber\u00fchrt nicht die G\u00fcltigkeit der restlichen Bestimmung oder der \u00fcbrigen Bestimmungen dieser Nutzungsbedingungen.<\/p>\n\n<h3 class=\"wp-block-heading\" id=\"mce_4\"><strong>10. ANWENDBARES RECHT UND GERICHTSSTAND<\/strong><\/h3>\n\n<p>Diese Nutzungsbedingungen werden auf der Website in Franz\u00f6sisch, Englisch und Deutsch pr\u00e4sentiert. Im Falle einer Abweichung zwischen der franz\u00f6sischen und der englischen oder deutschen Fassung ist die franz\u00f6sische Fassung ma\u00dfgebend.<\/p>\n\n<p>Diese Nutzungsbedingungen unterliegen schweizerischem Recht unter Ausschluss des Kollisionsrechts.<\/p>\n\n<p>Im Falle eines Rechtsstreits bez\u00fcglich der Auslegung, Durchf\u00fchrung oder Beendigung dieser Nutzungsbedingungen bitten wir Sie, sich zun\u00e4chst mit uns in Verbindung zu setzen, um zu versuchen, den Streitfall g\u00fctlich beizulegen.<\/p>\n\n<p>ORF\u00c8VE informiert den Kunden auch dar\u00fcber, dass alternative Streitbeilegungsmethoden wie die Mediation zur Verf\u00fcgung stehen. Kunden mit Sitz in der EU k\u00f6nnen sich insbesondere an die Plattform f\u00fcr au\u00dfergerichtliche Streitbeilegung der Europ\u00e4ischen Kommission wenden, die unter <a href=\"http:\/\/ec.europa.eu\/consumers\/odr\/\">http:\/\/ec.europa.eu\/consumers\/odr\/<\/a> zu finden ist.<\/p>\n\n<p>Falls keine g\u00fctliche Beilegung des Streits m\u00f6glich ist, erkl\u00e4ren Sie sich damit einverstanden, dass der Rechtsstreit an den Gerichten des Kantons Genf (SCHWEIZ) verhandelt wird, eine Anrufung des Bundesgerichts ist dabei vorbehalten.<\/p>\n\n<p>Die Bestimmungen dieses Artikels berauben den Verbraucher nicht seines Rechts, in seinem Wohnsitz- oder Aufenthaltsland den Rechtsweg zu beschreiten oder sich im Falle eines Rechtsstreits zu verteidigen, und auch nicht seines Rechts auf Verbraucherschutzma\u00dfnahmen nach dem in seinem Wohnsitzland geltenden Recht.<\/p>\n\n<h3 class=\"wp-block-heading\" id=\"mce_4\"><strong>11. \u00c4NDERUNGEN<\/strong><\/h3>\n\n<p>ORF\u00c8VE beh\u00e4lt sich das Recht vor, jederzeit und ohne Vorank\u00fcndigung \u00c4nderungen, \u00dcberarbeitungen, Korrekturen und\/oder Verbesserungen am Inhalt der Website, einschlie\u00dflich aller f\u00fcr die Website geltenden Bedingungen sowie der vorliegenden Nutzungsbedingungen vorzunehmen, \u00fcbernimmt jedoch keine Verantwortung daf\u00fcr.<\/p>\n\n<p>Sie erkl\u00e4ren sich mit allen \u00c4nderungen der Nutzungsbedingungen einverstanden, und wir empfehlen Ihnen, diese Seite und die damit verbundenen Seiten regelm\u00e4\u00dfig zu besuchen, um die Bedingungen zu \u00fcberpr\u00fcfen, die f\u00fcr Ihre Nutzung der Website und unserer Dienste gelten.<\/p>\n\n<h3 class=\"wp-block-heading\" id=\"mce_4\"><strong>12. KONTAKT<\/strong><\/h3>\n\n<p>Wenn Sie Fragen zu diesen Nutzungsbedingungen haben, wenden Sie sich bitte an uns:<br\/>&#8211; Telefon: <a href=\"tel:+41%2022%20830%2023%2023\">+41 22 830 23 23<\/a><br\/>&#8211; E-Mail : <a href=\"mailto:info@orfeve.com\">info@orfeve.com<\/a><\/p>\n\n<p>Letzte Aktualisierung: August 2019<\/p>\n","protected":false},"excerpt":{"rendered":"<p>Nutzungsbedingungen Die Website www.orfeve.com (nachstehend \u201eWebsite\u201c) wird von ORF\u00c8VE bearbeitet und ver\u00f6ffentlicht. Weitere Informationen \u00fcber unser Unternehmen finden Sie in unserem Impressum. 1. NUTZUNG UND ZUGANG Der Zugang zu unserer Website und ihre Nutzung unterliegen allen geltenden Gesetzen und den folgenden Bedingungen: Impressum ; Nutzungsbedingungen ; Datenschutzerkl\u00e4rung ; Hinweise zur Verwaltung von Cookies ; Bitte [&#8230;]\n","protected":false},"author":1,"featured_media":0,"parent":0,"menu_order":0,"comment_status":"closed","ping_status":"closed","template":"","meta":{"footnotes":""},"class_list":["post-21102","page","type-page","status-publish","hentry"],"yoast_head":"<!-- This site is optimized with the Yoast SEO Premium plugin v27.4 (Yoast SEO v27.4) - https:\/\/yoast.com\/product\/yoast-seo-premium-wordpress\/ -->\n<title>Nutzungsbedingungen - ORF\u00c8VE Chocolat suisse bean-to-bar<\/title>\n<meta name=\"robots\" content=\"index, follow, max-snippet:-1, max-image-preview:large, max-video-preview:-1\" \/>\n<link rel=\"canonical\" href=\"https:\/\/orfeve.com\/de\/nutzungsbedingungen\/\" \/>\n<meta property=\"og:locale\" content=\"de_DE\" \/>\n<meta property=\"og:type\" content=\"article\" \/>\n<meta property=\"og:title\" content=\"Nutzungsbedingungen\" \/>\n<meta property=\"og:description\" content=\"Nutzungsbedingungen Die Website www.orfeve.com (nachstehend \u201eWebsite\u201c) wird von ORF\u00c8VE bearbeitet und ver\u00f6ffentlicht. Weitere Informationen \u00fcber unser Unternehmen finden Sie in unserem Impressum. 1. NUTZUNG UND ZUGANG Der Zugang zu unserer Website und ihre Nutzung unterliegen allen geltenden Gesetzen und den folgenden Bedingungen: Impressum ; Nutzungsbedingungen ; Datenschutzerkl\u00e4rung ; Hinweise zur Verwaltung von Cookies ; Bitte [...]\" \/>\n<meta property=\"og:url\" content=\"https:\/\/orfeve.com\/de\/nutzungsbedingungen\/\" \/>\n<meta property=\"og:site_name\" content=\"ORF\u00c8VE Chocolat suisse bean-to-bar\" \/>\n<meta property=\"article:publisher\" content=\"https:\/\/www.facebook.com\/orfevechocolat\/\" \/>\n<meta property=\"article:modified_time\" content=\"2021-09-14T11:20:44+00:00\" \/>\n<meta name=\"twitter:card\" content=\"summary_large_image\" \/>\n<meta name=\"twitter:site\" content=\"@orfeve_Chocolat\" \/>\n<meta name=\"twitter:label1\" content=\"Gesch\u00e4tzte Lesezeit\" \/>\n\t<meta name=\"twitter:data1\" content=\"6\u00a0Minuten\" \/>\n<script type=\"application\/ld+json\" class=\"yoast-schema-graph\">{\"@context\":\"https:\\\/\\\/schema.org\",\"@graph\":[{\"@type\":\"WebPage\",\"@id\":\"https:\\\/\\\/orfeve.com\\\/de\\\/nutzungsbedingungen\\\/\",\"url\":\"https:\\\/\\\/orfeve.com\\\/de\\\/nutzungsbedingungen\\\/\",\"name\":\"Nutzungsbedingungen - ORF\u00c8VE Chocolat suisse bean-to-bar\",\"isPartOf\":{\"@id\":\"https:\\\/\\\/orfeve.com\\\/en\\\/#website\"},\"datePublished\":\"2021-09-14T11:20:41+00:00\",\"dateModified\":\"2021-09-14T11:20:44+00:00\",\"breadcrumb\":{\"@id\":\"https:\\\/\\\/orfeve.com\\\/de\\\/nutzungsbedingungen\\\/#breadcrumb\"},\"inLanguage\":\"de\",\"potentialAction\":[{\"@type\":\"ReadAction\",\"target\":[\"https:\\\/\\\/orfeve.com\\\/de\\\/nutzungsbedingungen\\\/\"]}]},{\"@type\":\"BreadcrumbList\",\"@id\":\"https:\\\/\\\/orfeve.com\\\/de\\\/nutzungsbedingungen\\\/#breadcrumb\",\"itemListElement\":[{\"@type\":\"ListItem\",\"position\":1,\"name\":\"Home\",\"item\":\"https:\\\/\\\/orfeve.com\\\/de\\\/\"},{\"@type\":\"ListItem\",\"position\":2,\"name\":\"Nutzungsbedingungen\"}]},{\"@type\":\"WebSite\",\"@id\":\"https:\\\/\\\/orfeve.com\\\/en\\\/#website\",\"url\":\"https:\\\/\\\/orfeve.com\\\/en\\\/\",\"name\":\"ORF\u00c8VE Chocolat suisse bean-to-bar\",\"description\":\"Manufacture Suisse de Cacao et Chocolat Bean to Bar\",\"publisher\":{\"@id\":\"https:\\\/\\\/orfeve.com\\\/en\\\/#organization\"},\"potentialAction\":[{\"@type\":\"SearchAction\",\"target\":{\"@type\":\"EntryPoint\",\"urlTemplate\":\"https:\\\/\\\/orfeve.com\\\/en\\\/?s={search_term_string}\"},\"query-input\":{\"@type\":\"PropertyValueSpecification\",\"valueRequired\":true,\"valueName\":\"search_term_string\"}}],\"inLanguage\":\"de\"},{\"@type\":\"Organization\",\"@id\":\"https:\\\/\\\/orfeve.com\\\/en\\\/#organization\",\"name\":\"ORF\u00c8VE\",\"url\":\"https:\\\/\\\/orfeve.com\\\/en\\\/\",\"logo\":{\"@type\":\"ImageObject\",\"inLanguage\":\"de\",\"@id\":\"https:\\\/\\\/orfeve.com\\\/en\\\/#\\\/schema\\\/logo\\\/image\\\/\",\"url\":\"https:\\\/\\\/orfeve.com\\\/wp-content\\\/uploads\\\/2021\\\/05\\\/Orfeve-Manufacture-Suisse-de-Cacao-et-Chocolat-logo.jpeg\",\"contentUrl\":\"https:\\\/\\\/orfeve.com\\\/wp-content\\\/uploads\\\/2021\\\/05\\\/Orfeve-Manufacture-Suisse-de-Cacao-et-Chocolat-logo.jpeg\",\"width\":427,\"height\":170,\"caption\":\"ORF\u00c8VE\"},\"image\":{\"@id\":\"https:\\\/\\\/orfeve.com\\\/en\\\/#\\\/schema\\\/logo\\\/image\\\/\"},\"sameAs\":[\"https:\\\/\\\/www.facebook.com\\\/orfevechocolat\\\/\",\"https:\\\/\\\/x.com\\\/orfeve_Chocolat\",\"https:\\\/\\\/www.instagram.com\\\/orfeve_chocolat\\\/\",\"https:\\\/\\\/www.linkedin.com\\\/company\\\/orfeve\\\/\"]}]}<\/script>\n<!-- \/ Yoast SEO Premium plugin. -->","yoast_head_json":{"title":"Nutzungsbedingungen - ORF\u00c8VE Chocolat suisse bean-to-bar","robots":{"index":"index","follow":"follow","max-snippet":"max-snippet:-1","max-image-preview":"max-image-preview:large","max-video-preview":"max-video-preview:-1"},"canonical":"https:\/\/orfeve.com\/de\/nutzungsbedingungen\/","og_locale":"de_DE","og_type":"article","og_title":"Nutzungsbedingungen","og_description":"Nutzungsbedingungen Die Website www.orfeve.com (nachstehend \u201eWebsite\u201c) wird von ORF\u00c8VE bearbeitet und ver\u00f6ffentlicht. Weitere Informationen \u00fcber unser Unternehmen finden Sie in unserem Impressum. 1. NUTZUNG UND ZUGANG Der Zugang zu unserer Website und ihre Nutzung unterliegen allen geltenden Gesetzen und den folgenden Bedingungen: Impressum ; Nutzungsbedingungen ; Datenschutzerkl\u00e4rung ; Hinweise zur Verwaltung von Cookies ; Bitte [...]","og_url":"https:\/\/orfeve.com\/de\/nutzungsbedingungen\/","og_site_name":"ORF\u00c8VE Chocolat suisse bean-to-bar","article_publisher":"https:\/\/www.facebook.com\/orfevechocolat\/","article_modified_time":"2021-09-14T11:20:44+00:00","twitter_card":"summary_large_image","twitter_site":"@orfeve_Chocolat","twitter_misc":{"Gesch\u00e4tzte Lesezeit":"6\u00a0Minuten"},"schema":{"@context":"https:\/\/schema.org","@graph":[{"@type":"WebPage","@id":"https:\/\/orfeve.com\/de\/nutzungsbedingungen\/","url":"https:\/\/orfeve.com\/de\/nutzungsbedingungen\/","name":"Nutzungsbedingungen - ORF\u00c8VE Chocolat suisse bean-to-bar","isPartOf":{"@id":"https:\/\/orfeve.com\/en\/#website"},"datePublished":"2021-09-14T11:20:41+00:00","dateModified":"2021-09-14T11:20:44+00:00","breadcrumb":{"@id":"https:\/\/orfeve.com\/de\/nutzungsbedingungen\/#breadcrumb"},"inLanguage":"de","potentialAction":[{"@type":"ReadAction","target":["https:\/\/orfeve.com\/de\/nutzungsbedingungen\/"]}]},{"@type":"BreadcrumbList","@id":"https:\/\/orfeve.com\/de\/nutzungsbedingungen\/#breadcrumb","itemListElement":[{"@type":"ListItem","position":1,"name":"Home","item":"https:\/\/orfeve.com\/de\/"},{"@type":"ListItem","position":2,"name":"Nutzungsbedingungen"}]},{"@type":"WebSite","@id":"https:\/\/orfeve.com\/en\/#website","url":"https:\/\/orfeve.com\/en\/","name":"ORF\u00c8VE Chocolat suisse bean-to-bar","description":"Manufacture Suisse de Cacao et Chocolat Bean to Bar","publisher":{"@id":"https:\/\/orfeve.com\/en\/#organization"},"potentialAction":[{"@type":"SearchAction","target":{"@type":"EntryPoint","urlTemplate":"https:\/\/orfeve.com\/en\/?s={search_term_string}"},"query-input":{"@type":"PropertyValueSpecification","valueRequired":true,"valueName":"search_term_string"}}],"inLanguage":"de"},{"@type":"Organization","@id":"https:\/\/orfeve.com\/en\/#organization","name":"ORF\u00c8VE","url":"https:\/\/orfeve.com\/en\/","logo":{"@type":"ImageObject","inLanguage":"de","@id":"https:\/\/orfeve.com\/en\/#\/schema\/logo\/image\/","url":"https:\/\/orfeve.com\/wp-content\/uploads\/2021\/05\/Orfeve-Manufacture-Suisse-de-Cacao-et-Chocolat-logo.jpeg","contentUrl":"https:\/\/orfeve.com\/wp-content\/uploads\/2021\/05\/Orfeve-Manufacture-Suisse-de-Cacao-et-Chocolat-logo.jpeg","width":427,"height":170,"caption":"ORF\u00c8VE"},"image":{"@id":"https:\/\/orfeve.com\/en\/#\/schema\/logo\/image\/"},"sameAs":["https:\/\/www.facebook.com\/orfevechocolat\/","https:\/\/x.com\/orfeve_Chocolat","https:\/\/www.instagram.com\/orfeve_chocolat\/","https:\/\/www.linkedin.com\/company\/orfeve\/"]}]}},"_links":{"self":[{"href":"https:\/\/orfeve.com\/de\/wp-json\/wp\/v2\/pages\/21102","targetHints":{"allow":["GET"]}}],"collection":[{"href":"https:\/\/orfeve.com\/de\/wp-json\/wp\/v2\/pages"}],"about":[{"href":"https:\/\/orfeve.com\/de\/wp-json\/wp\/v2\/types\/page"}],"author":[{"embeddable":true,"href":"https:\/\/orfeve.com\/de\/wp-json\/wp\/v2\/users\/1"}],"replies":[{"embeddable":true,"href":"https:\/\/orfeve.com\/de\/wp-json\/wp\/v2\/comments?post=21102"}],"version-history":[{"count":0,"href":"https:\/\/orfeve.com\/de\/wp-json\/wp\/v2\/pages\/21102\/revisions"}],"wp:attachment":[{"href":"https:\/\/orfeve.com\/de\/wp-json\/wp\/v2\/media?parent=21102"}],"curies":[{"name":"wp","href":"https:\/\/api.w.org\/{rel}","templated":true}]}}