{"id":21105,"date":"2021-09-14T13:29:06","date_gmt":"2021-09-14T11:29:06","guid":{"rendered":"https:\/\/orfeve.com\/hinweise-zur-verwaltung-von-cookies\/"},"modified":"2021-09-14T13:29:07","modified_gmt":"2021-09-14T11:29:07","slug":"hinweise-zur-verwaltung-von-cookies","status":"publish","type":"page","link":"https:\/\/orfeve.com\/de\/hinweise-zur-verwaltung-von-cookies\/","title":{"rendered":"Hinweise zur Verwaltung von Cookies"},"content":{"rendered":"\n<h2 class=\"wp-block-heading\" id=\"mce_4\"><strong>Hinweise zur Verwaltung von Cookies<\/strong><\/h2>\n\n<p>Die Website www.orfeve.com (nachstehend \u201eWebsite\u201c) wird von ORF\u00c8VE bearbeitet und ver\u00f6ffentlicht. Weitere Informationen \u00fcber unser Unternehmen und andere Bedingungen, die den Zugang zu unserer Website und unseren Dienstleistungen regeln, finden Sie in unseren <a href=\"https:\/\/orfeve.com\/de\/impressum\/\" target=\"_blank\" rel=\"noreferrer noopener\">rechtlichen Hinweisen<\/a>:<\/p>\n\n<ul class=\"wp-block-list\"><li><a rel=\"noreferrer noopener\" href=\"https:\/\/orfeve.com\/de\/impressum\/\" target=\"_blank\">Impressum <\/a>;<\/li><li><a rel=\"noreferrer noopener\" href=\"https:\/\/orfeve.com\/de\/nutzungsbedingungen\/\" target=\"_blank\">Nutzungsbedingungen <\/a>;<\/li><li><a rel=\"noreferrer noopener\" href=\"https:\/\/orfeve.com\/de\/datenschutzerklaerung\/\" target=\"_blank\">Datenschutzerkl\u00e4rung <\/a>;<\/li><li><a rel=\"noreferrer noopener\" href=\"https:\/\/orfeve.com\/de\/hinweise-zur-verwaltung-von-cookies\/\" target=\"_blank\">Hinweise zur Verwaltung von Cookies <\/a>;<\/li><\/ul>\n<p>Durch die Nutzung unserer Website erkl\u00e4ren Sie Ihr Einverst\u00e4ndnis und Ihre Zustimmung zu allen diesen Bedingungen. Wenn Sie diesen Bedingungen nicht zustimmen, ist es Ihnen nicht gestattet, die Website und unsere Dienste weiter zu nutzen.<\/p>\n\n<p>Wenn Sie unsere Produkte und Dienstleistungen per E-Mail oder \u00fcber unsere Website bestellen, m\u00fcssen Sie auch die geltenden <a href=\"https:\/\/orfeve.com\/de\/allgemeine-geschaeftsbedingungen\/\" target=\"_blank\" rel=\"noreferrer noopener\">Allgemeine Gesch\u00e4ftsbedingungen<\/a> lesen und akzeptieren, die die Bedingungen f\u00fcr alle Bestellungen von Produkten und Dienstleistungen regeln.<\/p>\n\n<h3 class=\"wp-block-heading\" id=\"mce_4\"><strong>1. DEFINITION<\/strong><\/h3>\n\n<p>Cookies sind kleine Textdateien, die von den Websites, die Sie besuchen, auf Ihrem Computer abgelegt werden, um Informationen \u00fcber Ihr Surfverhalten auf unserer Website zu sammeln.<\/p>\n\n<p>Wir verwenden den Begriff \u201eCookie\u201c f\u00fcr jede Technologie, die Informationen von Ihrem Ger\u00e4t sammelt, insbesondere \u00fcber Ihre Nutzung unserer Websites, Ger\u00e4teidentifikation, IP-Adresse und Browsertyp, demographische Daten oder die URL der Seite, von der Sie gekommen sind.<\/p>\n\n<p>Wir k\u00f6nnen auch Web-Beacons und Pixel verwenden, um die Besucher zu z\u00e4hlen, die unsere Seiten aufgerufen oder unsere Werbebotschaften gelesen haben. Sie werden nicht verwendet, um ohne Ihre Zustimmung auf Ihre personenbezogenen Daten zuzugreifen.<\/p>\n\n<p><strong>\u201eStreng notwendige\u201c Cookies<\/strong> k\u00f6nnen unter anderem verwendet werden:<\/p>\n\n<ul class=\"wp-block-list\"><li>f\u00fcr die Erinnerung an Informationen, die Sie w\u00e4hrend des Besuchs unserer Website eingegeben haben;<\/li><li>um Sie als eingeloggten Benutzer unserer Website zu identifizieren;<\/li><li>um die von Ihnen bestellten Produkte zu speichern, wenn Sie die Kassenseite aufrufen.<\/li><\/ul>\n<p><strong>\u201ePerformance\u201c-Cookies<\/strong> k\u00f6nnen unter anderem verwendet werden:<\/p>\n\n<ul class=\"wp-block-list\"><li>um Statistiken \u00fcber die Nutzung unserer Website zu erstellen;<\/li><li>um die Wirksamkeit unserer Werbung zu untersuchen;<\/li><li>um Fehler zu erkennen;<\/li><li>um die verschiedenen Designs unserer Website zu testen.<\/li><\/ul>\n<p><strong>\u201eFunktionalit\u00e4ts\u201c-Cookies<\/strong> k\u00f6nnen unter anderem verwendet werden:<\/p>\n\n<ul class=\"wp-block-list\"><li>um Ihre Einstellungen (Layout, Sprache, Pr\u00e4ferenzen) zu speichern;<\/li><li>um uns mitzuteilen, ob Sie auf unserer Website eingeloggt sind;<\/li><li>um Informationen mit Partnern auszutauschen, um eine Dienstleistung auf unserer Website zu erbringen.<\/li><\/ul>\n<p><strong>\u201eTargeting\u201c-Cookies<\/strong> sind mit Diensten von Dritten verkn\u00fcpft, wie z. B. \u201eGef\u00e4llt mir\u201c- und \u201eTeilen\u201c-Schaltfl\u00e4chen. Sie k\u00f6nnen insbesondere verwendet werden:<\/p>\n\n<ul class=\"wp-block-list\"><li>um Links zu sozialen Netzwerken wie Facebook herzustellen, die Informationen \u00fcber Ihren Besuch nutzen k\u00f6nnen, um Sie auf anderen Websites gezielt zu bewerben;<\/li><li>um Informationen \u00fcber Ihren Besuch an Werbeagenturen weiterzugeben, damit diese Ihnen Werbung zeigen k\u00f6nnen, die f\u00fcr Sie von Interesse sein k\u00f6nnte.<\/li><\/ul>\n<h3 class=\"wp-block-heading\" id=\"mce_4\"><strong>2. VERWALTUNG DER COOKIES<\/strong><\/h3>\n\n<p>Sie k\u00f6nnen auch das von Google angebotene \u201eGaOptOut\u201c-Plugin zu Ihrem Browser hinzuf\u00fcgen und der Erfassung, Speicherung Ihrer IP-Adresse und der \u00dcbermittlung von Daten aus Cookies und Trackern widersprechen.<\/p>\n\n<p>Ihre freie und informierte Ablehnung bestimmter Performance-Cookies kann dazu f\u00fchren, dass die Website nicht richtig funktioniert, wof\u00fcr ORF\u00c8VE nicht verantwortlich gemacht werden kann.<\/p>\n\n<h3 class=\"wp-block-heading\" id=\"mce_4\"><strong>3. LISTE<\/strong><\/h3>\n\n<p>Hier finden Sie Informationen \u00fcber einige der Cookies, die auf der Website verwendet werden k\u00f6nnen:<\/p>\n\n<ul class=\"wp-block-list\"><li><em>Google Analytics <\/em>(Cookie-Typ: Performance): liefert Informationen \u00fcber Seitenaufrufe und Interaktionen mit der betreffenden Website https:\/\/support.google.com\/analytics\/answer\/6004245<br\/>F\u00fcr Informationen zur Deaktivierung dieses Cookies: <a rel=\"noreferrer noopener\" href=\"https:\/\/tools.google.com\/dlpage\/gaoptout\" target=\"_blank\">https:\/\/tools.google.com\/dlpage\/gaoptout<\/a><\/li><li><em>Google Adwords<\/em> (Art des Cookies: Performance): misst die H\u00e4ufigkeit der Klicks auf der Website: <a rel=\"noreferrer noopener\" href=\"https:\/\/adwords.google.com\/intl\/en\/home\/#?modal_active=none\" target=\"_blank\">https:\/\/adwords.google.com\/intl\/en\/home\/#?modal_active=none<\/a><\/li><li><em>Google Tag Manager<\/em> (Cookie-Typ: Performance): Google Tag Manager ist ein System zur Verwaltung von Tags, mit dem Sie schnell und einfach Tags und Code-Snippets auf Ihrer Website oder Ihrer mobilen Anwendung aktualisieren k\u00f6nnen. <a rel=\"noreferrer noopener\" href=\"https:\/\/policies.google.com\/technologies\/types?hl=en\" target=\"_blank\">https:\/\/policies.google.com\/technologies\/types?hl=en<\/a><\/li><li><em>Facebook Custom Audiences<\/em> (Cookie-Typ: Performance und Targeting): Authentifizierung, Sicherheit, Website- und Produktintegrit\u00e4t, Website-Funktionen und -Dienste, Leistung, Analyse und Forschung, Werbung, Statistik und Messung. <a rel=\"noreferrer noopener\" href=\"https:\/\/www.facebook.com\/policies\/cookies\/\" target=\"_blank\">https:\/\/www.facebook.com\/policies\/cookies\/<\/a><\/li><li><em>Facebook Pixel<\/em> (Cookie-Typ: Targeting): Erm\u00f6glicht es, die Wirksamkeit der Werbung zu messen, indem das Verhalten der Besucher der Website analysiert wird. Auf diese Weise werden die richtigen Personen erreicht, die Ergebnisse der ORF\u00c8VE-Werbung gemessen und Werbezielgruppen aufgebaut.<\/li><\/ul>\n<p>Sie k\u00f6nnen alle Cookies \u00fcber Ihren Browser deaktivieren (Informationen hierzu finden Sie unter <a href=\"http:\/\/www.allaboutcookies.org\/\" target=\"_blank\" rel=\"noreferrer noopener\">http:\/\/www.allaboutcookies.org\/<\/a>).<\/p>\n\n<p>Wir behalten uns das Recht vor, \u00c4nderungen an unserer Cookie-Richtlinie vorzunehmen. Bitte \u00fcberpr\u00fcfen Sie diese Seite regelm\u00e4\u00dfig auf neue Informationen.<\/p>\n\n<p>Letzte Aktualisierung: Mai 2021<\/p>\n","protected":false},"excerpt":{"rendered":"<p>Hinweise zur Verwaltung von Cookies Die Website www.orfeve.com (nachstehend \u201eWebsite\u201c) wird von ORF\u00c8VE bearbeitet und ver\u00f6ffentlicht. Weitere Informationen \u00fcber unser Unternehmen und andere Bedingungen, die den Zugang zu unserer Website und unseren Dienstleistungen regeln, finden Sie in unseren rechtlichen Hinweisen: Impressum ; Nutzungsbedingungen ; Datenschutzerkl\u00e4rung ; Hinweise zur Verwaltung von Cookies ; Durch die Nutzung [&#8230;]\n","protected":false},"author":1,"featured_media":0,"parent":0,"menu_order":0,"comment_status":"closed","ping_status":"closed","template":"","meta":{"footnotes":""},"class_list":["post-21105","page","type-page","status-publish","hentry"],"yoast_head":"<!-- This site is optimized with the Yoast SEO Premium plugin v27.4 (Yoast SEO v27.4) - https:\/\/yoast.com\/product\/yoast-seo-premium-wordpress\/ -->\n<title>Hinweise zur Verwaltung von Cookies - ORF\u00c8VE Chocolat suisse bean-to-bar<\/title>\n<meta name=\"robots\" content=\"index, follow, max-snippet:-1, max-image-preview:large, max-video-preview:-1\" \/>\n<link rel=\"canonical\" href=\"https:\/\/orfeve.com\/de\/hinweise-zur-verwaltung-von-cookies\/\" \/>\n<meta property=\"og:locale\" content=\"de_DE\" \/>\n<meta property=\"og:type\" content=\"article\" \/>\n<meta property=\"og:title\" content=\"Hinweise zur Verwaltung von Cookies\" \/>\n<meta property=\"og:description\" content=\"Hinweise zur Verwaltung von Cookies Die Website www.orfeve.com (nachstehend \u201eWebsite\u201c) wird von ORF\u00c8VE bearbeitet und ver\u00f6ffentlicht. Weitere Informationen \u00fcber unser Unternehmen und andere Bedingungen, die den Zugang zu unserer Website und unseren Dienstleistungen regeln, finden Sie in unseren rechtlichen Hinweisen: Impressum ; Nutzungsbedingungen ; Datenschutzerkl\u00e4rung ; Hinweise zur Verwaltung von Cookies ; Durch die Nutzung [...]\" \/>\n<meta property=\"og:url\" content=\"https:\/\/orfeve.com\/de\/hinweise-zur-verwaltung-von-cookies\/\" \/>\n<meta property=\"og:site_name\" content=\"ORF\u00c8VE Chocolat suisse bean-to-bar\" \/>\n<meta property=\"article:publisher\" content=\"https:\/\/www.facebook.com\/orfevechocolat\/\" \/>\n<meta property=\"article:modified_time\" content=\"2021-09-14T11:29:07+00:00\" \/>\n<meta name=\"twitter:card\" content=\"summary_large_image\" \/>\n<meta name=\"twitter:site\" content=\"@orfeve_Chocolat\" \/>\n<meta name=\"twitter:label1\" content=\"Gesch\u00e4tzte Lesezeit\" \/>\n\t<meta name=\"twitter:data1\" content=\"4\u00a0Minuten\" \/>\n<script type=\"application\/ld+json\" class=\"yoast-schema-graph\">{\"@context\":\"https:\\\/\\\/schema.org\",\"@graph\":[{\"@type\":\"WebPage\",\"@id\":\"https:\\\/\\\/orfeve.com\\\/de\\\/hinweise-zur-verwaltung-von-cookies\\\/\",\"url\":\"https:\\\/\\\/orfeve.com\\\/de\\\/hinweise-zur-verwaltung-von-cookies\\\/\",\"name\":\"Hinweise zur Verwaltung von Cookies - ORF\u00c8VE Chocolat suisse bean-to-bar\",\"isPartOf\":{\"@id\":\"https:\\\/\\\/orfeve.com\\\/en\\\/#website\"},\"datePublished\":\"2021-09-14T11:29:06+00:00\",\"dateModified\":\"2021-09-14T11:29:07+00:00\",\"breadcrumb\":{\"@id\":\"https:\\\/\\\/orfeve.com\\\/de\\\/hinweise-zur-verwaltung-von-cookies\\\/#breadcrumb\"},\"inLanguage\":\"de\",\"potentialAction\":[{\"@type\":\"ReadAction\",\"target\":[\"https:\\\/\\\/orfeve.com\\\/de\\\/hinweise-zur-verwaltung-von-cookies\\\/\"]}]},{\"@type\":\"BreadcrumbList\",\"@id\":\"https:\\\/\\\/orfeve.com\\\/de\\\/hinweise-zur-verwaltung-von-cookies\\\/#breadcrumb\",\"itemListElement\":[{\"@type\":\"ListItem\",\"position\":1,\"name\":\"Home\",\"item\":\"https:\\\/\\\/orfeve.com\\\/de\\\/\"},{\"@type\":\"ListItem\",\"position\":2,\"name\":\"Hinweise zur Verwaltung von Cookies\"}]},{\"@type\":\"WebSite\",\"@id\":\"https:\\\/\\\/orfeve.com\\\/en\\\/#website\",\"url\":\"https:\\\/\\\/orfeve.com\\\/en\\\/\",\"name\":\"ORF\u00c8VE Chocolat suisse bean-to-bar\",\"description\":\"Manufacture Suisse de Cacao et Chocolat Bean to Bar\",\"publisher\":{\"@id\":\"https:\\\/\\\/orfeve.com\\\/en\\\/#organization\"},\"potentialAction\":[{\"@type\":\"SearchAction\",\"target\":{\"@type\":\"EntryPoint\",\"urlTemplate\":\"https:\\\/\\\/orfeve.com\\\/en\\\/?s={search_term_string}\"},\"query-input\":{\"@type\":\"PropertyValueSpecification\",\"valueRequired\":true,\"valueName\":\"search_term_string\"}}],\"inLanguage\":\"de\"},{\"@type\":\"Organization\",\"@id\":\"https:\\\/\\\/orfeve.com\\\/en\\\/#organization\",\"name\":\"ORF\u00c8VE\",\"url\":\"https:\\\/\\\/orfeve.com\\\/en\\\/\",\"logo\":{\"@type\":\"ImageObject\",\"inLanguage\":\"de\",\"@id\":\"https:\\\/\\\/orfeve.com\\\/en\\\/#\\\/schema\\\/logo\\\/image\\\/\",\"url\":\"https:\\\/\\\/orfeve.com\\\/wp-content\\\/uploads\\\/2021\\\/05\\\/Orfeve-Manufacture-Suisse-de-Cacao-et-Chocolat-logo.jpeg\",\"contentUrl\":\"https:\\\/\\\/orfeve.com\\\/wp-content\\\/uploads\\\/2021\\\/05\\\/Orfeve-Manufacture-Suisse-de-Cacao-et-Chocolat-logo.jpeg\",\"width\":427,\"height\":170,\"caption\":\"ORF\u00c8VE\"},\"image\":{\"@id\":\"https:\\\/\\\/orfeve.com\\\/en\\\/#\\\/schema\\\/logo\\\/image\\\/\"},\"sameAs\":[\"https:\\\/\\\/www.facebook.com\\\/orfevechocolat\\\/\",\"https:\\\/\\\/x.com\\\/orfeve_Chocolat\",\"https:\\\/\\\/www.instagram.com\\\/orfeve_chocolat\\\/\",\"https:\\\/\\\/www.linkedin.com\\\/company\\\/orfeve\\\/\"]}]}<\/script>\n<!-- \/ Yoast SEO Premium plugin. -->","yoast_head_json":{"title":"Hinweise zur Verwaltung von Cookies - ORF\u00c8VE Chocolat suisse bean-to-bar","robots":{"index":"index","follow":"follow","max-snippet":"max-snippet:-1","max-image-preview":"max-image-preview:large","max-video-preview":"max-video-preview:-1"},"canonical":"https:\/\/orfeve.com\/de\/hinweise-zur-verwaltung-von-cookies\/","og_locale":"de_DE","og_type":"article","og_title":"Hinweise zur Verwaltung von Cookies","og_description":"Hinweise zur Verwaltung von Cookies Die Website www.orfeve.com (nachstehend \u201eWebsite\u201c) wird von ORF\u00c8VE bearbeitet und ver\u00f6ffentlicht. Weitere Informationen \u00fcber unser Unternehmen und andere Bedingungen, die den Zugang zu unserer Website und unseren Dienstleistungen regeln, finden Sie in unseren rechtlichen Hinweisen: Impressum ; Nutzungsbedingungen ; Datenschutzerkl\u00e4rung ; Hinweise zur Verwaltung von Cookies ; Durch die Nutzung [...]","og_url":"https:\/\/orfeve.com\/de\/hinweise-zur-verwaltung-von-cookies\/","og_site_name":"ORF\u00c8VE Chocolat suisse bean-to-bar","article_publisher":"https:\/\/www.facebook.com\/orfevechocolat\/","article_modified_time":"2021-09-14T11:29:07+00:00","twitter_card":"summary_large_image","twitter_site":"@orfeve_Chocolat","twitter_misc":{"Gesch\u00e4tzte Lesezeit":"4\u00a0Minuten"},"schema":{"@context":"https:\/\/schema.org","@graph":[{"@type":"WebPage","@id":"https:\/\/orfeve.com\/de\/hinweise-zur-verwaltung-von-cookies\/","url":"https:\/\/orfeve.com\/de\/hinweise-zur-verwaltung-von-cookies\/","name":"Hinweise zur Verwaltung von Cookies - ORF\u00c8VE Chocolat suisse bean-to-bar","isPartOf":{"@id":"https:\/\/orfeve.com\/en\/#website"},"datePublished":"2021-09-14T11:29:06+00:00","dateModified":"2021-09-14T11:29:07+00:00","breadcrumb":{"@id":"https:\/\/orfeve.com\/de\/hinweise-zur-verwaltung-von-cookies\/#breadcrumb"},"inLanguage":"de","potentialAction":[{"@type":"ReadAction","target":["https:\/\/orfeve.com\/de\/hinweise-zur-verwaltung-von-cookies\/"]}]},{"@type":"BreadcrumbList","@id":"https:\/\/orfeve.com\/de\/hinweise-zur-verwaltung-von-cookies\/#breadcrumb","itemListElement":[{"@type":"ListItem","position":1,"name":"Home","item":"https:\/\/orfeve.com\/de\/"},{"@type":"ListItem","position":2,"name":"Hinweise zur Verwaltung von Cookies"}]},{"@type":"WebSite","@id":"https:\/\/orfeve.com\/en\/#website","url":"https:\/\/orfeve.com\/en\/","name":"ORF\u00c8VE Chocolat suisse bean-to-bar","description":"Manufacture Suisse de Cacao et Chocolat Bean to Bar","publisher":{"@id":"https:\/\/orfeve.com\/en\/#organization"},"potentialAction":[{"@type":"SearchAction","target":{"@type":"EntryPoint","urlTemplate":"https:\/\/orfeve.com\/en\/?s={search_term_string}"},"query-input":{"@type":"PropertyValueSpecification","valueRequired":true,"valueName":"search_term_string"}}],"inLanguage":"de"},{"@type":"Organization","@id":"https:\/\/orfeve.com\/en\/#organization","name":"ORF\u00c8VE","url":"https:\/\/orfeve.com\/en\/","logo":{"@type":"ImageObject","inLanguage":"de","@id":"https:\/\/orfeve.com\/en\/#\/schema\/logo\/image\/","url":"https:\/\/orfeve.com\/wp-content\/uploads\/2021\/05\/Orfeve-Manufacture-Suisse-de-Cacao-et-Chocolat-logo.jpeg","contentUrl":"https:\/\/orfeve.com\/wp-content\/uploads\/2021\/05\/Orfeve-Manufacture-Suisse-de-Cacao-et-Chocolat-logo.jpeg","width":427,"height":170,"caption":"ORF\u00c8VE"},"image":{"@id":"https:\/\/orfeve.com\/en\/#\/schema\/logo\/image\/"},"sameAs":["https:\/\/www.facebook.com\/orfevechocolat\/","https:\/\/x.com\/orfeve_Chocolat","https:\/\/www.instagram.com\/orfeve_chocolat\/","https:\/\/www.linkedin.com\/company\/orfeve\/"]}]}},"_links":{"self":[{"href":"https:\/\/orfeve.com\/de\/wp-json\/wp\/v2\/pages\/21105","targetHints":{"allow":["GET"]}}],"collection":[{"href":"https:\/\/orfeve.com\/de\/wp-json\/wp\/v2\/pages"}],"about":[{"href":"https:\/\/orfeve.com\/de\/wp-json\/wp\/v2\/types\/page"}],"author":[{"embeddable":true,"href":"https:\/\/orfeve.com\/de\/wp-json\/wp\/v2\/users\/1"}],"replies":[{"embeddable":true,"href":"https:\/\/orfeve.com\/de\/wp-json\/wp\/v2\/comments?post=21105"}],"version-history":[{"count":0,"href":"https:\/\/orfeve.com\/de\/wp-json\/wp\/v2\/pages\/21105\/revisions"}],"wp:attachment":[{"href":"https:\/\/orfeve.com\/de\/wp-json\/wp\/v2\/media?parent=21105"}],"curies":[{"name":"wp","href":"https:\/\/api.w.org\/{rel}","templated":true}]}}