{"id":21301,"date":"2020-12-06T13:57:35","date_gmt":"2020-12-06T12:57:35","guid":{"rendered":"https:\/\/orfeve.com\/shop\/unkategorisiert\/san-ignacio-70-peru-extrafeine-schokolade\/"},"modified":"2026-03-05T09:08:47","modified_gmt":"2026-03-05T08:08:47","slug":"tafel-dunkle-schokolade-san-ignacio-70-peru","status":"publish","type":"product","link":"https:\/\/orfeve.com\/de\/shop\/noir-de-noir\/tafel-dunkle-schokolade-san-ignacio-70-peru\/","title":{"rendered":"San Ignacio 70 (Peru) &#8211; Extrafeine Dunkle Schokolade"},"content":{"rendered":"\r\n<p>Die Provinz San Ignacio erstreckt sich im \u00e4u\u00dfersten Norden Perus, zwischen den Ausl\u00e4ufern der Anden und dem Amazonasgebiet. Diese au\u00dfergew\u00f6hnliche Region wird von den steilen Canyons des Mara\u00f1\u00f3n-Tals begrenzt. Sie verleiht unserer 70 % dunklen Schokolade <em>San Ignacio 70<\/em> ihren Namen \u2013 als Hommage an ihr Herkunftsterritorium.<\/p>\r\n<p>Trotz der grossen H\u00f6he von 1000 bis 1250 Metern profitiert die Region von einem aussergew\u00f6hnlichen Mikroklima und einer ausgepr\u00e4gten Abgeschiedenheit. Diese Bedingungen haben es erm\u00f6glicht, eine lange als ausgestorben geltende Kakaovariet\u00e4t zu bewahren: einen genetisch vollkommen reinen Nacional.<\/p>\r\n<p>Seit 2010 ist dieser Kakao Gegenstand eines aussergew\u00f6hnlichen Konservierungsprogramms, dank der Unterst\u00fctzung von 400 Bauernbesitzern in der Region, die sich um ein vorbildliches Verarbeitungszentrum nach der Ernte versammelt haben.<\/p>\r\n<p>Nach mehreren Jahren der Forschung hat das Nacherntezentrum ein strenges Fermentations- und Trocknungsprotokoll entwickelt. Dieser Prozess erm\u00f6glicht es, die aussergew\u00f6hnlich feinen Aromen dieses weltweit einzigartigen Kakaos voll zur Geltung zu bringen.<\/p>\r\n<p>Die dunkle Schokolade 70 % <em>San Ignacio 70<\/em>: eine reine Schweizer Bean-to-Bar-Schokolade, treu ihrer Herkunft und der Ethik von ORF\u00c8VE.<\/p>\r\n","protected":false},"excerpt":{"rendered":"<p>Dunkle Schokolade 70\u202f% aus nativem Nacional-Kakao aus Peru. Dieser zarte und geschmeidige <em>Cru de Terroir<\/em>, ganz ohne S\u00e4ure und Bitterkeit, pr\u00e4sentiert zarte florale und reife Fruchtnoten auf einer leicht karamellisierten Schokoladenbasis.<\/p>\n","protected":false},"featured_media":25632,"template":"","meta":[],"product_brand":[],"product_cat":[296],"product_tag":[534],"class_list":{"0":"post-21301","1":"product","2":"type-product","3":"status-publish","4":"has-post-thumbnail","6":"product_cat-noir-de-noir","7":"product_tag-tafeln","9":"first","10":"outofstock","11":"taxable","12":"shipping-taxable","13":"purchasable","14":"product-type-simple"},"yoast_head":"<!-- This site is optimized with the Yoast SEO Premium plugin v27.4 (Yoast SEO v27.4) - https:\/\/yoast.com\/product\/yoast-seo-premium-wordpress\/ -->\n<title>Dunkle Schokolade 70% - San Ignacio 70 (Peru) - Noir de Noir - ORF\u00c8VE Chocolat suisse bean-to-bar<\/title>\n<meta name=\"description\" content=\"Dunkle Schokolade 70% aus Peru, signiert von ORF\u00c8VE. Eine Bean-to-Bar-Tafel mit Aromen von Akazienhonig, Banane und Karamell auf einem cremigen Schokoladenfond.\" \/>\n<meta name=\"robots\" content=\"index, follow, max-snippet:-1, max-image-preview:large, max-video-preview:-1\" \/>\n<link rel=\"canonical\" href=\"https:\/\/orfeve.com\/de\/shop\/noir-de-noir\/tafel-dunkle-schokolade-san-ignacio-70-peru\/\" \/>\n<meta property=\"og:locale\" content=\"de_DE\" \/>\n<meta property=\"og:type\" content=\"article\" \/>\n<meta property=\"og:title\" content=\"San Ignacio 70 (Peru) - Extrafeine Dunkle Schokolade\" \/>\n<meta property=\"og:description\" content=\"Dunkle Schokolade 70% aus Peru, signiert von ORF\u00c8VE. Eine Bean-to-Bar-Tafel mit Aromen von Akazienhonig, Banane und Karamell auf einem cremigen Schokoladenfond.\" \/>\n<meta property=\"og:url\" content=\"https:\/\/orfeve.com\/de\/shop\/noir-de-noir\/tafel-dunkle-schokolade-san-ignacio-70-peru\/\" \/>\n<meta property=\"og:site_name\" content=\"ORF\u00c8VE Chocolat suisse bean-to-bar\" \/>\n<meta property=\"article:publisher\" content=\"https:\/\/www.facebook.com\/orfevechocolat\/\" \/>\n<meta property=\"article:modified_time\" content=\"2026-03-05T08:08:47+00:00\" \/>\n<meta property=\"og:image\" content=\"https:\/\/orfeve.com\/wp-content\/uploads\/2020\/12\/ORFEVE_Noir-de-Noir_chocolat_SAN-IGNACIO-70.jpg\" \/>\n\t<meta property=\"og:image:width\" content=\"900\" \/>\n\t<meta property=\"og:image:height\" content=\"900\" \/>\n\t<meta property=\"og:image:type\" content=\"image\/jpeg\" \/>\n<meta name=\"twitter:card\" content=\"summary_large_image\" \/>\n<meta name=\"twitter:site\" content=\"@orfeve_Chocolat\" \/>\n<meta name=\"twitter:label1\" content=\"Gesch\u00e4tzte Lesezeit\" \/>\n\t<meta name=\"twitter:data1\" content=\"2\u00a0Minuten\" \/>\n<script type=\"application\/ld+json\" class=\"yoast-schema-graph\">{\"@context\":\"https:\\\/\\\/schema.org\",\"@graph\":[{\"@type\":\"WebPage\",\"@id\":\"https:\\\/\\\/orfeve.com\\\/de\\\/shop\\\/noir-de-noir\\\/tafel-dunkle-schokolade-san-ignacio-70-peru\\\/\",\"url\":\"https:\\\/\\\/orfeve.com\\\/de\\\/shop\\\/noir-de-noir\\\/tafel-dunkle-schokolade-san-ignacio-70-peru\\\/\",\"name\":\"Dunkle Schokolade 70% - San Ignacio 70 (Peru) - Noir de Noir - ORF\u00c8VE Chocolat suisse bean-to-bar\",\"isPartOf\":{\"@id\":\"https:\\\/\\\/orfeve.com\\\/en\\\/#website\"},\"primaryImageOfPage\":{\"@id\":\"https:\\\/\\\/orfeve.com\\\/de\\\/shop\\\/noir-de-noir\\\/tafel-dunkle-schokolade-san-ignacio-70-peru\\\/#primaryimage\"},\"image\":{\"@id\":\"https:\\\/\\\/orfeve.com\\\/de\\\/shop\\\/noir-de-noir\\\/tafel-dunkle-schokolade-san-ignacio-70-peru\\\/#primaryimage\"},\"thumbnailUrl\":\"https:\\\/\\\/orfeve.com\\\/wp-content\\\/uploads\\\/2020\\\/12\\\/ORFEVE_Noir-de-Noir_chocolat_SAN-IGNACIO-70.jpg\",\"datePublished\":\"2020-12-06T12:57:35+00:00\",\"dateModified\":\"2026-03-05T08:08:47+00:00\",\"description\":\"Dunkle Schokolade 70% aus Peru, signiert von ORF\u00c8VE. Eine Bean-to-Bar-Tafel mit Aromen von Akazienhonig, Banane und Karamell auf einem cremigen Schokoladenfond.\",\"breadcrumb\":{\"@id\":\"https:\\\/\\\/orfeve.com\\\/de\\\/shop\\\/noir-de-noir\\\/tafel-dunkle-schokolade-san-ignacio-70-peru\\\/#breadcrumb\"},\"inLanguage\":\"de\",\"potentialAction\":[{\"@type\":\"ReadAction\",\"target\":[\"https:\\\/\\\/orfeve.com\\\/de\\\/shop\\\/noir-de-noir\\\/tafel-dunkle-schokolade-san-ignacio-70-peru\\\/\"]}]},{\"@type\":\"ImageObject\",\"inLanguage\":\"de\",\"@id\":\"https:\\\/\\\/orfeve.com\\\/de\\\/shop\\\/noir-de-noir\\\/tafel-dunkle-schokolade-san-ignacio-70-peru\\\/#primaryimage\",\"url\":\"https:\\\/\\\/orfeve.com\\\/wp-content\\\/uploads\\\/2020\\\/12\\\/ORFEVE_Noir-de-Noir_chocolat_SAN-IGNACIO-70.jpg\",\"contentUrl\":\"https:\\\/\\\/orfeve.com\\\/wp-content\\\/uploads\\\/2020\\\/12\\\/ORFEVE_Noir-de-Noir_chocolat_SAN-IGNACIO-70.jpg\",\"width\":900,\"height\":900},{\"@type\":\"BreadcrumbList\",\"@id\":\"https:\\\/\\\/orfeve.com\\\/de\\\/shop\\\/noir-de-noir\\\/tafel-dunkle-schokolade-san-ignacio-70-peru\\\/#breadcrumb\",\"itemListElement\":[{\"@type\":\"ListItem\",\"position\":1,\"name\":\"Home\",\"item\":\"https:\\\/\\\/orfeve.com\\\/de\\\/\"},{\"@type\":\"ListItem\",\"position\":2,\"name\":\"Shop\",\"item\":\"https:\\\/\\\/orfeve.com\\\/de\\\/shop\\\/\"},{\"@type\":\"ListItem\",\"position\":3,\"name\":\"San Ignacio 70 (Peru) &#8211; Extrafeine Dunkle Schokolade\"}]},{\"@type\":\"WebSite\",\"@id\":\"https:\\\/\\\/orfeve.com\\\/en\\\/#website\",\"url\":\"https:\\\/\\\/orfeve.com\\\/en\\\/\",\"name\":\"ORF\u00c8VE Chocolat suisse bean-to-bar\",\"description\":\"Manufacture Suisse de Cacao et Chocolat Bean to Bar\",\"publisher\":{\"@id\":\"https:\\\/\\\/orfeve.com\\\/en\\\/#organization\"},\"potentialAction\":[{\"@type\":\"SearchAction\",\"target\":{\"@type\":\"EntryPoint\",\"urlTemplate\":\"https:\\\/\\\/orfeve.com\\\/en\\\/?s={search_term_string}\"},\"query-input\":{\"@type\":\"PropertyValueSpecification\",\"valueRequired\":true,\"valueName\":\"search_term_string\"}}],\"inLanguage\":\"de\"},{\"@type\":\"Organization\",\"@id\":\"https:\\\/\\\/orfeve.com\\\/en\\\/#organization\",\"name\":\"ORF\u00c8VE\",\"url\":\"https:\\\/\\\/orfeve.com\\\/en\\\/\",\"logo\":{\"@type\":\"ImageObject\",\"inLanguage\":\"de\",\"@id\":\"https:\\\/\\\/orfeve.com\\\/en\\\/#\\\/schema\\\/logo\\\/image\\\/\",\"url\":\"https:\\\/\\\/orfeve.com\\\/wp-content\\\/uploads\\\/2021\\\/05\\\/Orfeve-Manufacture-Suisse-de-Cacao-et-Chocolat-logo.jpeg\",\"contentUrl\":\"https:\\\/\\\/orfeve.com\\\/wp-content\\\/uploads\\\/2021\\\/05\\\/Orfeve-Manufacture-Suisse-de-Cacao-et-Chocolat-logo.jpeg\",\"width\":427,\"height\":170,\"caption\":\"ORF\u00c8VE\"},\"image\":{\"@id\":\"https:\\\/\\\/orfeve.com\\\/en\\\/#\\\/schema\\\/logo\\\/image\\\/\"},\"sameAs\":[\"https:\\\/\\\/www.facebook.com\\\/orfevechocolat\\\/\",\"https:\\\/\\\/x.com\\\/orfeve_Chocolat\",\"https:\\\/\\\/www.instagram.com\\\/orfeve_chocolat\\\/\",\"https:\\\/\\\/www.linkedin.com\\\/company\\\/orfeve\\\/\"]}]}<\/script>\n<!-- \/ Yoast SEO Premium plugin. -->","yoast_head_json":{"title":"Dunkle Schokolade 70% - San Ignacio 70 (Peru) - Noir de Noir - ORF\u00c8VE Chocolat suisse bean-to-bar","description":"Dunkle Schokolade 70% aus Peru, signiert von ORF\u00c8VE. Eine Bean-to-Bar-Tafel mit Aromen von Akazienhonig, Banane und Karamell auf einem cremigen Schokoladenfond.","robots":{"index":"index","follow":"follow","max-snippet":"max-snippet:-1","max-image-preview":"max-image-preview:large","max-video-preview":"max-video-preview:-1"},"canonical":"https:\/\/orfeve.com\/de\/shop\/noir-de-noir\/tafel-dunkle-schokolade-san-ignacio-70-peru\/","og_locale":"de_DE","og_type":"article","og_title":"San Ignacio 70 (Peru) - Extrafeine Dunkle Schokolade","og_description":"Dunkle Schokolade 70% aus Peru, signiert von ORF\u00c8VE. Eine Bean-to-Bar-Tafel mit Aromen von Akazienhonig, Banane und Karamell auf einem cremigen Schokoladenfond.","og_url":"https:\/\/orfeve.com\/de\/shop\/noir-de-noir\/tafel-dunkle-schokolade-san-ignacio-70-peru\/","og_site_name":"ORF\u00c8VE Chocolat suisse bean-to-bar","article_publisher":"https:\/\/www.facebook.com\/orfevechocolat\/","article_modified_time":"2026-03-05T08:08:47+00:00","og_image":[{"width":900,"height":900,"url":"https:\/\/orfeve.com\/wp-content\/uploads\/2020\/12\/ORFEVE_Noir-de-Noir_chocolat_SAN-IGNACIO-70.jpg","type":"image\/jpeg"}],"twitter_card":"summary_large_image","twitter_site":"@orfeve_Chocolat","twitter_misc":{"Gesch\u00e4tzte Lesezeit":"2\u00a0Minuten"},"schema":{"@context":"https:\/\/schema.org","@graph":[{"@type":"WebPage","@id":"https:\/\/orfeve.com\/de\/shop\/noir-de-noir\/tafel-dunkle-schokolade-san-ignacio-70-peru\/","url":"https:\/\/orfeve.com\/de\/shop\/noir-de-noir\/tafel-dunkle-schokolade-san-ignacio-70-peru\/","name":"Dunkle Schokolade 70% - San Ignacio 70 (Peru) - Noir de Noir - ORF\u00c8VE Chocolat suisse bean-to-bar","isPartOf":{"@id":"https:\/\/orfeve.com\/en\/#website"},"primaryImageOfPage":{"@id":"https:\/\/orfeve.com\/de\/shop\/noir-de-noir\/tafel-dunkle-schokolade-san-ignacio-70-peru\/#primaryimage"},"image":{"@id":"https:\/\/orfeve.com\/de\/shop\/noir-de-noir\/tafel-dunkle-schokolade-san-ignacio-70-peru\/#primaryimage"},"thumbnailUrl":"https:\/\/orfeve.com\/wp-content\/uploads\/2020\/12\/ORFEVE_Noir-de-Noir_chocolat_SAN-IGNACIO-70.jpg","datePublished":"2020-12-06T12:57:35+00:00","dateModified":"2026-03-05T08:08:47+00:00","description":"Dunkle Schokolade 70% aus Peru, signiert von ORF\u00c8VE. Eine Bean-to-Bar-Tafel mit Aromen von Akazienhonig, Banane und Karamell auf einem cremigen Schokoladenfond.","breadcrumb":{"@id":"https:\/\/orfeve.com\/de\/shop\/noir-de-noir\/tafel-dunkle-schokolade-san-ignacio-70-peru\/#breadcrumb"},"inLanguage":"de","potentialAction":[{"@type":"ReadAction","target":["https:\/\/orfeve.com\/de\/shop\/noir-de-noir\/tafel-dunkle-schokolade-san-ignacio-70-peru\/"]}]},{"@type":"ImageObject","inLanguage":"de","@id":"https:\/\/orfeve.com\/de\/shop\/noir-de-noir\/tafel-dunkle-schokolade-san-ignacio-70-peru\/#primaryimage","url":"https:\/\/orfeve.com\/wp-content\/uploads\/2020\/12\/ORFEVE_Noir-de-Noir_chocolat_SAN-IGNACIO-70.jpg","contentUrl":"https:\/\/orfeve.com\/wp-content\/uploads\/2020\/12\/ORFEVE_Noir-de-Noir_chocolat_SAN-IGNACIO-70.jpg","width":900,"height":900},{"@type":"BreadcrumbList","@id":"https:\/\/orfeve.com\/de\/shop\/noir-de-noir\/tafel-dunkle-schokolade-san-ignacio-70-peru\/#breadcrumb","itemListElement":[{"@type":"ListItem","position":1,"name":"Home","item":"https:\/\/orfeve.com\/de\/"},{"@type":"ListItem","position":2,"name":"Shop","item":"https:\/\/orfeve.com\/de\/shop\/"},{"@type":"ListItem","position":3,"name":"San Ignacio 70 (Peru) &#8211; Extrafeine Dunkle Schokolade"}]},{"@type":"WebSite","@id":"https:\/\/orfeve.com\/en\/#website","url":"https:\/\/orfeve.com\/en\/","name":"ORF\u00c8VE Chocolat suisse bean-to-bar","description":"Manufacture Suisse de Cacao et Chocolat Bean to Bar","publisher":{"@id":"https:\/\/orfeve.com\/en\/#organization"},"potentialAction":[{"@type":"SearchAction","target":{"@type":"EntryPoint","urlTemplate":"https:\/\/orfeve.com\/en\/?s={search_term_string}"},"query-input":{"@type":"PropertyValueSpecification","valueRequired":true,"valueName":"search_term_string"}}],"inLanguage":"de"},{"@type":"Organization","@id":"https:\/\/orfeve.com\/en\/#organization","name":"ORF\u00c8VE","url":"https:\/\/orfeve.com\/en\/","logo":{"@type":"ImageObject","inLanguage":"de","@id":"https:\/\/orfeve.com\/en\/#\/schema\/logo\/image\/","url":"https:\/\/orfeve.com\/wp-content\/uploads\/2021\/05\/Orfeve-Manufacture-Suisse-de-Cacao-et-Chocolat-logo.jpeg","contentUrl":"https:\/\/orfeve.com\/wp-content\/uploads\/2021\/05\/Orfeve-Manufacture-Suisse-de-Cacao-et-Chocolat-logo.jpeg","width":427,"height":170,"caption":"ORF\u00c8VE"},"image":{"@id":"https:\/\/orfeve.com\/en\/#\/schema\/logo\/image\/"},"sameAs":["https:\/\/www.facebook.com\/orfevechocolat\/","https:\/\/x.com\/orfeve_Chocolat","https:\/\/www.instagram.com\/orfeve_chocolat\/","https:\/\/www.linkedin.com\/company\/orfeve\/"]}]}},"_links":{"self":[{"href":"https:\/\/orfeve.com\/de\/wp-json\/wp\/v2\/product\/21301","targetHints":{"allow":["GET"]}}],"collection":[{"href":"https:\/\/orfeve.com\/de\/wp-json\/wp\/v2\/product"}],"about":[{"href":"https:\/\/orfeve.com\/de\/wp-json\/wp\/v2\/types\/product"}],"wp:featuredmedia":[{"embeddable":true,"href":"https:\/\/orfeve.com\/de\/wp-json\/wp\/v2\/media\/25632"}],"wp:attachment":[{"href":"https:\/\/orfeve.com\/de\/wp-json\/wp\/v2\/media?parent=21301"}],"wp:term":[{"taxonomy":"product_brand","embeddable":true,"href":"https:\/\/orfeve.com\/de\/wp-json\/wp\/v2\/product_brand?post=21301"},{"taxonomy":"product_cat","embeddable":true,"href":"https:\/\/orfeve.com\/de\/wp-json\/wp\/v2\/product_cat?post=21301"},{"taxonomy":"product_tag","embeddable":true,"href":"https:\/\/orfeve.com\/de\/wp-json\/wp\/v2\/product_tag?post=21301"}],"curies":[{"name":"wp","href":"https:\/\/api.w.org\/{rel}","templated":true}]}}