{"id":21367,"date":"2019-07-28T15:21:33","date_gmt":"2019-07-28T13:21:33","guid":{"rendered":"https:\/\/orfeve.com\/shop\/unkategorisiert\/matepono-90-salomon-inseln-extrafeine-schokolade\/"},"modified":"2026-03-05T09:15:32","modified_gmt":"2026-03-05T08:15:32","slug":"tafel-dunkle-schokolade-matepono-90-salomonen","status":"publish","type":"product","link":"https:\/\/orfeve.com\/de\/shop\/noir-de-noir\/tafel-dunkle-schokolade-matepono-90-salomonen\/","title":{"rendered":"Matepono 90 (Salomonen) \u2013 Extrafeine Dunkle Schokolade"},"content":{"rendered":"\r\n<p>Das K\u00f6nigreich der Salomonen erstreckt sich \u00f6stlich von Papua-Neuguinea. Es umfasst rund tausend Inseln und Eilande, die zusammen ein Landgebiet bilden, das kaum gr\u00f6sser ist als die Schweiz. Aus diesem Archipel stammen die Bohnen f\u00fcr unsere 90 % dunkle Schokolade Matepono 90.<\/p>\r\n<p>In den letzten Jahren haben kleine famili\u00e4re Kakaofarmen allm\u00e4hlich die grossen \u00d6lpalmenplantagen ersetzt. Der Salomonische Kakao ist noch wenig bekannt, fasziniert jedoch durch die Seltenheit und Subtilit\u00e4t seines variantenreichen Profils.<\/p>\r\n<p>Die Kakaoplantage von David Junior Kebu befindet sich im Nordosten der Insel Guadalcanal. Sie liegt in der N\u00e4he der Stadt Honiara. Der am Ufer des Flusses Matepono gelegene Familienbetrieb zeichnet sich durch die Qualit\u00e4t der Sorgfalt bei der Fermentierung, Trocknung und Auswahl der Bohnen aus. Diese Arbeit brachte ihr bei den International Cocoa Awards 2015 eine Goldmedaille ein.<\/p>\r\n<p>Mit dieser 90 % dunkle Schokolade <em>Matepono 90<\/em>, die nach dem Bean-to-Bar-Verfahren hergestellt wird, vermittelt ORF\u00c8VE den reinen Geschmack eines Terroirs und die Anspruchsvollheit handwerklichen K\u00f6nnens.<\/p>\r\n","protected":false},"excerpt":{"rendered":"<p>Dunkle Schokolade 90\u202f% von den Salomonen. Diese intensive und vollmundige Mischung von <em>Crus de Propri\u00e9t\u00e9<\/em> entfaltet langsam eine reiche aromatische Palette, die von einem s\u00e4uerlichen und fruchtigen Auftakt bis zu einem holzigen Abgang mit Noten von Mahagoni, Oud und Havanna reicht.<\/p>\n","protected":false},"featured_media":25635,"template":"","meta":[],"product_brand":[],"product_cat":[296],"product_tag":[534],"class_list":{"0":"post-21367","1":"product","2":"type-product","3":"status-publish","4":"has-post-thumbnail","6":"product_cat-noir-de-noir","7":"product_tag-tafeln","9":"first","10":"outofstock","11":"taxable","12":"shipping-taxable","13":"purchasable","14":"product-type-simple"},"yoast_head":"<!-- This site is optimized with the Yoast SEO Premium plugin v27.3 (Yoast SEO v27.3) - https:\/\/yoast.com\/product\/yoast-seo-premium-wordpress\/ -->\n<title>Dunkle Schokolade 90 % - Matepono 90 (Salomonen) - Noir de Noir - ORF\u00c8VE Chocolat suisse bean-to-bar<\/title>\n<meta name=\"description\" content=\"Dunkle Schokolade 90 % aus den Salomonen, signiert von ORF\u00c8VE. Bean-to-Bar-Tafel mit fruchtigem Auftakt und holziger Note von Mahagoni und Havanna.\" \/>\n<meta name=\"robots\" content=\"index, follow, max-snippet:-1, max-image-preview:large, max-video-preview:-1\" \/>\n<link rel=\"canonical\" href=\"https:\/\/orfeve.com\/de\/shop\/noir-de-noir\/tafel-dunkle-schokolade-matepono-90-salomonen\/\" \/>\n<meta property=\"og:locale\" content=\"de_DE\" \/>\n<meta property=\"og:type\" content=\"article\" \/>\n<meta property=\"og:title\" content=\"Matepono 90 (Salomonen) \u2013 Extrafeine Dunkle Schokolade\" \/>\n<meta property=\"og:description\" content=\"Dunkle Schokolade 90 % aus den Salomonen, signiert von ORF\u00c8VE. Bean-to-Bar-Tafel mit fruchtigem Auftakt und holziger Note von Mahagoni und Havanna.\" \/>\n<meta property=\"og:url\" content=\"https:\/\/orfeve.com\/de\/shop\/noir-de-noir\/tafel-dunkle-schokolade-matepono-90-salomonen\/\" \/>\n<meta property=\"og:site_name\" content=\"ORF\u00c8VE Chocolat suisse bean-to-bar\" \/>\n<meta property=\"article:publisher\" content=\"https:\/\/www.facebook.com\/orfevechocolat\/\" \/>\n<meta property=\"article:modified_time\" content=\"2026-03-05T08:15:32+00:00\" \/>\n<meta property=\"og:image\" content=\"https:\/\/orfeve.com\/wp-content\/uploads\/2019\/07\/ORFEVE_Noir-de-Noir_chocolat_MATEPONO-90.jpg\" \/>\n\t<meta property=\"og:image:width\" content=\"900\" \/>\n\t<meta property=\"og:image:height\" content=\"900\" \/>\n\t<meta property=\"og:image:type\" content=\"image\/jpeg\" \/>\n<meta name=\"twitter:card\" content=\"summary_large_image\" \/>\n<meta name=\"twitter:site\" content=\"@orfeve_Chocolat\" \/>\n<meta name=\"twitter:label1\" content=\"Gesch\u00e4tzte Lesezeit\" \/>\n\t<meta name=\"twitter:data1\" content=\"1\u00a0Minute\" \/>\n<script type=\"application\/ld+json\" class=\"yoast-schema-graph\">{\"@context\":\"https:\\\/\\\/schema.org\",\"@graph\":[{\"@type\":\"WebPage\",\"@id\":\"https:\\\/\\\/orfeve.com\\\/de\\\/shop\\\/noir-de-noir\\\/tafel-dunkle-schokolade-matepono-90-salomonen\\\/\",\"url\":\"https:\\\/\\\/orfeve.com\\\/de\\\/shop\\\/noir-de-noir\\\/tafel-dunkle-schokolade-matepono-90-salomonen\\\/\",\"name\":\"Dunkle Schokolade 90 % - Matepono 90 (Salomonen) - Noir de Noir - ORF\u00c8VE Chocolat suisse bean-to-bar\",\"isPartOf\":{\"@id\":\"https:\\\/\\\/orfeve.com\\\/en\\\/#website\"},\"primaryImageOfPage\":{\"@id\":\"https:\\\/\\\/orfeve.com\\\/de\\\/shop\\\/noir-de-noir\\\/tafel-dunkle-schokolade-matepono-90-salomonen\\\/#primaryimage\"},\"image\":{\"@id\":\"https:\\\/\\\/orfeve.com\\\/de\\\/shop\\\/noir-de-noir\\\/tafel-dunkle-schokolade-matepono-90-salomonen\\\/#primaryimage\"},\"thumbnailUrl\":\"https:\\\/\\\/orfeve.com\\\/wp-content\\\/uploads\\\/2019\\\/07\\\/ORFEVE_Noir-de-Noir_chocolat_MATEPONO-90.jpg\",\"datePublished\":\"2019-07-28T13:21:33+00:00\",\"dateModified\":\"2026-03-05T08:15:32+00:00\",\"description\":\"Dunkle Schokolade 90 % aus den Salomonen, signiert von ORF\u00c8VE. Bean-to-Bar-Tafel mit fruchtigem Auftakt und holziger Note von Mahagoni und Havanna.\",\"breadcrumb\":{\"@id\":\"https:\\\/\\\/orfeve.com\\\/de\\\/shop\\\/noir-de-noir\\\/tafel-dunkle-schokolade-matepono-90-salomonen\\\/#breadcrumb\"},\"inLanguage\":\"de\",\"potentialAction\":[{\"@type\":\"ReadAction\",\"target\":[\"https:\\\/\\\/orfeve.com\\\/de\\\/shop\\\/noir-de-noir\\\/tafel-dunkle-schokolade-matepono-90-salomonen\\\/\"]}]},{\"@type\":\"ImageObject\",\"inLanguage\":\"de\",\"@id\":\"https:\\\/\\\/orfeve.com\\\/de\\\/shop\\\/noir-de-noir\\\/tafel-dunkle-schokolade-matepono-90-salomonen\\\/#primaryimage\",\"url\":\"https:\\\/\\\/orfeve.com\\\/wp-content\\\/uploads\\\/2019\\\/07\\\/ORFEVE_Noir-de-Noir_chocolat_MATEPONO-90.jpg\",\"contentUrl\":\"https:\\\/\\\/orfeve.com\\\/wp-content\\\/uploads\\\/2019\\\/07\\\/ORFEVE_Noir-de-Noir_chocolat_MATEPONO-90.jpg\",\"width\":900,\"height\":900},{\"@type\":\"BreadcrumbList\",\"@id\":\"https:\\\/\\\/orfeve.com\\\/de\\\/shop\\\/noir-de-noir\\\/tafel-dunkle-schokolade-matepono-90-salomonen\\\/#breadcrumb\",\"itemListElement\":[{\"@type\":\"ListItem\",\"position\":1,\"name\":\"Home\",\"item\":\"https:\\\/\\\/orfeve.com\\\/de\\\/\"},{\"@type\":\"ListItem\",\"position\":2,\"name\":\"Shop\",\"item\":\"https:\\\/\\\/orfeve.com\\\/de\\\/shop\\\/\"},{\"@type\":\"ListItem\",\"position\":3,\"name\":\"Matepono 90 (Salomonen) \u2013 Extrafeine Dunkle Schokolade\"}]},{\"@type\":\"WebSite\",\"@id\":\"https:\\\/\\\/orfeve.com\\\/en\\\/#website\",\"url\":\"https:\\\/\\\/orfeve.com\\\/en\\\/\",\"name\":\"ORF\u00c8VE Chocolat suisse bean-to-bar\",\"description\":\"Manufacture Suisse de Cacao et Chocolat Bean to Bar\",\"publisher\":{\"@id\":\"https:\\\/\\\/orfeve.com\\\/en\\\/#organization\"},\"potentialAction\":[{\"@type\":\"SearchAction\",\"target\":{\"@type\":\"EntryPoint\",\"urlTemplate\":\"https:\\\/\\\/orfeve.com\\\/en\\\/?s={search_term_string}\"},\"query-input\":{\"@type\":\"PropertyValueSpecification\",\"valueRequired\":true,\"valueName\":\"search_term_string\"}}],\"inLanguage\":\"de\"},{\"@type\":\"Organization\",\"@id\":\"https:\\\/\\\/orfeve.com\\\/en\\\/#organization\",\"name\":\"ORF\u00c8VE\",\"url\":\"https:\\\/\\\/orfeve.com\\\/en\\\/\",\"logo\":{\"@type\":\"ImageObject\",\"inLanguage\":\"de\",\"@id\":\"https:\\\/\\\/orfeve.com\\\/en\\\/#\\\/schema\\\/logo\\\/image\\\/\",\"url\":\"https:\\\/\\\/orfeve.com\\\/wp-content\\\/uploads\\\/2021\\\/05\\\/Orfeve-Manufacture-Suisse-de-Cacao-et-Chocolat-logo.jpeg\",\"contentUrl\":\"https:\\\/\\\/orfeve.com\\\/wp-content\\\/uploads\\\/2021\\\/05\\\/Orfeve-Manufacture-Suisse-de-Cacao-et-Chocolat-logo.jpeg\",\"width\":427,\"height\":170,\"caption\":\"ORF\u00c8VE\"},\"image\":{\"@id\":\"https:\\\/\\\/orfeve.com\\\/en\\\/#\\\/schema\\\/logo\\\/image\\\/\"},\"sameAs\":[\"https:\\\/\\\/www.facebook.com\\\/orfevechocolat\\\/\",\"https:\\\/\\\/x.com\\\/orfeve_Chocolat\",\"https:\\\/\\\/www.instagram.com\\\/orfeve_chocolat\\\/\",\"https:\\\/\\\/www.linkedin.com\\\/company\\\/orfeve\\\/\"]}]}<\/script>\n<!-- \/ Yoast SEO Premium plugin. -->","yoast_head_json":{"title":"Dunkle Schokolade 90 % - Matepono 90 (Salomonen) - Noir de Noir - ORF\u00c8VE Chocolat suisse bean-to-bar","description":"Dunkle Schokolade 90 % aus den Salomonen, signiert von ORF\u00c8VE. Bean-to-Bar-Tafel mit fruchtigem Auftakt und holziger Note von Mahagoni und Havanna.","robots":{"index":"index","follow":"follow","max-snippet":"max-snippet:-1","max-image-preview":"max-image-preview:large","max-video-preview":"max-video-preview:-1"},"canonical":"https:\/\/orfeve.com\/de\/shop\/noir-de-noir\/tafel-dunkle-schokolade-matepono-90-salomonen\/","og_locale":"de_DE","og_type":"article","og_title":"Matepono 90 (Salomonen) \u2013 Extrafeine Dunkle Schokolade","og_description":"Dunkle Schokolade 90 % aus den Salomonen, signiert von ORF\u00c8VE. Bean-to-Bar-Tafel mit fruchtigem Auftakt und holziger Note von Mahagoni und Havanna.","og_url":"https:\/\/orfeve.com\/de\/shop\/noir-de-noir\/tafel-dunkle-schokolade-matepono-90-salomonen\/","og_site_name":"ORF\u00c8VE Chocolat suisse bean-to-bar","article_publisher":"https:\/\/www.facebook.com\/orfevechocolat\/","article_modified_time":"2026-03-05T08:15:32+00:00","og_image":[{"width":900,"height":900,"url":"https:\/\/orfeve.com\/wp-content\/uploads\/2019\/07\/ORFEVE_Noir-de-Noir_chocolat_MATEPONO-90.jpg","type":"image\/jpeg"}],"twitter_card":"summary_large_image","twitter_site":"@orfeve_Chocolat","twitter_misc":{"Gesch\u00e4tzte Lesezeit":"1\u00a0Minute"},"schema":{"@context":"https:\/\/schema.org","@graph":[{"@type":"WebPage","@id":"https:\/\/orfeve.com\/de\/shop\/noir-de-noir\/tafel-dunkle-schokolade-matepono-90-salomonen\/","url":"https:\/\/orfeve.com\/de\/shop\/noir-de-noir\/tafel-dunkle-schokolade-matepono-90-salomonen\/","name":"Dunkle Schokolade 90 % - Matepono 90 (Salomonen) - Noir de Noir - ORF\u00c8VE Chocolat suisse bean-to-bar","isPartOf":{"@id":"https:\/\/orfeve.com\/en\/#website"},"primaryImageOfPage":{"@id":"https:\/\/orfeve.com\/de\/shop\/noir-de-noir\/tafel-dunkle-schokolade-matepono-90-salomonen\/#primaryimage"},"image":{"@id":"https:\/\/orfeve.com\/de\/shop\/noir-de-noir\/tafel-dunkle-schokolade-matepono-90-salomonen\/#primaryimage"},"thumbnailUrl":"https:\/\/orfeve.com\/wp-content\/uploads\/2019\/07\/ORFEVE_Noir-de-Noir_chocolat_MATEPONO-90.jpg","datePublished":"2019-07-28T13:21:33+00:00","dateModified":"2026-03-05T08:15:32+00:00","description":"Dunkle Schokolade 90 % aus den Salomonen, signiert von ORF\u00c8VE. Bean-to-Bar-Tafel mit fruchtigem Auftakt und holziger Note von Mahagoni und Havanna.","breadcrumb":{"@id":"https:\/\/orfeve.com\/de\/shop\/noir-de-noir\/tafel-dunkle-schokolade-matepono-90-salomonen\/#breadcrumb"},"inLanguage":"de","potentialAction":[{"@type":"ReadAction","target":["https:\/\/orfeve.com\/de\/shop\/noir-de-noir\/tafel-dunkle-schokolade-matepono-90-salomonen\/"]}]},{"@type":"ImageObject","inLanguage":"de","@id":"https:\/\/orfeve.com\/de\/shop\/noir-de-noir\/tafel-dunkle-schokolade-matepono-90-salomonen\/#primaryimage","url":"https:\/\/orfeve.com\/wp-content\/uploads\/2019\/07\/ORFEVE_Noir-de-Noir_chocolat_MATEPONO-90.jpg","contentUrl":"https:\/\/orfeve.com\/wp-content\/uploads\/2019\/07\/ORFEVE_Noir-de-Noir_chocolat_MATEPONO-90.jpg","width":900,"height":900},{"@type":"BreadcrumbList","@id":"https:\/\/orfeve.com\/de\/shop\/noir-de-noir\/tafel-dunkle-schokolade-matepono-90-salomonen\/#breadcrumb","itemListElement":[{"@type":"ListItem","position":1,"name":"Home","item":"https:\/\/orfeve.com\/de\/"},{"@type":"ListItem","position":2,"name":"Shop","item":"https:\/\/orfeve.com\/de\/shop\/"},{"@type":"ListItem","position":3,"name":"Matepono 90 (Salomonen) \u2013 Extrafeine Dunkle Schokolade"}]},{"@type":"WebSite","@id":"https:\/\/orfeve.com\/en\/#website","url":"https:\/\/orfeve.com\/en\/","name":"ORF\u00c8VE Chocolat suisse bean-to-bar","description":"Manufacture Suisse de Cacao et Chocolat Bean to Bar","publisher":{"@id":"https:\/\/orfeve.com\/en\/#organization"},"potentialAction":[{"@type":"SearchAction","target":{"@type":"EntryPoint","urlTemplate":"https:\/\/orfeve.com\/en\/?s={search_term_string}"},"query-input":{"@type":"PropertyValueSpecification","valueRequired":true,"valueName":"search_term_string"}}],"inLanguage":"de"},{"@type":"Organization","@id":"https:\/\/orfeve.com\/en\/#organization","name":"ORF\u00c8VE","url":"https:\/\/orfeve.com\/en\/","logo":{"@type":"ImageObject","inLanguage":"de","@id":"https:\/\/orfeve.com\/en\/#\/schema\/logo\/image\/","url":"https:\/\/orfeve.com\/wp-content\/uploads\/2021\/05\/Orfeve-Manufacture-Suisse-de-Cacao-et-Chocolat-logo.jpeg","contentUrl":"https:\/\/orfeve.com\/wp-content\/uploads\/2021\/05\/Orfeve-Manufacture-Suisse-de-Cacao-et-Chocolat-logo.jpeg","width":427,"height":170,"caption":"ORF\u00c8VE"},"image":{"@id":"https:\/\/orfeve.com\/en\/#\/schema\/logo\/image\/"},"sameAs":["https:\/\/www.facebook.com\/orfevechocolat\/","https:\/\/x.com\/orfeve_Chocolat","https:\/\/www.instagram.com\/orfeve_chocolat\/","https:\/\/www.linkedin.com\/company\/orfeve\/"]}]}},"_links":{"self":[{"href":"https:\/\/orfeve.com\/de\/wp-json\/wp\/v2\/product\/21367","targetHints":{"allow":["GET"]}}],"collection":[{"href":"https:\/\/orfeve.com\/de\/wp-json\/wp\/v2\/product"}],"about":[{"href":"https:\/\/orfeve.com\/de\/wp-json\/wp\/v2\/types\/product"}],"wp:featuredmedia":[{"embeddable":true,"href":"https:\/\/orfeve.com\/de\/wp-json\/wp\/v2\/media\/25635"}],"wp:attachment":[{"href":"https:\/\/orfeve.com\/de\/wp-json\/wp\/v2\/media?parent=21367"}],"wp:term":[{"taxonomy":"product_brand","embeddable":true,"href":"https:\/\/orfeve.com\/de\/wp-json\/wp\/v2\/product_brand?post=21367"},{"taxonomy":"product_cat","embeddable":true,"href":"https:\/\/orfeve.com\/de\/wp-json\/wp\/v2\/product_cat?post=21367"},{"taxonomy":"product_tag","embeddable":true,"href":"https:\/\/orfeve.com\/de\/wp-json\/wp\/v2\/product_tag?post=21367"}],"curies":[{"name":"wp","href":"https:\/\/api.w.org\/{rel}","templated":true}]}}