{"id":21371,"date":"2019-07-28T14:56:32","date_gmt":"2019-07-28T12:56:32","guid":{"rendered":"https:\/\/orfeve.com\/shop\/unkategorisiert\/alto-piura-75-peru-extrafeine-schokolade\/"},"modified":"2026-03-05T09:11:29","modified_gmt":"2026-03-05T08:11:29","slug":"tafel-dunkle-schokolade-alto-piura-75-peru","status":"publish","type":"product","link":"https:\/\/orfeve.com\/de\/shop\/noir-de-noir\/tafel-dunkle-schokolade-alto-piura-75-peru\/","title":{"rendered":"Alto Piura 75 (Peru) &#8211; Extrafeine Dunkle Schokolade"},"content":{"rendered":"\r\n<div>\r\n<p>Mit unserer dunkle Schokolade 75 % <em>Alto Piura 75<\/em> zollen wir Peru Tribut, einem der Ursprungsorte des urspr\u00fcnglichen wilden Kakaos. Er hat ein reiches Erbe einheimischer Kakaosorten bewahrt, darunter die ber\u00fchmten weissen Bohnen des Gran-Blanco-Kakaos.<\/p>\r\n<\/div>\r\n<div>\r\n<p>Im Jahr 2008 von leidenschaftlichen Sourceurs wiederentdeckt, wird dieser weisse Kakao seither im Alto-Piura-Tal im Nordwesten Perus angebaut. Der Gran Blanco entfaltet dort seine ganze Noblesse \u2013 anerkannt als einer der edelsten Kakaos der Welt.<\/p>\r\n<\/div>\r\n<div>\r\n<p>Unsere Gran Blanco-Bohnen stammen aus einer Kooperative von Kleinproduzenten, die sich an die strengsten Regeln der nachhaltigen Entwicklung halten.<\/p>\r\n<\/div>\r\n<div>\r\n<p>Die Pflanzer bewirtschaften diese unterhalb von 800 Metern gelegenen Plantagen ausschliesslich nach den Grunds\u00e4tzen des biologischen Landbaus.<\/p>\r\n<\/div>\r\n<div>\r\n<p>Entstanden aus pr\u00e4zisem Bean-to-Bar-Know-how, hebt diese dunkle Schokolade 75 % <em>Alto Piura 75<\/em> eine seltene Herkunft hervor, veredelt durch die handwerkliche Pr\u00e4zision von ORF\u00c8VE.<\/p>\r\n<\/div>\r\n","protected":false},"excerpt":{"rendered":"<p>Dunkle Schokolade 75 % Gran Blanco aus Peru. Dieser <em>Cru de Terroir<\/em> zeichnet sich durch eine herrliche Frische und eine zarte fruchtige S\u00e4ure aus, die von w\u00fcrzigen und holzigen Noten getragen wird.<\/p>\n","protected":false},"featured_media":25639,"template":"","meta":[],"product_brand":[],"product_cat":[296],"product_tag":[534],"class_list":{"0":"post-21371","1":"product","2":"type-product","3":"status-publish","4":"has-post-thumbnail","6":"product_cat-noir-de-noir","7":"product_tag-tafeln","9":"first","10":"instock","11":"taxable","12":"shipping-taxable","13":"purchasable","14":"product-type-simple"},"yoast_head":"<!-- This site is optimized with the Yoast SEO Premium plugin v27.3 (Yoast SEO v27.3) - https:\/\/yoast.com\/product\/yoast-seo-premium-wordpress\/ -->\n<title>Dunkle Schokolade 75 % - Alto Piura 75 (Peru) - Noir de Noir - ORF\u00c8VE Chocolat suisse bean-to-bar<\/title>\n<meta name=\"description\" content=\"Dunkle Schokolade 75 % aus Peru, pr\u00e4sentiert von ORF\u00c8VE. Eine Bean-to-Bar-Tafel mit zarter fruchtiger S\u00e4ure und w\u00fcrzigen, holzigen Noten.\" \/>\n<meta name=\"robots\" content=\"index, follow, max-snippet:-1, max-image-preview:large, max-video-preview:-1\" \/>\n<link rel=\"canonical\" href=\"https:\/\/orfeve.com\/de\/shop\/noir-de-noir\/tafel-dunkle-schokolade-alto-piura-75-peru\/\" \/>\n<meta property=\"og:locale\" content=\"de_DE\" \/>\n<meta property=\"og:type\" content=\"article\" \/>\n<meta property=\"og:title\" content=\"Alto Piura 75 (Peru) - Extrafeine Dunkle Schokolade\" \/>\n<meta property=\"og:description\" content=\"Dunkle Schokolade 75 % aus Peru, pr\u00e4sentiert von ORF\u00c8VE. Eine Bean-to-Bar-Tafel mit zarter fruchtiger S\u00e4ure und w\u00fcrzigen, holzigen Noten.\" \/>\n<meta property=\"og:url\" content=\"https:\/\/orfeve.com\/de\/shop\/noir-de-noir\/tafel-dunkle-schokolade-alto-piura-75-peru\/\" \/>\n<meta property=\"og:site_name\" content=\"ORF\u00c8VE Chocolat suisse bean-to-bar\" \/>\n<meta property=\"article:publisher\" content=\"https:\/\/www.facebook.com\/orfevechocolat\/\" \/>\n<meta property=\"article:modified_time\" content=\"2026-03-05T08:11:29+00:00\" \/>\n<meta property=\"og:image\" content=\"https:\/\/orfeve.com\/wp-content\/uploads\/2019\/07\/ORFEVE_Noir-de-Noir_chocolat_ALTO-PIURA-75.jpg\" \/>\n\t<meta property=\"og:image:width\" content=\"900\" \/>\n\t<meta property=\"og:image:height\" content=\"900\" \/>\n\t<meta property=\"og:image:type\" content=\"image\/jpeg\" \/>\n<meta name=\"twitter:card\" content=\"summary_large_image\" \/>\n<meta name=\"twitter:site\" content=\"@orfeve_Chocolat\" \/>\n<meta name=\"twitter:label1\" content=\"Gesch\u00e4tzte Lesezeit\" \/>\n\t<meta name=\"twitter:data1\" content=\"1\u00a0Minute\" \/>\n<script type=\"application\/ld+json\" class=\"yoast-schema-graph\">{\"@context\":\"https:\\\/\\\/schema.org\",\"@graph\":[{\"@type\":\"WebPage\",\"@id\":\"https:\\\/\\\/orfeve.com\\\/de\\\/shop\\\/noir-de-noir\\\/tafel-dunkle-schokolade-alto-piura-75-peru\\\/\",\"url\":\"https:\\\/\\\/orfeve.com\\\/de\\\/shop\\\/noir-de-noir\\\/tafel-dunkle-schokolade-alto-piura-75-peru\\\/\",\"name\":\"Dunkle Schokolade 75 % - Alto Piura 75 (Peru) - Noir de Noir - ORF\u00c8VE Chocolat suisse bean-to-bar\",\"isPartOf\":{\"@id\":\"https:\\\/\\\/orfeve.com\\\/en\\\/#website\"},\"primaryImageOfPage\":{\"@id\":\"https:\\\/\\\/orfeve.com\\\/de\\\/shop\\\/noir-de-noir\\\/tafel-dunkle-schokolade-alto-piura-75-peru\\\/#primaryimage\"},\"image\":{\"@id\":\"https:\\\/\\\/orfeve.com\\\/de\\\/shop\\\/noir-de-noir\\\/tafel-dunkle-schokolade-alto-piura-75-peru\\\/#primaryimage\"},\"thumbnailUrl\":\"https:\\\/\\\/orfeve.com\\\/wp-content\\\/uploads\\\/2019\\\/07\\\/ORFEVE_Noir-de-Noir_chocolat_ALTO-PIURA-75.jpg\",\"datePublished\":\"2019-07-28T12:56:32+00:00\",\"dateModified\":\"2026-03-05T08:11:29+00:00\",\"description\":\"Dunkle Schokolade 75 % aus Peru, pr\u00e4sentiert von ORF\u00c8VE. Eine Bean-to-Bar-Tafel mit zarter fruchtiger S\u00e4ure und w\u00fcrzigen, holzigen Noten.\",\"breadcrumb\":{\"@id\":\"https:\\\/\\\/orfeve.com\\\/de\\\/shop\\\/noir-de-noir\\\/tafel-dunkle-schokolade-alto-piura-75-peru\\\/#breadcrumb\"},\"inLanguage\":\"de\",\"potentialAction\":[{\"@type\":\"ReadAction\",\"target\":[\"https:\\\/\\\/orfeve.com\\\/de\\\/shop\\\/noir-de-noir\\\/tafel-dunkle-schokolade-alto-piura-75-peru\\\/\"]}]},{\"@type\":\"ImageObject\",\"inLanguage\":\"de\",\"@id\":\"https:\\\/\\\/orfeve.com\\\/de\\\/shop\\\/noir-de-noir\\\/tafel-dunkle-schokolade-alto-piura-75-peru\\\/#primaryimage\",\"url\":\"https:\\\/\\\/orfeve.com\\\/wp-content\\\/uploads\\\/2019\\\/07\\\/ORFEVE_Noir-de-Noir_chocolat_ALTO-PIURA-75.jpg\",\"contentUrl\":\"https:\\\/\\\/orfeve.com\\\/wp-content\\\/uploads\\\/2019\\\/07\\\/ORFEVE_Noir-de-Noir_chocolat_ALTO-PIURA-75.jpg\",\"width\":900,\"height\":900},{\"@type\":\"BreadcrumbList\",\"@id\":\"https:\\\/\\\/orfeve.com\\\/de\\\/shop\\\/noir-de-noir\\\/tafel-dunkle-schokolade-alto-piura-75-peru\\\/#breadcrumb\",\"itemListElement\":[{\"@type\":\"ListItem\",\"position\":1,\"name\":\"Home\",\"item\":\"https:\\\/\\\/orfeve.com\\\/de\\\/\"},{\"@type\":\"ListItem\",\"position\":2,\"name\":\"Shop\",\"item\":\"https:\\\/\\\/orfeve.com\\\/de\\\/shop\\\/\"},{\"@type\":\"ListItem\",\"position\":3,\"name\":\"Alto Piura 75 (Peru) &#8211; Extrafeine Dunkle Schokolade\"}]},{\"@type\":\"WebSite\",\"@id\":\"https:\\\/\\\/orfeve.com\\\/en\\\/#website\",\"url\":\"https:\\\/\\\/orfeve.com\\\/en\\\/\",\"name\":\"ORF\u00c8VE Chocolat suisse bean-to-bar\",\"description\":\"Manufacture Suisse de Cacao et Chocolat Bean to Bar\",\"publisher\":{\"@id\":\"https:\\\/\\\/orfeve.com\\\/en\\\/#organization\"},\"potentialAction\":[{\"@type\":\"SearchAction\",\"target\":{\"@type\":\"EntryPoint\",\"urlTemplate\":\"https:\\\/\\\/orfeve.com\\\/en\\\/?s={search_term_string}\"},\"query-input\":{\"@type\":\"PropertyValueSpecification\",\"valueRequired\":true,\"valueName\":\"search_term_string\"}}],\"inLanguage\":\"de\"},{\"@type\":\"Organization\",\"@id\":\"https:\\\/\\\/orfeve.com\\\/en\\\/#organization\",\"name\":\"ORF\u00c8VE\",\"url\":\"https:\\\/\\\/orfeve.com\\\/en\\\/\",\"logo\":{\"@type\":\"ImageObject\",\"inLanguage\":\"de\",\"@id\":\"https:\\\/\\\/orfeve.com\\\/en\\\/#\\\/schema\\\/logo\\\/image\\\/\",\"url\":\"https:\\\/\\\/orfeve.com\\\/wp-content\\\/uploads\\\/2021\\\/05\\\/Orfeve-Manufacture-Suisse-de-Cacao-et-Chocolat-logo.jpeg\",\"contentUrl\":\"https:\\\/\\\/orfeve.com\\\/wp-content\\\/uploads\\\/2021\\\/05\\\/Orfeve-Manufacture-Suisse-de-Cacao-et-Chocolat-logo.jpeg\",\"width\":427,\"height\":170,\"caption\":\"ORF\u00c8VE\"},\"image\":{\"@id\":\"https:\\\/\\\/orfeve.com\\\/en\\\/#\\\/schema\\\/logo\\\/image\\\/\"},\"sameAs\":[\"https:\\\/\\\/www.facebook.com\\\/orfevechocolat\\\/\",\"https:\\\/\\\/x.com\\\/orfeve_Chocolat\",\"https:\\\/\\\/www.instagram.com\\\/orfeve_chocolat\\\/\",\"https:\\\/\\\/www.linkedin.com\\\/company\\\/orfeve\\\/\"]}]}<\/script>\n<!-- \/ Yoast SEO Premium plugin. -->","yoast_head_json":{"title":"Dunkle Schokolade 75 % - Alto Piura 75 (Peru) - Noir de Noir - ORF\u00c8VE Chocolat suisse bean-to-bar","description":"Dunkle Schokolade 75 % aus Peru, pr\u00e4sentiert von ORF\u00c8VE. Eine Bean-to-Bar-Tafel mit zarter fruchtiger S\u00e4ure und w\u00fcrzigen, holzigen Noten.","robots":{"index":"index","follow":"follow","max-snippet":"max-snippet:-1","max-image-preview":"max-image-preview:large","max-video-preview":"max-video-preview:-1"},"canonical":"https:\/\/orfeve.com\/de\/shop\/noir-de-noir\/tafel-dunkle-schokolade-alto-piura-75-peru\/","og_locale":"de_DE","og_type":"article","og_title":"Alto Piura 75 (Peru) - Extrafeine Dunkle Schokolade","og_description":"Dunkle Schokolade 75 % aus Peru, pr\u00e4sentiert von ORF\u00c8VE. Eine Bean-to-Bar-Tafel mit zarter fruchtiger S\u00e4ure und w\u00fcrzigen, holzigen Noten.","og_url":"https:\/\/orfeve.com\/de\/shop\/noir-de-noir\/tafel-dunkle-schokolade-alto-piura-75-peru\/","og_site_name":"ORF\u00c8VE Chocolat suisse bean-to-bar","article_publisher":"https:\/\/www.facebook.com\/orfevechocolat\/","article_modified_time":"2026-03-05T08:11:29+00:00","og_image":[{"width":900,"height":900,"url":"https:\/\/orfeve.com\/wp-content\/uploads\/2019\/07\/ORFEVE_Noir-de-Noir_chocolat_ALTO-PIURA-75.jpg","type":"image\/jpeg"}],"twitter_card":"summary_large_image","twitter_site":"@orfeve_Chocolat","twitter_misc":{"Gesch\u00e4tzte Lesezeit":"1\u00a0Minute"},"schema":{"@context":"https:\/\/schema.org","@graph":[{"@type":"WebPage","@id":"https:\/\/orfeve.com\/de\/shop\/noir-de-noir\/tafel-dunkle-schokolade-alto-piura-75-peru\/","url":"https:\/\/orfeve.com\/de\/shop\/noir-de-noir\/tafel-dunkle-schokolade-alto-piura-75-peru\/","name":"Dunkle Schokolade 75 % - Alto Piura 75 (Peru) - Noir de Noir - ORF\u00c8VE Chocolat suisse bean-to-bar","isPartOf":{"@id":"https:\/\/orfeve.com\/en\/#website"},"primaryImageOfPage":{"@id":"https:\/\/orfeve.com\/de\/shop\/noir-de-noir\/tafel-dunkle-schokolade-alto-piura-75-peru\/#primaryimage"},"image":{"@id":"https:\/\/orfeve.com\/de\/shop\/noir-de-noir\/tafel-dunkle-schokolade-alto-piura-75-peru\/#primaryimage"},"thumbnailUrl":"https:\/\/orfeve.com\/wp-content\/uploads\/2019\/07\/ORFEVE_Noir-de-Noir_chocolat_ALTO-PIURA-75.jpg","datePublished":"2019-07-28T12:56:32+00:00","dateModified":"2026-03-05T08:11:29+00:00","description":"Dunkle Schokolade 75 % aus Peru, pr\u00e4sentiert von ORF\u00c8VE. Eine Bean-to-Bar-Tafel mit zarter fruchtiger S\u00e4ure und w\u00fcrzigen, holzigen Noten.","breadcrumb":{"@id":"https:\/\/orfeve.com\/de\/shop\/noir-de-noir\/tafel-dunkle-schokolade-alto-piura-75-peru\/#breadcrumb"},"inLanguage":"de","potentialAction":[{"@type":"ReadAction","target":["https:\/\/orfeve.com\/de\/shop\/noir-de-noir\/tafel-dunkle-schokolade-alto-piura-75-peru\/"]}]},{"@type":"ImageObject","inLanguage":"de","@id":"https:\/\/orfeve.com\/de\/shop\/noir-de-noir\/tafel-dunkle-schokolade-alto-piura-75-peru\/#primaryimage","url":"https:\/\/orfeve.com\/wp-content\/uploads\/2019\/07\/ORFEVE_Noir-de-Noir_chocolat_ALTO-PIURA-75.jpg","contentUrl":"https:\/\/orfeve.com\/wp-content\/uploads\/2019\/07\/ORFEVE_Noir-de-Noir_chocolat_ALTO-PIURA-75.jpg","width":900,"height":900},{"@type":"BreadcrumbList","@id":"https:\/\/orfeve.com\/de\/shop\/noir-de-noir\/tafel-dunkle-schokolade-alto-piura-75-peru\/#breadcrumb","itemListElement":[{"@type":"ListItem","position":1,"name":"Home","item":"https:\/\/orfeve.com\/de\/"},{"@type":"ListItem","position":2,"name":"Shop","item":"https:\/\/orfeve.com\/de\/shop\/"},{"@type":"ListItem","position":3,"name":"Alto Piura 75 (Peru) &#8211; Extrafeine Dunkle Schokolade"}]},{"@type":"WebSite","@id":"https:\/\/orfeve.com\/en\/#website","url":"https:\/\/orfeve.com\/en\/","name":"ORF\u00c8VE Chocolat suisse bean-to-bar","description":"Manufacture Suisse de Cacao et Chocolat Bean to Bar","publisher":{"@id":"https:\/\/orfeve.com\/en\/#organization"},"potentialAction":[{"@type":"SearchAction","target":{"@type":"EntryPoint","urlTemplate":"https:\/\/orfeve.com\/en\/?s={search_term_string}"},"query-input":{"@type":"PropertyValueSpecification","valueRequired":true,"valueName":"search_term_string"}}],"inLanguage":"de"},{"@type":"Organization","@id":"https:\/\/orfeve.com\/en\/#organization","name":"ORF\u00c8VE","url":"https:\/\/orfeve.com\/en\/","logo":{"@type":"ImageObject","inLanguage":"de","@id":"https:\/\/orfeve.com\/en\/#\/schema\/logo\/image\/","url":"https:\/\/orfeve.com\/wp-content\/uploads\/2021\/05\/Orfeve-Manufacture-Suisse-de-Cacao-et-Chocolat-logo.jpeg","contentUrl":"https:\/\/orfeve.com\/wp-content\/uploads\/2021\/05\/Orfeve-Manufacture-Suisse-de-Cacao-et-Chocolat-logo.jpeg","width":427,"height":170,"caption":"ORF\u00c8VE"},"image":{"@id":"https:\/\/orfeve.com\/en\/#\/schema\/logo\/image\/"},"sameAs":["https:\/\/www.facebook.com\/orfevechocolat\/","https:\/\/x.com\/orfeve_Chocolat","https:\/\/www.instagram.com\/orfeve_chocolat\/","https:\/\/www.linkedin.com\/company\/orfeve\/"]}]}},"_links":{"self":[{"href":"https:\/\/orfeve.com\/de\/wp-json\/wp\/v2\/product\/21371","targetHints":{"allow":["GET"]}}],"collection":[{"href":"https:\/\/orfeve.com\/de\/wp-json\/wp\/v2\/product"}],"about":[{"href":"https:\/\/orfeve.com\/de\/wp-json\/wp\/v2\/types\/product"}],"wp:featuredmedia":[{"embeddable":true,"href":"https:\/\/orfeve.com\/de\/wp-json\/wp\/v2\/media\/25639"}],"wp:attachment":[{"href":"https:\/\/orfeve.com\/de\/wp-json\/wp\/v2\/media?parent=21371"}],"wp:term":[{"taxonomy":"product_brand","embeddable":true,"href":"https:\/\/orfeve.com\/de\/wp-json\/wp\/v2\/product_brand?post=21371"},{"taxonomy":"product_cat","embeddable":true,"href":"https:\/\/orfeve.com\/de\/wp-json\/wp\/v2\/product_cat?post=21371"},{"taxonomy":"product_tag","embeddable":true,"href":"https:\/\/orfeve.com\/de\/wp-json\/wp\/v2\/product_tag?post=21371"}],"curies":[{"name":"wp","href":"https:\/\/api.w.org\/{rel}","templated":true}]}}