{"id":21448,"date":"2021-10-19T12:09:42","date_gmt":"2021-10-19T10:09:42","guid":{"rendered":"https:\/\/orfeve.com\/?post_type=product&#038;p=21448"},"modified":"2026-03-05T09:04:36","modified_gmt":"2026-03-05T08:04:36","slug":"tafel-dunkle-schokolade-quillabamba-70-peru","status":"publish","type":"product","link":"https:\/\/orfeve.com\/de\/shop\/noir-de-noir\/tafel-dunkle-schokolade-quillabamba-70-peru\/","title":{"rendered":"Quillabamba 70 (Peru) &#8211; Extrafeine Dunkle Schokolade"},"content":{"rendered":"\r\n<div>\r\n<p>ORF\u00c8VE pr\u00e4sentiert hier eine 70% dunkle Schokolade aus Peru: Quillabamba 70. Sie wird aus Chuncho-Kakao hergestellt, einer seltenen einheimischen Sorte, die in 1200 Metern H\u00f6he in einem biologischen Agroforstsystem angebaut wird.<\/p>\r\n<\/div>\r\n<div>\r\n<p>Die Stadt Quillabamba liegt an den Ausl\u00e4ufern der Anden im S\u00fcden des Landes. Sie grenzt an den Urubamba-Fluss, am Rande des Heiligen Tals der Inkas, unweit des ber\u00fchmten Machu Picchu.<\/p>\r\n<\/div>\r\n<div>\r\n<p>Dieser wertvolle Kakao wird von etwa hundert Familien unter strenger Einhaltung der Richtlinien f\u00fcr biologischen Anbau und Agroforstwirtschaft kultiviert. Die Kakaobohnen sind sehr klein und weisen ein konzentriertes, feines Aroma auf.<\/p>\r\n<\/div>\r\n<div>\r\n<p>Die Ernte erfolgt zwischen Januar und April. Der Kakao durchl\u00e4uft eine sanfte Fermentation in Holzkisten und wird anschliessend unter Aufsicht peruanischer Agronomie-Experten nat\u00fcrlich in der Sonne getrocknet.<\/p>\r\n<\/div>\r\n<div>\r\n<p>Diese 70 % dunkle Schokolade ist das Ergebnis eines meisterhaften Bean-to-Bar-Handwerks, von der Bohne bis zur Tafel. Sie offenbart die ganze Finesse des Chuncho-Kakaos, einer der seltensten Sorten der Welt, veredelt durch das Know-how von ORF\u00c8VE.<\/p>\r\n<\/div>\r\n","protected":false},"excerpt":{"rendered":"<p>Dunkle Schokolade 70\u202f% Chuncho aus Peru. Dieser herrlich cremige <em>Cru de terroir<\/em> bietet Aromen von Haseln\u00fcssen, schwarzen Fr\u00fcchten und Gew\u00fcrzen.<\/p>\n","protected":false},"featured_media":25629,"template":"","meta":[],"product_brand":[],"product_cat":[296],"product_tag":[534],"class_list":{"0":"post-21448","1":"product","2":"type-product","3":"status-publish","4":"has-post-thumbnail","6":"product_cat-noir-de-noir","7":"product_tag-tafeln","9":"first","10":"instock","11":"taxable","12":"shipping-taxable","13":"purchasable","14":"product-type-simple"},"yoast_head":"<!-- This site is optimized with the Yoast SEO Premium plugin v27.3 (Yoast SEO v27.3) - https:\/\/yoast.com\/product\/yoast-seo-premium-wordpress\/ -->\n<title>Dunkle Schokolade 70 % - Quillabamba 70 (Peru) - Noir de Noir - ORF\u00c8VE Chocolat suisse bean-to-bar<\/title>\n<meta name=\"description\" content=\"Tafel dunkle Schokolade 70 % aus Peru. Eine Bean-to-Bar-Tafel mit Aromen von Haseln\u00fcssen, Zimt und Muskatnuss auf einer Basis von Brombeere und Heidelbeere.\" \/>\n<meta name=\"robots\" content=\"index, follow, max-snippet:-1, max-image-preview:large, max-video-preview:-1\" \/>\n<link rel=\"canonical\" href=\"https:\/\/orfeve.com\/de\/shop\/noir-de-noir\/tafel-dunkle-schokolade-quillabamba-70-peru\/\" \/>\n<meta property=\"og:locale\" content=\"de_DE\" \/>\n<meta property=\"og:type\" content=\"article\" \/>\n<meta property=\"og:title\" content=\"Quillabamba 70 (Peru) - Extrafeine Dunkle Schokolade\" \/>\n<meta property=\"og:description\" content=\"Tafel dunkle Schokolade 70 % aus Peru. Eine Bean-to-Bar-Tafel mit Aromen von Haseln\u00fcssen, Zimt und Muskatnuss auf einer Basis von Brombeere und Heidelbeere.\" \/>\n<meta property=\"og:url\" content=\"https:\/\/orfeve.com\/de\/shop\/noir-de-noir\/tafel-dunkle-schokolade-quillabamba-70-peru\/\" \/>\n<meta property=\"og:site_name\" content=\"ORF\u00c8VE Chocolat suisse bean-to-bar\" \/>\n<meta property=\"article:publisher\" content=\"https:\/\/www.facebook.com\/orfevechocolat\/\" \/>\n<meta property=\"article:modified_time\" content=\"2026-03-05T08:04:36+00:00\" \/>\n<meta property=\"og:image\" content=\"https:\/\/orfeve.com\/wp-content\/uploads\/2021\/10\/ORFEVE_Noir-de-Noir_chocolat_QUILLABAMBA-70.jpg\" \/>\n\t<meta property=\"og:image:width\" content=\"900\" \/>\n\t<meta property=\"og:image:height\" content=\"900\" \/>\n\t<meta property=\"og:image:type\" content=\"image\/jpeg\" \/>\n<meta name=\"twitter:card\" content=\"summary_large_image\" \/>\n<meta name=\"twitter:site\" content=\"@orfeve_Chocolat\" \/>\n<meta name=\"twitter:label1\" content=\"Gesch\u00e4tzte Lesezeit\" \/>\n\t<meta name=\"twitter:data1\" content=\"1\u00a0Minute\" \/>\n<script type=\"application\/ld+json\" class=\"yoast-schema-graph\">{\"@context\":\"https:\\\/\\\/schema.org\",\"@graph\":[{\"@type\":\"WebPage\",\"@id\":\"https:\\\/\\\/orfeve.com\\\/de\\\/shop\\\/noir-de-noir\\\/tafel-dunkle-schokolade-quillabamba-70-peru\\\/\",\"url\":\"https:\\\/\\\/orfeve.com\\\/de\\\/shop\\\/noir-de-noir\\\/tafel-dunkle-schokolade-quillabamba-70-peru\\\/\",\"name\":\"Dunkle Schokolade 70 % - Quillabamba 70 (Peru) - Noir de Noir - ORF\u00c8VE Chocolat suisse bean-to-bar\",\"isPartOf\":{\"@id\":\"https:\\\/\\\/orfeve.com\\\/en\\\/#website\"},\"primaryImageOfPage\":{\"@id\":\"https:\\\/\\\/orfeve.com\\\/de\\\/shop\\\/noir-de-noir\\\/tafel-dunkle-schokolade-quillabamba-70-peru\\\/#primaryimage\"},\"image\":{\"@id\":\"https:\\\/\\\/orfeve.com\\\/de\\\/shop\\\/noir-de-noir\\\/tafel-dunkle-schokolade-quillabamba-70-peru\\\/#primaryimage\"},\"thumbnailUrl\":\"https:\\\/\\\/orfeve.com\\\/wp-content\\\/uploads\\\/2021\\\/10\\\/ORFEVE_Noir-de-Noir_chocolat_QUILLABAMBA-70.jpg\",\"datePublished\":\"2021-10-19T10:09:42+00:00\",\"dateModified\":\"2026-03-05T08:04:36+00:00\",\"description\":\"Tafel dunkle Schokolade 70 % aus Peru. Eine Bean-to-Bar-Tafel mit Aromen von Haseln\u00fcssen, Zimt und Muskatnuss auf einer Basis von Brombeere und Heidelbeere.\",\"breadcrumb\":{\"@id\":\"https:\\\/\\\/orfeve.com\\\/de\\\/shop\\\/noir-de-noir\\\/tafel-dunkle-schokolade-quillabamba-70-peru\\\/#breadcrumb\"},\"inLanguage\":\"de\",\"potentialAction\":[{\"@type\":\"ReadAction\",\"target\":[\"https:\\\/\\\/orfeve.com\\\/de\\\/shop\\\/noir-de-noir\\\/tafel-dunkle-schokolade-quillabamba-70-peru\\\/\"]}]},{\"@type\":\"ImageObject\",\"inLanguage\":\"de\",\"@id\":\"https:\\\/\\\/orfeve.com\\\/de\\\/shop\\\/noir-de-noir\\\/tafel-dunkle-schokolade-quillabamba-70-peru\\\/#primaryimage\",\"url\":\"https:\\\/\\\/orfeve.com\\\/wp-content\\\/uploads\\\/2021\\\/10\\\/ORFEVE_Noir-de-Noir_chocolat_QUILLABAMBA-70.jpg\",\"contentUrl\":\"https:\\\/\\\/orfeve.com\\\/wp-content\\\/uploads\\\/2021\\\/10\\\/ORFEVE_Noir-de-Noir_chocolat_QUILLABAMBA-70.jpg\",\"width\":900,\"height\":900},{\"@type\":\"BreadcrumbList\",\"@id\":\"https:\\\/\\\/orfeve.com\\\/de\\\/shop\\\/noir-de-noir\\\/tafel-dunkle-schokolade-quillabamba-70-peru\\\/#breadcrumb\",\"itemListElement\":[{\"@type\":\"ListItem\",\"position\":1,\"name\":\"Home\",\"item\":\"https:\\\/\\\/orfeve.com\\\/de\\\/\"},{\"@type\":\"ListItem\",\"position\":2,\"name\":\"Shop\",\"item\":\"https:\\\/\\\/orfeve.com\\\/de\\\/shop\\\/\"},{\"@type\":\"ListItem\",\"position\":3,\"name\":\"Quillabamba 70 (Peru) &#8211; Extrafeine Dunkle Schokolade\"}]},{\"@type\":\"WebSite\",\"@id\":\"https:\\\/\\\/orfeve.com\\\/en\\\/#website\",\"url\":\"https:\\\/\\\/orfeve.com\\\/en\\\/\",\"name\":\"ORF\u00c8VE Chocolat suisse bean-to-bar\",\"description\":\"Manufacture Suisse de Cacao et Chocolat Bean to Bar\",\"publisher\":{\"@id\":\"https:\\\/\\\/orfeve.com\\\/en\\\/#organization\"},\"potentialAction\":[{\"@type\":\"SearchAction\",\"target\":{\"@type\":\"EntryPoint\",\"urlTemplate\":\"https:\\\/\\\/orfeve.com\\\/en\\\/?s={search_term_string}\"},\"query-input\":{\"@type\":\"PropertyValueSpecification\",\"valueRequired\":true,\"valueName\":\"search_term_string\"}}],\"inLanguage\":\"de\"},{\"@type\":\"Organization\",\"@id\":\"https:\\\/\\\/orfeve.com\\\/en\\\/#organization\",\"name\":\"ORF\u00c8VE\",\"url\":\"https:\\\/\\\/orfeve.com\\\/en\\\/\",\"logo\":{\"@type\":\"ImageObject\",\"inLanguage\":\"de\",\"@id\":\"https:\\\/\\\/orfeve.com\\\/en\\\/#\\\/schema\\\/logo\\\/image\\\/\",\"url\":\"https:\\\/\\\/orfeve.com\\\/wp-content\\\/uploads\\\/2021\\\/05\\\/Orfeve-Manufacture-Suisse-de-Cacao-et-Chocolat-logo.jpeg\",\"contentUrl\":\"https:\\\/\\\/orfeve.com\\\/wp-content\\\/uploads\\\/2021\\\/05\\\/Orfeve-Manufacture-Suisse-de-Cacao-et-Chocolat-logo.jpeg\",\"width\":427,\"height\":170,\"caption\":\"ORF\u00c8VE\"},\"image\":{\"@id\":\"https:\\\/\\\/orfeve.com\\\/en\\\/#\\\/schema\\\/logo\\\/image\\\/\"},\"sameAs\":[\"https:\\\/\\\/www.facebook.com\\\/orfevechocolat\\\/\",\"https:\\\/\\\/x.com\\\/orfeve_Chocolat\",\"https:\\\/\\\/www.instagram.com\\\/orfeve_chocolat\\\/\",\"https:\\\/\\\/www.linkedin.com\\\/company\\\/orfeve\\\/\"]}]}<\/script>\n<!-- \/ Yoast SEO Premium plugin. -->","yoast_head_json":{"title":"Dunkle Schokolade 70 % - Quillabamba 70 (Peru) - Noir de Noir - ORF\u00c8VE Chocolat suisse bean-to-bar","description":"Tafel dunkle Schokolade 70 % aus Peru. Eine Bean-to-Bar-Tafel mit Aromen von Haseln\u00fcssen, Zimt und Muskatnuss auf einer Basis von Brombeere und Heidelbeere.","robots":{"index":"index","follow":"follow","max-snippet":"max-snippet:-1","max-image-preview":"max-image-preview:large","max-video-preview":"max-video-preview:-1"},"canonical":"https:\/\/orfeve.com\/de\/shop\/noir-de-noir\/tafel-dunkle-schokolade-quillabamba-70-peru\/","og_locale":"de_DE","og_type":"article","og_title":"Quillabamba 70 (Peru) - Extrafeine Dunkle Schokolade","og_description":"Tafel dunkle Schokolade 70 % aus Peru. Eine Bean-to-Bar-Tafel mit Aromen von Haseln\u00fcssen, Zimt und Muskatnuss auf einer Basis von Brombeere und Heidelbeere.","og_url":"https:\/\/orfeve.com\/de\/shop\/noir-de-noir\/tafel-dunkle-schokolade-quillabamba-70-peru\/","og_site_name":"ORF\u00c8VE Chocolat suisse bean-to-bar","article_publisher":"https:\/\/www.facebook.com\/orfevechocolat\/","article_modified_time":"2026-03-05T08:04:36+00:00","og_image":[{"width":900,"height":900,"url":"https:\/\/orfeve.com\/wp-content\/uploads\/2021\/10\/ORFEVE_Noir-de-Noir_chocolat_QUILLABAMBA-70.jpg","type":"image\/jpeg"}],"twitter_card":"summary_large_image","twitter_site":"@orfeve_Chocolat","twitter_misc":{"Gesch\u00e4tzte Lesezeit":"1\u00a0Minute"},"schema":{"@context":"https:\/\/schema.org","@graph":[{"@type":"WebPage","@id":"https:\/\/orfeve.com\/de\/shop\/noir-de-noir\/tafel-dunkle-schokolade-quillabamba-70-peru\/","url":"https:\/\/orfeve.com\/de\/shop\/noir-de-noir\/tafel-dunkle-schokolade-quillabamba-70-peru\/","name":"Dunkle Schokolade 70 % - Quillabamba 70 (Peru) - Noir de Noir - ORF\u00c8VE Chocolat suisse bean-to-bar","isPartOf":{"@id":"https:\/\/orfeve.com\/en\/#website"},"primaryImageOfPage":{"@id":"https:\/\/orfeve.com\/de\/shop\/noir-de-noir\/tafel-dunkle-schokolade-quillabamba-70-peru\/#primaryimage"},"image":{"@id":"https:\/\/orfeve.com\/de\/shop\/noir-de-noir\/tafel-dunkle-schokolade-quillabamba-70-peru\/#primaryimage"},"thumbnailUrl":"https:\/\/orfeve.com\/wp-content\/uploads\/2021\/10\/ORFEVE_Noir-de-Noir_chocolat_QUILLABAMBA-70.jpg","datePublished":"2021-10-19T10:09:42+00:00","dateModified":"2026-03-05T08:04:36+00:00","description":"Tafel dunkle Schokolade 70 % aus Peru. Eine Bean-to-Bar-Tafel mit Aromen von Haseln\u00fcssen, Zimt und Muskatnuss auf einer Basis von Brombeere und Heidelbeere.","breadcrumb":{"@id":"https:\/\/orfeve.com\/de\/shop\/noir-de-noir\/tafel-dunkle-schokolade-quillabamba-70-peru\/#breadcrumb"},"inLanguage":"de","potentialAction":[{"@type":"ReadAction","target":["https:\/\/orfeve.com\/de\/shop\/noir-de-noir\/tafel-dunkle-schokolade-quillabamba-70-peru\/"]}]},{"@type":"ImageObject","inLanguage":"de","@id":"https:\/\/orfeve.com\/de\/shop\/noir-de-noir\/tafel-dunkle-schokolade-quillabamba-70-peru\/#primaryimage","url":"https:\/\/orfeve.com\/wp-content\/uploads\/2021\/10\/ORFEVE_Noir-de-Noir_chocolat_QUILLABAMBA-70.jpg","contentUrl":"https:\/\/orfeve.com\/wp-content\/uploads\/2021\/10\/ORFEVE_Noir-de-Noir_chocolat_QUILLABAMBA-70.jpg","width":900,"height":900},{"@type":"BreadcrumbList","@id":"https:\/\/orfeve.com\/de\/shop\/noir-de-noir\/tafel-dunkle-schokolade-quillabamba-70-peru\/#breadcrumb","itemListElement":[{"@type":"ListItem","position":1,"name":"Home","item":"https:\/\/orfeve.com\/de\/"},{"@type":"ListItem","position":2,"name":"Shop","item":"https:\/\/orfeve.com\/de\/shop\/"},{"@type":"ListItem","position":3,"name":"Quillabamba 70 (Peru) &#8211; Extrafeine Dunkle Schokolade"}]},{"@type":"WebSite","@id":"https:\/\/orfeve.com\/en\/#website","url":"https:\/\/orfeve.com\/en\/","name":"ORF\u00c8VE Chocolat suisse bean-to-bar","description":"Manufacture Suisse de Cacao et Chocolat Bean to Bar","publisher":{"@id":"https:\/\/orfeve.com\/en\/#organization"},"potentialAction":[{"@type":"SearchAction","target":{"@type":"EntryPoint","urlTemplate":"https:\/\/orfeve.com\/en\/?s={search_term_string}"},"query-input":{"@type":"PropertyValueSpecification","valueRequired":true,"valueName":"search_term_string"}}],"inLanguage":"de"},{"@type":"Organization","@id":"https:\/\/orfeve.com\/en\/#organization","name":"ORF\u00c8VE","url":"https:\/\/orfeve.com\/en\/","logo":{"@type":"ImageObject","inLanguage":"de","@id":"https:\/\/orfeve.com\/en\/#\/schema\/logo\/image\/","url":"https:\/\/orfeve.com\/wp-content\/uploads\/2021\/05\/Orfeve-Manufacture-Suisse-de-Cacao-et-Chocolat-logo.jpeg","contentUrl":"https:\/\/orfeve.com\/wp-content\/uploads\/2021\/05\/Orfeve-Manufacture-Suisse-de-Cacao-et-Chocolat-logo.jpeg","width":427,"height":170,"caption":"ORF\u00c8VE"},"image":{"@id":"https:\/\/orfeve.com\/en\/#\/schema\/logo\/image\/"},"sameAs":["https:\/\/www.facebook.com\/orfevechocolat\/","https:\/\/x.com\/orfeve_Chocolat","https:\/\/www.instagram.com\/orfeve_chocolat\/","https:\/\/www.linkedin.com\/company\/orfeve\/"]}]}},"_links":{"self":[{"href":"https:\/\/orfeve.com\/de\/wp-json\/wp\/v2\/product\/21448","targetHints":{"allow":["GET"]}}],"collection":[{"href":"https:\/\/orfeve.com\/de\/wp-json\/wp\/v2\/product"}],"about":[{"href":"https:\/\/orfeve.com\/de\/wp-json\/wp\/v2\/types\/product"}],"wp:featuredmedia":[{"embeddable":true,"href":"https:\/\/orfeve.com\/de\/wp-json\/wp\/v2\/media\/25629"}],"wp:attachment":[{"href":"https:\/\/orfeve.com\/de\/wp-json\/wp\/v2\/media?parent=21448"}],"wp:term":[{"taxonomy":"product_brand","embeddable":true,"href":"https:\/\/orfeve.com\/de\/wp-json\/wp\/v2\/product_brand?post=21448"},{"taxonomy":"product_cat","embeddable":true,"href":"https:\/\/orfeve.com\/de\/wp-json\/wp\/v2\/product_cat?post=21448"},{"taxonomy":"product_tag","embeddable":true,"href":"https:\/\/orfeve.com\/de\/wp-json\/wp\/v2\/product_tag?post=21448"}],"curies":[{"name":"wp","href":"https:\/\/api.w.org\/{rel}","templated":true}]}}