{"id":21894,"date":"2022-02-04T15:57:56","date_gmt":"2022-02-04T14:57:56","guid":{"rendered":"https:\/\/orfeve.com\/?post_type=product&#038;p=21894"},"modified":"2026-03-16T09:47:28","modified_gmt":"2026-03-16T08:47:28","slug":"dunkle-schokolade-napolitains-peru","status":"publish","type":"product","link":"https:\/\/orfeve.com\/de\/shop\/gourmet-sets\/dunkle-schokolade-napolitains-peru\/","title":{"rendered":"Napolitains Peru"},"content":{"rendered":"\r\n<p>Peru, die Wiege des urspr\u00fcnglichen Wildkakaos, bewahrt ein aussergew\u00f6hnliches Erbe einheimischer Kakaosorten. Diese Napolitains-Box dunkler Schokolade aus Peru ehrt drei seltene Crus, die von ORF\u00c8VE mit gr\u00f6sster Sorgfalt ausgew\u00e4hlt wurden.<\/p>\r\n\r\n\r\n\r\n<p>Sie stellt den Gran Blanco aus dem Alto Piura im Nordwesten des Landes sowie den Chuncho Urushaia aus Quillabamba am Fusse des Machu Picchu in den Mittelpunkt.\u00a0<\/p>\r\n<p>Diese Kakaosorten wurden vor rund zehn Jahren wiederentdeckt und stammen aus kleinen Familienplantagen, die in Kooperativen organisiert sind. Dank einer geduldigen Wiederaufwertung entstehen heute daraus Schokoladen von aussergew\u00f6hnlicher Qualit\u00e4t.<\/p>\r\n<p>Diese Bohnen sind schwer anzubauen, anf\u00e4llig f\u00fcr Krankheiten und liefern geringe Ertr\u00e4ge, bieten jedoch einzigartige Aromaprofile. Diese Schachtel mit dunklen Schokoladennapolitains stellt diese Crus mit hoher Anspr\u00fcchen in den Vordergrund.<\/p>\r\n<p class=\"p1\">Die Schachtel mit peruanischen dunklen Schokoladennapolitains ist ideal, um die authentischen Aromen des peruanischen Terroirs zu entdecken. Dank ihres praktischen Formats lassen sich diese bean-to-bar Schokoladen von ORF\u00c8VE leicht genie\u00dfen und offenbaren die volle aromatische Vielfalt der Crus aus Alto Piura und Quillabamba.<\/p>\r\n","protected":false},"excerpt":{"rendered":"<p class=\"p1\">Entdecken Sie den Reichtum und die Vielfalt der peruanischen Terroirs mit diesem Gourmet-Set. Es pr\u00e4sentiert unsere Schokoladen Quillabamba 70 und Alto Piura 75 in unserem traditionellen Rezept <em>Noir de Noir<\/em>. Sowie den Alto Piura 70 in unerem knusprigen Rezept <em>Brut de Noir<\/em>.<\/p>\n","protected":false},"featured_media":21905,"template":"","meta":[],"product_brand":[],"product_cat":[443],"product_tag":[532],"class_list":{"0":"post-21894","1":"product","2":"type-product","3":"status-publish","4":"has-post-thumbnail","6":"product_cat-gourmet-sets","7":"product_tag-napolitains-de","9":"first","10":"instock","11":"taxable","12":"shipping-taxable","13":"purchasable","14":"product-type-simple"},"yoast_head":"<!-- This site is optimized with the Yoast SEO Premium plugin v27.4 (Yoast SEO v27.4) - https:\/\/yoast.com\/product\/yoast-seo-premium-wordpress\/ -->\n<title>Peruanische Napolitains aus dunkler Schokolade - ORF\u00c8VE Chocolat suisse bean-to-bar<\/title>\n<meta name=\"description\" content=\"Napolitains aus dunkler Schokolade. Die seltene Grand Cru aus kooperativen Anbaugebieten s\u00fcdamerikanischer Kakaobauern, sorgf\u00e4ltig ausgew\u00e4hlt von ORF\u00c8VE.\" \/>\n<meta name=\"robots\" content=\"index, follow, max-snippet:-1, max-image-preview:large, max-video-preview:-1\" \/>\n<link rel=\"canonical\" href=\"https:\/\/orfeve.com\/de\/shop\/gourmet-sets\/dunkle-schokolade-napolitains-peru\/\" \/>\n<meta property=\"og:locale\" content=\"de_DE\" \/>\n<meta property=\"og:type\" content=\"article\" \/>\n<meta property=\"og:title\" content=\"Napolitains Peru\" \/>\n<meta property=\"og:description\" content=\"Napolitains aus dunkler Schokolade. Die seltene Grand Cru aus kooperativen Anbaugebieten s\u00fcdamerikanischer Kakaobauern, sorgf\u00e4ltig ausgew\u00e4hlt von ORF\u00c8VE.\" \/>\n<meta property=\"og:url\" content=\"https:\/\/orfeve.com\/de\/shop\/gourmet-sets\/dunkle-schokolade-napolitains-peru\/\" \/>\n<meta property=\"og:site_name\" content=\"ORF\u00c8VE Chocolat suisse bean-to-bar\" \/>\n<meta property=\"article:publisher\" content=\"https:\/\/www.facebook.com\/orfevechocolat\/\" \/>\n<meta property=\"article:modified_time\" content=\"2026-03-16T08:47:28+00:00\" \/>\n<meta property=\"og:image\" content=\"https:\/\/orfeve.com\/wp-content\/uploads\/2022\/02\/Orfeve-Manufacture-Suisse-de-Cacao-et-Chocolat-bean-to-bar-coffret-napolitains-collection-perou.jpg\" \/>\n\t<meta property=\"og:image:width\" content=\"900\" \/>\n\t<meta property=\"og:image:height\" content=\"900\" \/>\n\t<meta property=\"og:image:type\" content=\"image\/jpeg\" \/>\n<meta name=\"twitter:card\" content=\"summary_large_image\" \/>\n<meta name=\"twitter:site\" content=\"@orfeve_Chocolat\" \/>\n<meta name=\"twitter:label1\" content=\"Gesch\u00e4tzte Lesezeit\" \/>\n\t<meta name=\"twitter:data1\" content=\"2\u00a0Minuten\" \/>\n<script type=\"application\/ld+json\" class=\"yoast-schema-graph\">{\"@context\":\"https:\\\/\\\/schema.org\",\"@graph\":[{\"@type\":\"WebPage\",\"@id\":\"https:\\\/\\\/orfeve.com\\\/de\\\/shop\\\/gourmet-sets\\\/dunkle-schokolade-napolitains-peru\\\/\",\"url\":\"https:\\\/\\\/orfeve.com\\\/de\\\/shop\\\/gourmet-sets\\\/dunkle-schokolade-napolitains-peru\\\/\",\"name\":\"Peruanische Napolitains aus dunkler Schokolade - ORF\u00c8VE Chocolat suisse bean-to-bar\",\"isPartOf\":{\"@id\":\"https:\\\/\\\/orfeve.com\\\/en\\\/#website\"},\"primaryImageOfPage\":{\"@id\":\"https:\\\/\\\/orfeve.com\\\/de\\\/shop\\\/gourmet-sets\\\/dunkle-schokolade-napolitains-peru\\\/#primaryimage\"},\"image\":{\"@id\":\"https:\\\/\\\/orfeve.com\\\/de\\\/shop\\\/gourmet-sets\\\/dunkle-schokolade-napolitains-peru\\\/#primaryimage\"},\"thumbnailUrl\":\"https:\\\/\\\/orfeve.com\\\/wp-content\\\/uploads\\\/2022\\\/02\\\/Orfeve-Manufacture-Suisse-de-Cacao-et-Chocolat-bean-to-bar-coffret-napolitains-collection-perou.jpg\",\"datePublished\":\"2022-02-04T14:57:56+00:00\",\"dateModified\":\"2026-03-16T08:47:28+00:00\",\"description\":\"Napolitains aus dunkler Schokolade. Die seltene Grand Cru aus kooperativen Anbaugebieten s\u00fcdamerikanischer Kakaobauern, sorgf\u00e4ltig ausgew\u00e4hlt von ORF\u00c8VE.\",\"breadcrumb\":{\"@id\":\"https:\\\/\\\/orfeve.com\\\/de\\\/shop\\\/gourmet-sets\\\/dunkle-schokolade-napolitains-peru\\\/#breadcrumb\"},\"inLanguage\":\"de\",\"potentialAction\":[{\"@type\":\"ReadAction\",\"target\":[\"https:\\\/\\\/orfeve.com\\\/de\\\/shop\\\/gourmet-sets\\\/dunkle-schokolade-napolitains-peru\\\/\"]}]},{\"@type\":\"ImageObject\",\"inLanguage\":\"de\",\"@id\":\"https:\\\/\\\/orfeve.com\\\/de\\\/shop\\\/gourmet-sets\\\/dunkle-schokolade-napolitains-peru\\\/#primaryimage\",\"url\":\"https:\\\/\\\/orfeve.com\\\/wp-content\\\/uploads\\\/2022\\\/02\\\/Orfeve-Manufacture-Suisse-de-Cacao-et-Chocolat-bean-to-bar-coffret-napolitains-collection-perou.jpg\",\"contentUrl\":\"https:\\\/\\\/orfeve.com\\\/wp-content\\\/uploads\\\/2022\\\/02\\\/Orfeve-Manufacture-Suisse-de-Cacao-et-Chocolat-bean-to-bar-coffret-napolitains-collection-perou.jpg\",\"width\":900,\"height\":900},{\"@type\":\"BreadcrumbList\",\"@id\":\"https:\\\/\\\/orfeve.com\\\/de\\\/shop\\\/gourmet-sets\\\/dunkle-schokolade-napolitains-peru\\\/#breadcrumb\",\"itemListElement\":[{\"@type\":\"ListItem\",\"position\":1,\"name\":\"Home\",\"item\":\"https:\\\/\\\/orfeve.com\\\/de\\\/\"},{\"@type\":\"ListItem\",\"position\":2,\"name\":\"Shop\",\"item\":\"https:\\\/\\\/orfeve.com\\\/de\\\/shop\\\/\"},{\"@type\":\"ListItem\",\"position\":3,\"name\":\"Napolitains Peru\"}]},{\"@type\":\"WebSite\",\"@id\":\"https:\\\/\\\/orfeve.com\\\/en\\\/#website\",\"url\":\"https:\\\/\\\/orfeve.com\\\/en\\\/\",\"name\":\"ORF\u00c8VE Chocolat suisse bean-to-bar\",\"description\":\"Manufacture Suisse de Cacao et Chocolat Bean to Bar\",\"publisher\":{\"@id\":\"https:\\\/\\\/orfeve.com\\\/en\\\/#organization\"},\"potentialAction\":[{\"@type\":\"SearchAction\",\"target\":{\"@type\":\"EntryPoint\",\"urlTemplate\":\"https:\\\/\\\/orfeve.com\\\/en\\\/?s={search_term_string}\"},\"query-input\":{\"@type\":\"PropertyValueSpecification\",\"valueRequired\":true,\"valueName\":\"search_term_string\"}}],\"inLanguage\":\"de\"},{\"@type\":\"Organization\",\"@id\":\"https:\\\/\\\/orfeve.com\\\/en\\\/#organization\",\"name\":\"ORF\u00c8VE\",\"url\":\"https:\\\/\\\/orfeve.com\\\/en\\\/\",\"logo\":{\"@type\":\"ImageObject\",\"inLanguage\":\"de\",\"@id\":\"https:\\\/\\\/orfeve.com\\\/en\\\/#\\\/schema\\\/logo\\\/image\\\/\",\"url\":\"https:\\\/\\\/orfeve.com\\\/wp-content\\\/uploads\\\/2021\\\/05\\\/Orfeve-Manufacture-Suisse-de-Cacao-et-Chocolat-logo.jpeg\",\"contentUrl\":\"https:\\\/\\\/orfeve.com\\\/wp-content\\\/uploads\\\/2021\\\/05\\\/Orfeve-Manufacture-Suisse-de-Cacao-et-Chocolat-logo.jpeg\",\"width\":427,\"height\":170,\"caption\":\"ORF\u00c8VE\"},\"image\":{\"@id\":\"https:\\\/\\\/orfeve.com\\\/en\\\/#\\\/schema\\\/logo\\\/image\\\/\"},\"sameAs\":[\"https:\\\/\\\/www.facebook.com\\\/orfevechocolat\\\/\",\"https:\\\/\\\/x.com\\\/orfeve_Chocolat\",\"https:\\\/\\\/www.instagram.com\\\/orfeve_chocolat\\\/\",\"https:\\\/\\\/www.linkedin.com\\\/company\\\/orfeve\\\/\"]}]}<\/script>\n<!-- \/ Yoast SEO Premium plugin. -->","yoast_head_json":{"title":"Peruanische Napolitains aus dunkler Schokolade - ORF\u00c8VE Chocolat suisse bean-to-bar","description":"Napolitains aus dunkler Schokolade. Die seltene Grand Cru aus kooperativen Anbaugebieten s\u00fcdamerikanischer Kakaobauern, sorgf\u00e4ltig ausgew\u00e4hlt von ORF\u00c8VE.","robots":{"index":"index","follow":"follow","max-snippet":"max-snippet:-1","max-image-preview":"max-image-preview:large","max-video-preview":"max-video-preview:-1"},"canonical":"https:\/\/orfeve.com\/de\/shop\/gourmet-sets\/dunkle-schokolade-napolitains-peru\/","og_locale":"de_DE","og_type":"article","og_title":"Napolitains Peru","og_description":"Napolitains aus dunkler Schokolade. Die seltene Grand Cru aus kooperativen Anbaugebieten s\u00fcdamerikanischer Kakaobauern, sorgf\u00e4ltig ausgew\u00e4hlt von ORF\u00c8VE.","og_url":"https:\/\/orfeve.com\/de\/shop\/gourmet-sets\/dunkle-schokolade-napolitains-peru\/","og_site_name":"ORF\u00c8VE Chocolat suisse bean-to-bar","article_publisher":"https:\/\/www.facebook.com\/orfevechocolat\/","article_modified_time":"2026-03-16T08:47:28+00:00","og_image":[{"width":900,"height":900,"url":"https:\/\/orfeve.com\/wp-content\/uploads\/2022\/02\/Orfeve-Manufacture-Suisse-de-Cacao-et-Chocolat-bean-to-bar-coffret-napolitains-collection-perou.jpg","type":"image\/jpeg"}],"twitter_card":"summary_large_image","twitter_site":"@orfeve_Chocolat","twitter_misc":{"Gesch\u00e4tzte Lesezeit":"2\u00a0Minuten"},"schema":{"@context":"https:\/\/schema.org","@graph":[{"@type":"WebPage","@id":"https:\/\/orfeve.com\/de\/shop\/gourmet-sets\/dunkle-schokolade-napolitains-peru\/","url":"https:\/\/orfeve.com\/de\/shop\/gourmet-sets\/dunkle-schokolade-napolitains-peru\/","name":"Peruanische Napolitains aus dunkler Schokolade - ORF\u00c8VE Chocolat suisse bean-to-bar","isPartOf":{"@id":"https:\/\/orfeve.com\/en\/#website"},"primaryImageOfPage":{"@id":"https:\/\/orfeve.com\/de\/shop\/gourmet-sets\/dunkle-schokolade-napolitains-peru\/#primaryimage"},"image":{"@id":"https:\/\/orfeve.com\/de\/shop\/gourmet-sets\/dunkle-schokolade-napolitains-peru\/#primaryimage"},"thumbnailUrl":"https:\/\/orfeve.com\/wp-content\/uploads\/2022\/02\/Orfeve-Manufacture-Suisse-de-Cacao-et-Chocolat-bean-to-bar-coffret-napolitains-collection-perou.jpg","datePublished":"2022-02-04T14:57:56+00:00","dateModified":"2026-03-16T08:47:28+00:00","description":"Napolitains aus dunkler Schokolade. Die seltene Grand Cru aus kooperativen Anbaugebieten s\u00fcdamerikanischer Kakaobauern, sorgf\u00e4ltig ausgew\u00e4hlt von ORF\u00c8VE.","breadcrumb":{"@id":"https:\/\/orfeve.com\/de\/shop\/gourmet-sets\/dunkle-schokolade-napolitains-peru\/#breadcrumb"},"inLanguage":"de","potentialAction":[{"@type":"ReadAction","target":["https:\/\/orfeve.com\/de\/shop\/gourmet-sets\/dunkle-schokolade-napolitains-peru\/"]}]},{"@type":"ImageObject","inLanguage":"de","@id":"https:\/\/orfeve.com\/de\/shop\/gourmet-sets\/dunkle-schokolade-napolitains-peru\/#primaryimage","url":"https:\/\/orfeve.com\/wp-content\/uploads\/2022\/02\/Orfeve-Manufacture-Suisse-de-Cacao-et-Chocolat-bean-to-bar-coffret-napolitains-collection-perou.jpg","contentUrl":"https:\/\/orfeve.com\/wp-content\/uploads\/2022\/02\/Orfeve-Manufacture-Suisse-de-Cacao-et-Chocolat-bean-to-bar-coffret-napolitains-collection-perou.jpg","width":900,"height":900},{"@type":"BreadcrumbList","@id":"https:\/\/orfeve.com\/de\/shop\/gourmet-sets\/dunkle-schokolade-napolitains-peru\/#breadcrumb","itemListElement":[{"@type":"ListItem","position":1,"name":"Home","item":"https:\/\/orfeve.com\/de\/"},{"@type":"ListItem","position":2,"name":"Shop","item":"https:\/\/orfeve.com\/de\/shop\/"},{"@type":"ListItem","position":3,"name":"Napolitains Peru"}]},{"@type":"WebSite","@id":"https:\/\/orfeve.com\/en\/#website","url":"https:\/\/orfeve.com\/en\/","name":"ORF\u00c8VE Chocolat suisse bean-to-bar","description":"Manufacture Suisse de Cacao et Chocolat Bean to Bar","publisher":{"@id":"https:\/\/orfeve.com\/en\/#organization"},"potentialAction":[{"@type":"SearchAction","target":{"@type":"EntryPoint","urlTemplate":"https:\/\/orfeve.com\/en\/?s={search_term_string}"},"query-input":{"@type":"PropertyValueSpecification","valueRequired":true,"valueName":"search_term_string"}}],"inLanguage":"de"},{"@type":"Organization","@id":"https:\/\/orfeve.com\/en\/#organization","name":"ORF\u00c8VE","url":"https:\/\/orfeve.com\/en\/","logo":{"@type":"ImageObject","inLanguage":"de","@id":"https:\/\/orfeve.com\/en\/#\/schema\/logo\/image\/","url":"https:\/\/orfeve.com\/wp-content\/uploads\/2021\/05\/Orfeve-Manufacture-Suisse-de-Cacao-et-Chocolat-logo.jpeg","contentUrl":"https:\/\/orfeve.com\/wp-content\/uploads\/2021\/05\/Orfeve-Manufacture-Suisse-de-Cacao-et-Chocolat-logo.jpeg","width":427,"height":170,"caption":"ORF\u00c8VE"},"image":{"@id":"https:\/\/orfeve.com\/en\/#\/schema\/logo\/image\/"},"sameAs":["https:\/\/www.facebook.com\/orfevechocolat\/","https:\/\/x.com\/orfeve_Chocolat","https:\/\/www.instagram.com\/orfeve_chocolat\/","https:\/\/www.linkedin.com\/company\/orfeve\/"]}]}},"_links":{"self":[{"href":"https:\/\/orfeve.com\/de\/wp-json\/wp\/v2\/product\/21894","targetHints":{"allow":["GET"]}}],"collection":[{"href":"https:\/\/orfeve.com\/de\/wp-json\/wp\/v2\/product"}],"about":[{"href":"https:\/\/orfeve.com\/de\/wp-json\/wp\/v2\/types\/product"}],"wp:featuredmedia":[{"embeddable":true,"href":"https:\/\/orfeve.com\/de\/wp-json\/wp\/v2\/media\/21905"}],"wp:attachment":[{"href":"https:\/\/orfeve.com\/de\/wp-json\/wp\/v2\/media?parent=21894"}],"wp:term":[{"taxonomy":"product_brand","embeddable":true,"href":"https:\/\/orfeve.com\/de\/wp-json\/wp\/v2\/product_brand?post=21894"},{"taxonomy":"product_cat","embeddable":true,"href":"https:\/\/orfeve.com\/de\/wp-json\/wp\/v2\/product_cat?post=21894"},{"taxonomy":"product_tag","embeddable":true,"href":"https:\/\/orfeve.com\/de\/wp-json\/wp\/v2\/product_tag?post=21894"}],"curies":[{"name":"wp","href":"https:\/\/api.w.org\/{rel}","templated":true}]}}