{"id":24624,"date":"2024-02-12T14:36:52","date_gmt":"2024-02-12T13:36:52","guid":{"rendered":"https:\/\/orfeve.com\/?post_type=product&#038;p=24624"},"modified":"2026-03-05T08:45:59","modified_gmt":"2026-03-05T07:45:59","slug":"tafel-dunkle-schokolade-quillabamba-100-peru","status":"publish","type":"product","link":"https:\/\/orfeve.com\/de\/shop\/noir-de-noir\/tafel-dunkle-schokolade-quillabamba-100-peru\/","title":{"rendered":"Quillabamba 100 (Peru) &#8211; Extrafeine Dunkle Schokolade"},"content":{"rendered":"\r\n<p>ORF\u00c8VE pr\u00e4sentiert hier eine dunkle Schokolade 100 % Peru: Quillabamba 100. Sie wird aus Chuncho-Kakao hergestellt, einer seltenen einheimischen Sorte, die in 1200 Metern H\u00f6he in einem biologischen Agroforstsystem angebaut wird.<\/p>\r\n<p>Die Stadt Quillabamba liegt an den Ausl\u00e4ufern der Anden im S\u00fcden des Landes. Sie grenzt an den Urubamba-Fluss, am Rande des Heiligen Tals der Inkas, unweit des ber\u00fchmten Machu Picchu.<\/p>\r\n<p>Dieser wertvolle Kakao wird von etwa hundert Familien unter strenger Einhaltung der Richtlinien f\u00fcr biologischen Anbau und Agroforstwirtschaft kultiviert. Die Kakaobohnen sind sehr klein und weisen ein konzentriertes, feines Aroma auf.<\/p>\r\n<p>Die Ernte erfolgt zwischen Januar und April. Der Kakao durchl\u00e4uft eine sanfte Fermentation in Holzkisten und wird anschliessend unter Aufsicht peruanischer Agronomie-Experten nat\u00fcrlich in der Sonne getrocknet.<\/p>\r\n<p>Diese dunkle Schokolade 100 % ist das Ergebnis meisterhaften Bean-to-Bar-K\u00f6nnens \u2013 von der Bohne bis zur Tafel. Sie offenbart die ganze Finesse des Chuncho-Kakaos, einer der seltensten Sorten der Welt, veredelt durch das Know-how von ORF\u00c8VE.<\/p>\r\n","protected":false},"excerpt":{"rendered":"<p>Dunkle Schokolade 100 % Chuncho aus Peru. Cremig und schmelzend entwickelt dieser <em>Cru de Terroir<\/em> Noten von Sandelholz, Muskatnuss und einen subtilen Hauch von Zedrat.<\/p>\n","protected":false},"featured_media":25612,"template":"","meta":[],"product_brand":[],"product_cat":[296],"product_tag":[534],"class_list":{"0":"post-24624","1":"product","2":"type-product","3":"status-publish","4":"has-post-thumbnail","6":"product_cat-noir-de-noir","7":"product_tag-tafeln","9":"first","10":"instock","11":"taxable","12":"shipping-taxable","13":"purchasable","14":"product-type-simple"},"yoast_head":"<!-- This site is optimized with the Yoast SEO Premium plugin v27.4 (Yoast SEO v27.4) - https:\/\/yoast.com\/product\/yoast-seo-premium-wordpress\/ -->\n<title>Dunkle Schokolade 100 % - Quillabamba 100 (Peru) - Noir de Noir - ORF\u00c8VE Chocolat suisse bean-to-bar<\/title>\n<meta name=\"description\" content=\"Tafel dunkle Schokolade 100 % Peru. ORF\u00c8VEs Quillabamba 100 offenbart holzige und w\u00fcrzige Noten, verfeinert mit einem Hauch von Zedrat.\" \/>\n<meta name=\"robots\" content=\"index, follow, max-snippet:-1, max-image-preview:large, max-video-preview:-1\" \/>\n<link rel=\"canonical\" href=\"https:\/\/orfeve.com\/de\/shop\/noir-de-noir\/tafel-dunkle-schokolade-quillabamba-100-peru\/\" \/>\n<meta property=\"og:locale\" content=\"de_DE\" \/>\n<meta property=\"og:type\" content=\"article\" \/>\n<meta property=\"og:title\" content=\"Quillabamba 100 (Peru) - Extrafeine Dunkle Schokolade\" \/>\n<meta property=\"og:description\" content=\"Tafel dunkle Schokolade 100 % Peru. ORF\u00c8VEs Quillabamba 100 offenbart holzige und w\u00fcrzige Noten, verfeinert mit einem Hauch von Zedrat.\" \/>\n<meta property=\"og:url\" content=\"https:\/\/orfeve.com\/de\/shop\/noir-de-noir\/tafel-dunkle-schokolade-quillabamba-100-peru\/\" \/>\n<meta property=\"og:site_name\" content=\"ORF\u00c8VE Chocolat suisse bean-to-bar\" \/>\n<meta property=\"article:publisher\" content=\"https:\/\/www.facebook.com\/orfevechocolat\/\" \/>\n<meta property=\"article:modified_time\" content=\"2026-03-05T07:45:59+00:00\" \/>\n<meta property=\"og:image\" content=\"https:\/\/orfeve.com\/wp-content\/uploads\/2024\/02\/ORFEVE_Noir-de-Noir_chocolat_QUILLABAMBA-100.jpg\" \/>\n\t<meta property=\"og:image:width\" content=\"900\" \/>\n\t<meta property=\"og:image:height\" content=\"900\" \/>\n\t<meta property=\"og:image:type\" content=\"image\/jpeg\" \/>\n<meta name=\"twitter:card\" content=\"summary_large_image\" \/>\n<meta name=\"twitter:site\" content=\"@orfeve_Chocolat\" \/>\n<meta name=\"twitter:label1\" content=\"Gesch\u00e4tzte Lesezeit\" \/>\n\t<meta name=\"twitter:data1\" content=\"1\u00a0Minute\" \/>\n<script type=\"application\/ld+json\" class=\"yoast-schema-graph\">{\"@context\":\"https:\\\/\\\/schema.org\",\"@graph\":[{\"@type\":\"WebPage\",\"@id\":\"https:\\\/\\\/orfeve.com\\\/de\\\/shop\\\/noir-de-noir\\\/tafel-dunkle-schokolade-quillabamba-100-peru\\\/\",\"url\":\"https:\\\/\\\/orfeve.com\\\/de\\\/shop\\\/noir-de-noir\\\/tafel-dunkle-schokolade-quillabamba-100-peru\\\/\",\"name\":\"Dunkle Schokolade 100 % - Quillabamba 100 (Peru) - Noir de Noir - ORF\u00c8VE Chocolat suisse bean-to-bar\",\"isPartOf\":{\"@id\":\"https:\\\/\\\/orfeve.com\\\/en\\\/#website\"},\"primaryImageOfPage\":{\"@id\":\"https:\\\/\\\/orfeve.com\\\/de\\\/shop\\\/noir-de-noir\\\/tafel-dunkle-schokolade-quillabamba-100-peru\\\/#primaryimage\"},\"image\":{\"@id\":\"https:\\\/\\\/orfeve.com\\\/de\\\/shop\\\/noir-de-noir\\\/tafel-dunkle-schokolade-quillabamba-100-peru\\\/#primaryimage\"},\"thumbnailUrl\":\"https:\\\/\\\/orfeve.com\\\/wp-content\\\/uploads\\\/2024\\\/02\\\/ORFEVE_Noir-de-Noir_chocolat_QUILLABAMBA-100.jpg\",\"datePublished\":\"2024-02-12T13:36:52+00:00\",\"dateModified\":\"2026-03-05T07:45:59+00:00\",\"description\":\"Tafel dunkle Schokolade 100 % Peru. ORF\u00c8VEs Quillabamba 100 offenbart holzige und w\u00fcrzige Noten, verfeinert mit einem Hauch von Zedrat.\",\"breadcrumb\":{\"@id\":\"https:\\\/\\\/orfeve.com\\\/de\\\/shop\\\/noir-de-noir\\\/tafel-dunkle-schokolade-quillabamba-100-peru\\\/#breadcrumb\"},\"inLanguage\":\"de\",\"potentialAction\":[{\"@type\":\"ReadAction\",\"target\":[\"https:\\\/\\\/orfeve.com\\\/de\\\/shop\\\/noir-de-noir\\\/tafel-dunkle-schokolade-quillabamba-100-peru\\\/\"]}]},{\"@type\":\"ImageObject\",\"inLanguage\":\"de\",\"@id\":\"https:\\\/\\\/orfeve.com\\\/de\\\/shop\\\/noir-de-noir\\\/tafel-dunkle-schokolade-quillabamba-100-peru\\\/#primaryimage\",\"url\":\"https:\\\/\\\/orfeve.com\\\/wp-content\\\/uploads\\\/2024\\\/02\\\/ORFEVE_Noir-de-Noir_chocolat_QUILLABAMBA-100.jpg\",\"contentUrl\":\"https:\\\/\\\/orfeve.com\\\/wp-content\\\/uploads\\\/2024\\\/02\\\/ORFEVE_Noir-de-Noir_chocolat_QUILLABAMBA-100.jpg\",\"width\":900,\"height\":900},{\"@type\":\"BreadcrumbList\",\"@id\":\"https:\\\/\\\/orfeve.com\\\/de\\\/shop\\\/noir-de-noir\\\/tafel-dunkle-schokolade-quillabamba-100-peru\\\/#breadcrumb\",\"itemListElement\":[{\"@type\":\"ListItem\",\"position\":1,\"name\":\"Home\",\"item\":\"https:\\\/\\\/orfeve.com\\\/de\\\/\"},{\"@type\":\"ListItem\",\"position\":2,\"name\":\"Shop\",\"item\":\"https:\\\/\\\/orfeve.com\\\/de\\\/shop\\\/\"},{\"@type\":\"ListItem\",\"position\":3,\"name\":\"Quillabamba 100 (Peru) &#8211; Extrafeine Dunkle Schokolade\"}]},{\"@type\":\"WebSite\",\"@id\":\"https:\\\/\\\/orfeve.com\\\/en\\\/#website\",\"url\":\"https:\\\/\\\/orfeve.com\\\/en\\\/\",\"name\":\"ORF\u00c8VE Chocolat suisse bean-to-bar\",\"description\":\"Manufacture Suisse de Cacao et Chocolat Bean to Bar\",\"publisher\":{\"@id\":\"https:\\\/\\\/orfeve.com\\\/en\\\/#organization\"},\"potentialAction\":[{\"@type\":\"SearchAction\",\"target\":{\"@type\":\"EntryPoint\",\"urlTemplate\":\"https:\\\/\\\/orfeve.com\\\/en\\\/?s={search_term_string}\"},\"query-input\":{\"@type\":\"PropertyValueSpecification\",\"valueRequired\":true,\"valueName\":\"search_term_string\"}}],\"inLanguage\":\"de\"},{\"@type\":\"Organization\",\"@id\":\"https:\\\/\\\/orfeve.com\\\/en\\\/#organization\",\"name\":\"ORF\u00c8VE\",\"url\":\"https:\\\/\\\/orfeve.com\\\/en\\\/\",\"logo\":{\"@type\":\"ImageObject\",\"inLanguage\":\"de\",\"@id\":\"https:\\\/\\\/orfeve.com\\\/en\\\/#\\\/schema\\\/logo\\\/image\\\/\",\"url\":\"https:\\\/\\\/orfeve.com\\\/wp-content\\\/uploads\\\/2021\\\/05\\\/Orfeve-Manufacture-Suisse-de-Cacao-et-Chocolat-logo.jpeg\",\"contentUrl\":\"https:\\\/\\\/orfeve.com\\\/wp-content\\\/uploads\\\/2021\\\/05\\\/Orfeve-Manufacture-Suisse-de-Cacao-et-Chocolat-logo.jpeg\",\"width\":427,\"height\":170,\"caption\":\"ORF\u00c8VE\"},\"image\":{\"@id\":\"https:\\\/\\\/orfeve.com\\\/en\\\/#\\\/schema\\\/logo\\\/image\\\/\"},\"sameAs\":[\"https:\\\/\\\/www.facebook.com\\\/orfevechocolat\\\/\",\"https:\\\/\\\/x.com\\\/orfeve_Chocolat\",\"https:\\\/\\\/www.instagram.com\\\/orfeve_chocolat\\\/\",\"https:\\\/\\\/www.linkedin.com\\\/company\\\/orfeve\\\/\"]}]}<\/script>\n<!-- \/ Yoast SEO Premium plugin. -->","yoast_head_json":{"title":"Dunkle Schokolade 100 % - Quillabamba 100 (Peru) - Noir de Noir - ORF\u00c8VE Chocolat suisse bean-to-bar","description":"Tafel dunkle Schokolade 100 % Peru. ORF\u00c8VEs Quillabamba 100 offenbart holzige und w\u00fcrzige Noten, verfeinert mit einem Hauch von Zedrat.","robots":{"index":"index","follow":"follow","max-snippet":"max-snippet:-1","max-image-preview":"max-image-preview:large","max-video-preview":"max-video-preview:-1"},"canonical":"https:\/\/orfeve.com\/de\/shop\/noir-de-noir\/tafel-dunkle-schokolade-quillabamba-100-peru\/","og_locale":"de_DE","og_type":"article","og_title":"Quillabamba 100 (Peru) - Extrafeine Dunkle Schokolade","og_description":"Tafel dunkle Schokolade 100 % Peru. ORF\u00c8VEs Quillabamba 100 offenbart holzige und w\u00fcrzige Noten, verfeinert mit einem Hauch von Zedrat.","og_url":"https:\/\/orfeve.com\/de\/shop\/noir-de-noir\/tafel-dunkle-schokolade-quillabamba-100-peru\/","og_site_name":"ORF\u00c8VE Chocolat suisse bean-to-bar","article_publisher":"https:\/\/www.facebook.com\/orfevechocolat\/","article_modified_time":"2026-03-05T07:45:59+00:00","og_image":[{"width":900,"height":900,"url":"https:\/\/orfeve.com\/wp-content\/uploads\/2024\/02\/ORFEVE_Noir-de-Noir_chocolat_QUILLABAMBA-100.jpg","type":"image\/jpeg"}],"twitter_card":"summary_large_image","twitter_site":"@orfeve_Chocolat","twitter_misc":{"Gesch\u00e4tzte Lesezeit":"1\u00a0Minute"},"schema":{"@context":"https:\/\/schema.org","@graph":[{"@type":"WebPage","@id":"https:\/\/orfeve.com\/de\/shop\/noir-de-noir\/tafel-dunkle-schokolade-quillabamba-100-peru\/","url":"https:\/\/orfeve.com\/de\/shop\/noir-de-noir\/tafel-dunkle-schokolade-quillabamba-100-peru\/","name":"Dunkle Schokolade 100 % - Quillabamba 100 (Peru) - Noir de Noir - ORF\u00c8VE Chocolat suisse bean-to-bar","isPartOf":{"@id":"https:\/\/orfeve.com\/en\/#website"},"primaryImageOfPage":{"@id":"https:\/\/orfeve.com\/de\/shop\/noir-de-noir\/tafel-dunkle-schokolade-quillabamba-100-peru\/#primaryimage"},"image":{"@id":"https:\/\/orfeve.com\/de\/shop\/noir-de-noir\/tafel-dunkle-schokolade-quillabamba-100-peru\/#primaryimage"},"thumbnailUrl":"https:\/\/orfeve.com\/wp-content\/uploads\/2024\/02\/ORFEVE_Noir-de-Noir_chocolat_QUILLABAMBA-100.jpg","datePublished":"2024-02-12T13:36:52+00:00","dateModified":"2026-03-05T07:45:59+00:00","description":"Tafel dunkle Schokolade 100 % Peru. ORF\u00c8VEs Quillabamba 100 offenbart holzige und w\u00fcrzige Noten, verfeinert mit einem Hauch von Zedrat.","breadcrumb":{"@id":"https:\/\/orfeve.com\/de\/shop\/noir-de-noir\/tafel-dunkle-schokolade-quillabamba-100-peru\/#breadcrumb"},"inLanguage":"de","potentialAction":[{"@type":"ReadAction","target":["https:\/\/orfeve.com\/de\/shop\/noir-de-noir\/tafel-dunkle-schokolade-quillabamba-100-peru\/"]}]},{"@type":"ImageObject","inLanguage":"de","@id":"https:\/\/orfeve.com\/de\/shop\/noir-de-noir\/tafel-dunkle-schokolade-quillabamba-100-peru\/#primaryimage","url":"https:\/\/orfeve.com\/wp-content\/uploads\/2024\/02\/ORFEVE_Noir-de-Noir_chocolat_QUILLABAMBA-100.jpg","contentUrl":"https:\/\/orfeve.com\/wp-content\/uploads\/2024\/02\/ORFEVE_Noir-de-Noir_chocolat_QUILLABAMBA-100.jpg","width":900,"height":900},{"@type":"BreadcrumbList","@id":"https:\/\/orfeve.com\/de\/shop\/noir-de-noir\/tafel-dunkle-schokolade-quillabamba-100-peru\/#breadcrumb","itemListElement":[{"@type":"ListItem","position":1,"name":"Home","item":"https:\/\/orfeve.com\/de\/"},{"@type":"ListItem","position":2,"name":"Shop","item":"https:\/\/orfeve.com\/de\/shop\/"},{"@type":"ListItem","position":3,"name":"Quillabamba 100 (Peru) &#8211; Extrafeine Dunkle Schokolade"}]},{"@type":"WebSite","@id":"https:\/\/orfeve.com\/en\/#website","url":"https:\/\/orfeve.com\/en\/","name":"ORF\u00c8VE Chocolat suisse bean-to-bar","description":"Manufacture Suisse de Cacao et Chocolat Bean to Bar","publisher":{"@id":"https:\/\/orfeve.com\/en\/#organization"},"potentialAction":[{"@type":"SearchAction","target":{"@type":"EntryPoint","urlTemplate":"https:\/\/orfeve.com\/en\/?s={search_term_string}"},"query-input":{"@type":"PropertyValueSpecification","valueRequired":true,"valueName":"search_term_string"}}],"inLanguage":"de"},{"@type":"Organization","@id":"https:\/\/orfeve.com\/en\/#organization","name":"ORF\u00c8VE","url":"https:\/\/orfeve.com\/en\/","logo":{"@type":"ImageObject","inLanguage":"de","@id":"https:\/\/orfeve.com\/en\/#\/schema\/logo\/image\/","url":"https:\/\/orfeve.com\/wp-content\/uploads\/2021\/05\/Orfeve-Manufacture-Suisse-de-Cacao-et-Chocolat-logo.jpeg","contentUrl":"https:\/\/orfeve.com\/wp-content\/uploads\/2021\/05\/Orfeve-Manufacture-Suisse-de-Cacao-et-Chocolat-logo.jpeg","width":427,"height":170,"caption":"ORF\u00c8VE"},"image":{"@id":"https:\/\/orfeve.com\/en\/#\/schema\/logo\/image\/"},"sameAs":["https:\/\/www.facebook.com\/orfevechocolat\/","https:\/\/x.com\/orfeve_Chocolat","https:\/\/www.instagram.com\/orfeve_chocolat\/","https:\/\/www.linkedin.com\/company\/orfeve\/"]}]}},"_links":{"self":[{"href":"https:\/\/orfeve.com\/de\/wp-json\/wp\/v2\/product\/24624","targetHints":{"allow":["GET"]}}],"collection":[{"href":"https:\/\/orfeve.com\/de\/wp-json\/wp\/v2\/product"}],"about":[{"href":"https:\/\/orfeve.com\/de\/wp-json\/wp\/v2\/types\/product"}],"wp:featuredmedia":[{"embeddable":true,"href":"https:\/\/orfeve.com\/de\/wp-json\/wp\/v2\/media\/25612"}],"wp:attachment":[{"href":"https:\/\/orfeve.com\/de\/wp-json\/wp\/v2\/media?parent=24624"}],"wp:term":[{"taxonomy":"product_brand","embeddable":true,"href":"https:\/\/orfeve.com\/de\/wp-json\/wp\/v2\/product_brand?post=24624"},{"taxonomy":"product_cat","embeddable":true,"href":"https:\/\/orfeve.com\/de\/wp-json\/wp\/v2\/product_cat?post=24624"},{"taxonomy":"product_tag","embeddable":true,"href":"https:\/\/orfeve.com\/de\/wp-json\/wp\/v2\/product_tag?post=24624"}],"curies":[{"name":"wp","href":"https:\/\/api.w.org\/{rel}","templated":true}]}}