{"id":25451,"date":"2025-03-31T16:43:44","date_gmt":"2025-03-31T14:43:44","guid":{"rendered":"https:\/\/orfeve.com\/?post_type=product&#038;p=25451"},"modified":"2026-03-05T08:37:04","modified_gmt":"2026-03-05T07:37:04","slug":"tafel-dunkle-schokolade-birne-pfefferminze-ohne-zuckerzusatz","status":"publish","type":"product","link":"https:\/\/orfeve.com\/de\/shop\/noir-de-fruits\/tafel-dunkle-schokolade-birne-pfefferminze-ohne-zuckerzusatz\/","title":{"rendered":"Birne &amp; Pfefferminze \u2013 Dunkle Schokolade ohne Zuckerzusatz"},"content":{"rendered":"\r\n<div>\r\n<p class=\"p2\">Die kleine Stadt Quillabamba erstreckt sich an den Ausl\u00e4ufern der Anden im S\u00fcden Perus. Sie liegt nur wenige Kilometer vom ber\u00fchmten Machu Picchu entfernt. Dort wachsen die Bohnen f\u00fcr unsere dunkle Schokolade ohne Zuckerzusatz Birne &amp; Pfefferminze.<\/p>\r\n<\/div>\r\n<div>\r\n<p class=\"p2\">Quillabamba grenzt an den Urubamba-Fluss, am Rand des Heiligen Tals der Inka. Die W\u00e4lder beherbergen eine einheimische Kakaosorte, die zu den seltensten der Welt z\u00e4hlt: den Chuncho. Er zeigt sich in sehr kleinen Bohnen mit feinen und konzentrierten Aromen.<\/p>\r\n<\/div>\r\n<div>\r\n<p class=\"p2\">Etwa hundert Familien bauen diesen wertvollen Kakao in einer durchschnittlichen H\u00f6he von 1200 Metern an. Sie tun dies unter strenger Einhaltung der Grunds\u00e4tze des biologischen Landbaus und der Agroforstwirtschaft.<\/p>\r\n<\/div>\r\n<div>\r\n<p class=\"p2\">Er wird zwischen Januar und April geerntet, schonend in Holzkisten fermentiert und unter Aufsicht peruanischer Agronomen in der Sonne getrocknet.<\/p>\r\n<\/div>\r\n<div>\r\n<p class=\"p2\">Unsere dunkle Schokolade ohne Zuckerzusatz Birne &amp; Pfefferminze verk\u00f6rpert voll und ganz den Bean-to-Bar-Ansatz von ORF\u00c8VE: Respekt vor dem Terroir, Respekt vor dem Menschen, technisches Know-how und h\u00f6chste geschmackliche Anspr\u00fcche.<\/p>\r\n<\/div>\r\n<div>\r\n<p class=\"p2\">Sie enth\u00e4lt nur drei Zutaten: eine frische Williams-Birne von etwa 200 Gramm, schonend gefriergetrocknet, au\u00dfergew\u00f6hnlichen Kakao und eine Prise Pfefferminze.<\/p>\r\n<\/div>\r\n<div>\r\n<p class=\"p2\">Ohne Zuckerzusatz offenbart diese Kreation eine dichte, genussvolle Textur \u2013 ganz im Zeichen der Frucht, die sie tr\u00e4gt.<\/p>\r\n<\/div>\r\n","protected":false},"excerpt":{"rendered":"<p><strong>Rezeptgeheimnis:<\/strong> Eine frische Williamsbirne von etwa 200 Gramm schonend gefriergetrocknet, au\u00dfergew\u00f6hnlicher Kakao und ein Hauch von Pfefferminze. Das ist alles!<\/p>\n","protected":false},"featured_media":25455,"template":"","meta":[],"product_brand":[],"product_cat":[583],"product_tag":[534],"class_list":{"0":"post-25451","1":"product","2":"type-product","3":"status-publish","4":"has-post-thumbnail","6":"product_cat-noir-de-fruits","7":"product_tag-tafeln","9":"first","10":"instock","11":"taxable","12":"shipping-taxable","13":"purchasable","14":"product-type-simple"},"yoast_head":"<!-- This site is optimized with the Yoast SEO Premium plugin v27.3 (Yoast SEO v27.3) - https:\/\/yoast.com\/product\/yoast-seo-premium-wordpress\/ -->\n<title>Dunkle Schokolade ohne Zuckerzusatz Birne &amp; Pfefferminze - ORF\u00c8VE Chocolat suisse bean-to-bar<\/title>\n<meta name=\"description\" content=\"Dunkle Schokolade ohne Zuckerzusatz, verfeinert von ORF\u00c8VE. Ein bean-to-bar-Tablette mit Williamsbirne, Chuncho Kakao und einer feinen Prise Pfefferminze.\" \/>\n<meta name=\"robots\" content=\"index, follow, max-snippet:-1, max-image-preview:large, max-video-preview:-1\" \/>\n<link rel=\"canonical\" href=\"https:\/\/orfeve.com\/de\/shop\/noir-de-fruits\/tafel-dunkle-schokolade-birne-pfefferminze-ohne-zuckerzusatz\/\" \/>\n<meta property=\"og:locale\" content=\"de_DE\" \/>\n<meta property=\"og:type\" content=\"article\" \/>\n<meta property=\"og:title\" content=\"Birne &amp; Pfefferminze \u2013 Dunkle Schokolade ohne Zuckerzusatz\" \/>\n<meta property=\"og:description\" content=\"Dunkle Schokolade ohne Zuckerzusatz, verfeinert von ORF\u00c8VE. Ein bean-to-bar-Tablette mit Williamsbirne, Chuncho Kakao und einer feinen Prise Pfefferminze.\" \/>\n<meta property=\"og:url\" content=\"https:\/\/orfeve.com\/de\/shop\/noir-de-fruits\/tafel-dunkle-schokolade-birne-pfefferminze-ohne-zuckerzusatz\/\" \/>\n<meta property=\"og:site_name\" content=\"ORF\u00c8VE Chocolat suisse bean-to-bar\" \/>\n<meta property=\"article:publisher\" content=\"https:\/\/www.facebook.com\/orfevechocolat\/\" \/>\n<meta property=\"article:modified_time\" content=\"2026-03-05T07:37:04+00:00\" \/>\n<meta property=\"og:image\" content=\"https:\/\/orfeve.com\/wp-content\/uploads\/2025\/03\/ORFEVE_Noir-de-Fruits_Poire-Menthe-poivree.jpg\" \/>\n\t<meta property=\"og:image:width\" content=\"900\" \/>\n\t<meta property=\"og:image:height\" content=\"900\" \/>\n\t<meta property=\"og:image:type\" content=\"image\/jpeg\" \/>\n<meta name=\"twitter:card\" content=\"summary_large_image\" \/>\n<meta name=\"twitter:site\" content=\"@orfeve_Chocolat\" \/>\n<meta name=\"twitter:label1\" content=\"Gesch\u00e4tzte Lesezeit\" \/>\n\t<meta name=\"twitter:data1\" content=\"2\u00a0Minuten\" \/>\n<script type=\"application\/ld+json\" class=\"yoast-schema-graph\">{\"@context\":\"https:\\\/\\\/schema.org\",\"@graph\":[{\"@type\":\"WebPage\",\"@id\":\"https:\\\/\\\/orfeve.com\\\/de\\\/shop\\\/noir-de-fruits\\\/tafel-dunkle-schokolade-birne-pfefferminze-ohne-zuckerzusatz\\\/\",\"url\":\"https:\\\/\\\/orfeve.com\\\/de\\\/shop\\\/noir-de-fruits\\\/tafel-dunkle-schokolade-birne-pfefferminze-ohne-zuckerzusatz\\\/\",\"name\":\"Dunkle Schokolade ohne Zuckerzusatz Birne & Pfefferminze - ORF\u00c8VE Chocolat suisse bean-to-bar\",\"isPartOf\":{\"@id\":\"https:\\\/\\\/orfeve.com\\\/en\\\/#website\"},\"primaryImageOfPage\":{\"@id\":\"https:\\\/\\\/orfeve.com\\\/de\\\/shop\\\/noir-de-fruits\\\/tafel-dunkle-schokolade-birne-pfefferminze-ohne-zuckerzusatz\\\/#primaryimage\"},\"image\":{\"@id\":\"https:\\\/\\\/orfeve.com\\\/de\\\/shop\\\/noir-de-fruits\\\/tafel-dunkle-schokolade-birne-pfefferminze-ohne-zuckerzusatz\\\/#primaryimage\"},\"thumbnailUrl\":\"https:\\\/\\\/orfeve.com\\\/wp-content\\\/uploads\\\/2025\\\/03\\\/ORFEVE_Noir-de-Fruits_Poire-Menthe-poivree.jpg\",\"datePublished\":\"2025-03-31T14:43:44+00:00\",\"dateModified\":\"2026-03-05T07:37:04+00:00\",\"description\":\"Dunkle Schokolade ohne Zuckerzusatz, verfeinert von ORF\u00c8VE. Ein bean-to-bar-Tablette mit Williamsbirne, Chuncho Kakao und einer feinen Prise Pfefferminze.\",\"breadcrumb\":{\"@id\":\"https:\\\/\\\/orfeve.com\\\/de\\\/shop\\\/noir-de-fruits\\\/tafel-dunkle-schokolade-birne-pfefferminze-ohne-zuckerzusatz\\\/#breadcrumb\"},\"inLanguage\":\"de\",\"potentialAction\":[{\"@type\":\"ReadAction\",\"target\":[\"https:\\\/\\\/orfeve.com\\\/de\\\/shop\\\/noir-de-fruits\\\/tafel-dunkle-schokolade-birne-pfefferminze-ohne-zuckerzusatz\\\/\"]}]},{\"@type\":\"ImageObject\",\"inLanguage\":\"de\",\"@id\":\"https:\\\/\\\/orfeve.com\\\/de\\\/shop\\\/noir-de-fruits\\\/tafel-dunkle-schokolade-birne-pfefferminze-ohne-zuckerzusatz\\\/#primaryimage\",\"url\":\"https:\\\/\\\/orfeve.com\\\/wp-content\\\/uploads\\\/2025\\\/03\\\/ORFEVE_Noir-de-Fruits_Poire-Menthe-poivree.jpg\",\"contentUrl\":\"https:\\\/\\\/orfeve.com\\\/wp-content\\\/uploads\\\/2025\\\/03\\\/ORFEVE_Noir-de-Fruits_Poire-Menthe-poivree.jpg\",\"width\":900,\"height\":900},{\"@type\":\"BreadcrumbList\",\"@id\":\"https:\\\/\\\/orfeve.com\\\/de\\\/shop\\\/noir-de-fruits\\\/tafel-dunkle-schokolade-birne-pfefferminze-ohne-zuckerzusatz\\\/#breadcrumb\",\"itemListElement\":[{\"@type\":\"ListItem\",\"position\":1,\"name\":\"Home\",\"item\":\"https:\\\/\\\/orfeve.com\\\/de\\\/\"},{\"@type\":\"ListItem\",\"position\":2,\"name\":\"Shop\",\"item\":\"https:\\\/\\\/orfeve.com\\\/de\\\/shop\\\/\"},{\"@type\":\"ListItem\",\"position\":3,\"name\":\"Birne &amp; Pfefferminze \u2013 Dunkle Schokolade ohne Zuckerzusatz\"}]},{\"@type\":\"WebSite\",\"@id\":\"https:\\\/\\\/orfeve.com\\\/en\\\/#website\",\"url\":\"https:\\\/\\\/orfeve.com\\\/en\\\/\",\"name\":\"ORF\u00c8VE Chocolat suisse bean-to-bar\",\"description\":\"Manufacture Suisse de Cacao et Chocolat Bean to Bar\",\"publisher\":{\"@id\":\"https:\\\/\\\/orfeve.com\\\/en\\\/#organization\"},\"potentialAction\":[{\"@type\":\"SearchAction\",\"target\":{\"@type\":\"EntryPoint\",\"urlTemplate\":\"https:\\\/\\\/orfeve.com\\\/en\\\/?s={search_term_string}\"},\"query-input\":{\"@type\":\"PropertyValueSpecification\",\"valueRequired\":true,\"valueName\":\"search_term_string\"}}],\"inLanguage\":\"de\"},{\"@type\":\"Organization\",\"@id\":\"https:\\\/\\\/orfeve.com\\\/en\\\/#organization\",\"name\":\"ORF\u00c8VE\",\"url\":\"https:\\\/\\\/orfeve.com\\\/en\\\/\",\"logo\":{\"@type\":\"ImageObject\",\"inLanguage\":\"de\",\"@id\":\"https:\\\/\\\/orfeve.com\\\/en\\\/#\\\/schema\\\/logo\\\/image\\\/\",\"url\":\"https:\\\/\\\/orfeve.com\\\/wp-content\\\/uploads\\\/2021\\\/05\\\/Orfeve-Manufacture-Suisse-de-Cacao-et-Chocolat-logo.jpeg\",\"contentUrl\":\"https:\\\/\\\/orfeve.com\\\/wp-content\\\/uploads\\\/2021\\\/05\\\/Orfeve-Manufacture-Suisse-de-Cacao-et-Chocolat-logo.jpeg\",\"width\":427,\"height\":170,\"caption\":\"ORF\u00c8VE\"},\"image\":{\"@id\":\"https:\\\/\\\/orfeve.com\\\/en\\\/#\\\/schema\\\/logo\\\/image\\\/\"},\"sameAs\":[\"https:\\\/\\\/www.facebook.com\\\/orfevechocolat\\\/\",\"https:\\\/\\\/x.com\\\/orfeve_Chocolat\",\"https:\\\/\\\/www.instagram.com\\\/orfeve_chocolat\\\/\",\"https:\\\/\\\/www.linkedin.com\\\/company\\\/orfeve\\\/\"]}]}<\/script>\n<!-- \/ Yoast SEO Premium plugin. -->","yoast_head_json":{"title":"Dunkle Schokolade ohne Zuckerzusatz Birne & Pfefferminze - ORF\u00c8VE Chocolat suisse bean-to-bar","description":"Dunkle Schokolade ohne Zuckerzusatz, verfeinert von ORF\u00c8VE. Ein bean-to-bar-Tablette mit Williamsbirne, Chuncho Kakao und einer feinen Prise Pfefferminze.","robots":{"index":"index","follow":"follow","max-snippet":"max-snippet:-1","max-image-preview":"max-image-preview:large","max-video-preview":"max-video-preview:-1"},"canonical":"https:\/\/orfeve.com\/de\/shop\/noir-de-fruits\/tafel-dunkle-schokolade-birne-pfefferminze-ohne-zuckerzusatz\/","og_locale":"de_DE","og_type":"article","og_title":"Birne &amp; Pfefferminze \u2013 Dunkle Schokolade ohne Zuckerzusatz","og_description":"Dunkle Schokolade ohne Zuckerzusatz, verfeinert von ORF\u00c8VE. Ein bean-to-bar-Tablette mit Williamsbirne, Chuncho Kakao und einer feinen Prise Pfefferminze.","og_url":"https:\/\/orfeve.com\/de\/shop\/noir-de-fruits\/tafel-dunkle-schokolade-birne-pfefferminze-ohne-zuckerzusatz\/","og_site_name":"ORF\u00c8VE Chocolat suisse bean-to-bar","article_publisher":"https:\/\/www.facebook.com\/orfevechocolat\/","article_modified_time":"2026-03-05T07:37:04+00:00","og_image":[{"width":900,"height":900,"url":"https:\/\/orfeve.com\/wp-content\/uploads\/2025\/03\/ORFEVE_Noir-de-Fruits_Poire-Menthe-poivree.jpg","type":"image\/jpeg"}],"twitter_card":"summary_large_image","twitter_site":"@orfeve_Chocolat","twitter_misc":{"Gesch\u00e4tzte Lesezeit":"2\u00a0Minuten"},"schema":{"@context":"https:\/\/schema.org","@graph":[{"@type":"WebPage","@id":"https:\/\/orfeve.com\/de\/shop\/noir-de-fruits\/tafel-dunkle-schokolade-birne-pfefferminze-ohne-zuckerzusatz\/","url":"https:\/\/orfeve.com\/de\/shop\/noir-de-fruits\/tafel-dunkle-schokolade-birne-pfefferminze-ohne-zuckerzusatz\/","name":"Dunkle Schokolade ohne Zuckerzusatz Birne & Pfefferminze - ORF\u00c8VE Chocolat suisse bean-to-bar","isPartOf":{"@id":"https:\/\/orfeve.com\/en\/#website"},"primaryImageOfPage":{"@id":"https:\/\/orfeve.com\/de\/shop\/noir-de-fruits\/tafel-dunkle-schokolade-birne-pfefferminze-ohne-zuckerzusatz\/#primaryimage"},"image":{"@id":"https:\/\/orfeve.com\/de\/shop\/noir-de-fruits\/tafel-dunkle-schokolade-birne-pfefferminze-ohne-zuckerzusatz\/#primaryimage"},"thumbnailUrl":"https:\/\/orfeve.com\/wp-content\/uploads\/2025\/03\/ORFEVE_Noir-de-Fruits_Poire-Menthe-poivree.jpg","datePublished":"2025-03-31T14:43:44+00:00","dateModified":"2026-03-05T07:37:04+00:00","description":"Dunkle Schokolade ohne Zuckerzusatz, verfeinert von ORF\u00c8VE. Ein bean-to-bar-Tablette mit Williamsbirne, Chuncho Kakao und einer feinen Prise Pfefferminze.","breadcrumb":{"@id":"https:\/\/orfeve.com\/de\/shop\/noir-de-fruits\/tafel-dunkle-schokolade-birne-pfefferminze-ohne-zuckerzusatz\/#breadcrumb"},"inLanguage":"de","potentialAction":[{"@type":"ReadAction","target":["https:\/\/orfeve.com\/de\/shop\/noir-de-fruits\/tafel-dunkle-schokolade-birne-pfefferminze-ohne-zuckerzusatz\/"]}]},{"@type":"ImageObject","inLanguage":"de","@id":"https:\/\/orfeve.com\/de\/shop\/noir-de-fruits\/tafel-dunkle-schokolade-birne-pfefferminze-ohne-zuckerzusatz\/#primaryimage","url":"https:\/\/orfeve.com\/wp-content\/uploads\/2025\/03\/ORFEVE_Noir-de-Fruits_Poire-Menthe-poivree.jpg","contentUrl":"https:\/\/orfeve.com\/wp-content\/uploads\/2025\/03\/ORFEVE_Noir-de-Fruits_Poire-Menthe-poivree.jpg","width":900,"height":900},{"@type":"BreadcrumbList","@id":"https:\/\/orfeve.com\/de\/shop\/noir-de-fruits\/tafel-dunkle-schokolade-birne-pfefferminze-ohne-zuckerzusatz\/#breadcrumb","itemListElement":[{"@type":"ListItem","position":1,"name":"Home","item":"https:\/\/orfeve.com\/de\/"},{"@type":"ListItem","position":2,"name":"Shop","item":"https:\/\/orfeve.com\/de\/shop\/"},{"@type":"ListItem","position":3,"name":"Birne &amp; Pfefferminze \u2013 Dunkle Schokolade ohne Zuckerzusatz"}]},{"@type":"WebSite","@id":"https:\/\/orfeve.com\/en\/#website","url":"https:\/\/orfeve.com\/en\/","name":"ORF\u00c8VE Chocolat suisse bean-to-bar","description":"Manufacture Suisse de Cacao et Chocolat Bean to Bar","publisher":{"@id":"https:\/\/orfeve.com\/en\/#organization"},"potentialAction":[{"@type":"SearchAction","target":{"@type":"EntryPoint","urlTemplate":"https:\/\/orfeve.com\/en\/?s={search_term_string}"},"query-input":{"@type":"PropertyValueSpecification","valueRequired":true,"valueName":"search_term_string"}}],"inLanguage":"de"},{"@type":"Organization","@id":"https:\/\/orfeve.com\/en\/#organization","name":"ORF\u00c8VE","url":"https:\/\/orfeve.com\/en\/","logo":{"@type":"ImageObject","inLanguage":"de","@id":"https:\/\/orfeve.com\/en\/#\/schema\/logo\/image\/","url":"https:\/\/orfeve.com\/wp-content\/uploads\/2021\/05\/Orfeve-Manufacture-Suisse-de-Cacao-et-Chocolat-logo.jpeg","contentUrl":"https:\/\/orfeve.com\/wp-content\/uploads\/2021\/05\/Orfeve-Manufacture-Suisse-de-Cacao-et-Chocolat-logo.jpeg","width":427,"height":170,"caption":"ORF\u00c8VE"},"image":{"@id":"https:\/\/orfeve.com\/en\/#\/schema\/logo\/image\/"},"sameAs":["https:\/\/www.facebook.com\/orfevechocolat\/","https:\/\/x.com\/orfeve_Chocolat","https:\/\/www.instagram.com\/orfeve_chocolat\/","https:\/\/www.linkedin.com\/company\/orfeve\/"]}]}},"_links":{"self":[{"href":"https:\/\/orfeve.com\/de\/wp-json\/wp\/v2\/product\/25451","targetHints":{"allow":["GET"]}}],"collection":[{"href":"https:\/\/orfeve.com\/de\/wp-json\/wp\/v2\/product"}],"about":[{"href":"https:\/\/orfeve.com\/de\/wp-json\/wp\/v2\/types\/product"}],"wp:featuredmedia":[{"embeddable":true,"href":"https:\/\/orfeve.com\/de\/wp-json\/wp\/v2\/media\/25455"}],"wp:attachment":[{"href":"https:\/\/orfeve.com\/de\/wp-json\/wp\/v2\/media?parent=25451"}],"wp:term":[{"taxonomy":"product_brand","embeddable":true,"href":"https:\/\/orfeve.com\/de\/wp-json\/wp\/v2\/product_brand?post=25451"},{"taxonomy":"product_cat","embeddable":true,"href":"https:\/\/orfeve.com\/de\/wp-json\/wp\/v2\/product_cat?post=25451"},{"taxonomy":"product_tag","embeddable":true,"href":"https:\/\/orfeve.com\/de\/wp-json\/wp\/v2\/product_tag?post=25451"}],"curies":[{"name":"wp","href":"https:\/\/api.w.org\/{rel}","templated":true}]}}