{"id":25457,"date":"2025-03-31T17:14:04","date_gmt":"2025-03-31T15:14:04","guid":{"rendered":"https:\/\/orfeve.com\/?post_type=product&#038;p=25457"},"modified":"2026-03-05T08:33:25","modified_gmt":"2026-03-05T07:33:25","slug":"tafel-dunkle-schokolade-pfirsich-espelette-pfeffer-ohne-zuckerzusatz","status":"publish","type":"product","link":"https:\/\/orfeve.com\/de\/shop\/noir-de-fruits\/tafel-dunkle-schokolade-pfirsich-espelette-pfeffer-ohne-zuckerzusatz\/","title":{"rendered":"Pfirsich &amp; Espelette-Pfeffer \u2013 Dunkle Schokolade ohne Zuckerzusatz"},"content":{"rendered":"\r\n<p class=\"p1\">Die kleine Stadt Quillabamba liegt an den Ausl\u00e4ufern der Anden im S\u00fcden Perus. Nur wenige Kilometer vom ber\u00fchmten Machu Picchu entfernt, wachsen hier die Kakaobohnen f\u00fcr unsere dunkle Schokolade ohne Zuckerzusatz: Pfirsich &amp; Espelette-Pfeffer.<\/p>\r\n<p class=\"p1\">Quillabamba liegt am Ufer des Flusses Urubamba, am Rande des Heiligen Tals der Inka. In seinen W\u00e4ldern w\u00e4chst eine der seltensten Kakaosorten der Welt: der Chuncho. Diese edle Sorte zeigt sich in winzigen Bohnen mit feinen, konzentrierten Aromen.<\/p>\r\n<p class=\"p1\">Rund hundert Familien bauen diesen wertvollen Kakao auf einer durchschnittlichen H\u00f6he von 1.200\u202fMetern an. Dabei halten sie sich streng an die Prinzipien des biologischen Landbaus und der Agroforstwirtschaft.<\/p>\r\n<p class=\"p1\">Er wird zwischen Januar und April geerntet, schonend in Holzkisten fermentiert und unter Aufsicht peruanischer Agronomen in der Sonne getrocknet.<\/p>\r\n<p class=\"p1\">Unsere dunkle Schokolade ohne Zuckerzusatz Pfirsich &amp; Espelette-Pfeffer verk\u00f6rpert den bean-to-bar-Ansatz von ORF\u00c8VE in Reinform: Respekt, technische Pr\u00e4zision, handwerkliches K\u00f6nnen.<\/p>\r\n<p class=\"p1\">Sie enth\u00e4lt nur drei Zutaten: eine frische Percoca-Pfirsich von rund 200 Gramm, schonend gefriergetrocknet, aussergew\u00f6hnlicher Kakao und eine feine Prise Espelette-Pfeffer. Das ist alles!<\/p>\r\n<p class=\"p1\">Ohne Zuckerzusatz offenbart diese Kreation eine dichte, genussvolle Textur \u2013 ganz im Zeichen der Frucht, die sie tr\u00e4gt.<\/p>\r\n","protected":false},"excerpt":{"rendered":"<p><strong>Rezeptgeheimnis:<\/strong> Ein frischer Percoca-Pfirsich von etwa 200 Gramm schonend gefriergetrocknet, aussergew\u00f6hnlicher Kakao und ein Hauch von Piment d&#8217;Espelette. Das ist alles!<\/p>\n","protected":false},"featured_media":25461,"template":"","meta":[],"product_brand":[],"product_cat":[583],"product_tag":[534],"class_list":{"0":"post-25457","1":"product","2":"type-product","3":"status-publish","4":"has-post-thumbnail","6":"product_cat-noir-de-fruits","7":"product_tag-tafeln","9":"first","10":"instock","11":"taxable","12":"shipping-taxable","13":"purchasable","14":"product-type-simple"},"yoast_head":"<!-- This site is optimized with the Yoast SEO Premium plugin v27.3 (Yoast SEO v27.3) - https:\/\/yoast.com\/product\/yoast-seo-premium-wordpress\/ -->\n<title>Dunkle Schokolade ohne Zuckerzusatz Pfirsich &amp; Espelette-Pfeffer - ORF\u00c8VE Chocolat suisse bean-to-bar<\/title>\n<meta name=\"description\" content=\"Dunkle Schokolade ohne Zuckerzusatz, zergeht von ORF\u00c8VE. Ein Bean-to-Bar-Schokolade mit Pfirsich, Chuncho-Kakao und einem Hauch Espelette-Pfeffer.\" \/>\n<meta name=\"robots\" content=\"index, follow, max-snippet:-1, max-image-preview:large, max-video-preview:-1\" \/>\n<link rel=\"canonical\" href=\"https:\/\/orfeve.com\/de\/shop\/noir-de-fruits\/tafel-dunkle-schokolade-pfirsich-espelette-pfeffer-ohne-zuckerzusatz\/\" \/>\n<meta property=\"og:locale\" content=\"de_DE\" \/>\n<meta property=\"og:type\" content=\"article\" \/>\n<meta property=\"og:title\" content=\"Pfirsich &amp; Espelette-Pfeffer \u2013 Dunkle Schokolade ohne Zuckerzusatz\" \/>\n<meta property=\"og:description\" content=\"Dunkle Schokolade ohne Zuckerzusatz, zergeht von ORF\u00c8VE. Ein Bean-to-Bar-Schokolade mit Pfirsich, Chuncho-Kakao und einem Hauch Espelette-Pfeffer.\" \/>\n<meta property=\"og:url\" content=\"https:\/\/orfeve.com\/de\/shop\/noir-de-fruits\/tafel-dunkle-schokolade-pfirsich-espelette-pfeffer-ohne-zuckerzusatz\/\" \/>\n<meta property=\"og:site_name\" content=\"ORF\u00c8VE Chocolat suisse bean-to-bar\" \/>\n<meta property=\"article:publisher\" content=\"https:\/\/www.facebook.com\/orfevechocolat\/\" \/>\n<meta property=\"article:modified_time\" content=\"2026-03-05T07:33:25+00:00\" \/>\n<meta property=\"og:image\" content=\"https:\/\/orfeve.com\/wp-content\/uploads\/2025\/03\/ORFEVE_Noir-de-Fruits_Peche-Piment-dEspelette.jpg\" \/>\n\t<meta property=\"og:image:width\" content=\"900\" \/>\n\t<meta property=\"og:image:height\" content=\"900\" \/>\n\t<meta property=\"og:image:type\" content=\"image\/jpeg\" \/>\n<meta name=\"twitter:card\" content=\"summary_large_image\" \/>\n<meta name=\"twitter:site\" content=\"@orfeve_Chocolat\" \/>\n<meta name=\"twitter:label1\" content=\"Gesch\u00e4tzte Lesezeit\" \/>\n\t<meta name=\"twitter:data1\" content=\"2\u00a0Minuten\" \/>\n<script type=\"application\/ld+json\" class=\"yoast-schema-graph\">{\"@context\":\"https:\\\/\\\/schema.org\",\"@graph\":[{\"@type\":\"WebPage\",\"@id\":\"https:\\\/\\\/orfeve.com\\\/de\\\/shop\\\/noir-de-fruits\\\/tafel-dunkle-schokolade-pfirsich-espelette-pfeffer-ohne-zuckerzusatz\\\/\",\"url\":\"https:\\\/\\\/orfeve.com\\\/de\\\/shop\\\/noir-de-fruits\\\/tafel-dunkle-schokolade-pfirsich-espelette-pfeffer-ohne-zuckerzusatz\\\/\",\"name\":\"Dunkle Schokolade ohne Zuckerzusatz Pfirsich & Espelette-Pfeffer - ORF\u00c8VE Chocolat suisse bean-to-bar\",\"isPartOf\":{\"@id\":\"https:\\\/\\\/orfeve.com\\\/en\\\/#website\"},\"primaryImageOfPage\":{\"@id\":\"https:\\\/\\\/orfeve.com\\\/de\\\/shop\\\/noir-de-fruits\\\/tafel-dunkle-schokolade-pfirsich-espelette-pfeffer-ohne-zuckerzusatz\\\/#primaryimage\"},\"image\":{\"@id\":\"https:\\\/\\\/orfeve.com\\\/de\\\/shop\\\/noir-de-fruits\\\/tafel-dunkle-schokolade-pfirsich-espelette-pfeffer-ohne-zuckerzusatz\\\/#primaryimage\"},\"thumbnailUrl\":\"https:\\\/\\\/orfeve.com\\\/wp-content\\\/uploads\\\/2025\\\/03\\\/ORFEVE_Noir-de-Fruits_Peche-Piment-dEspelette.jpg\",\"datePublished\":\"2025-03-31T15:14:04+00:00\",\"dateModified\":\"2026-03-05T07:33:25+00:00\",\"description\":\"Dunkle Schokolade ohne Zuckerzusatz, zergeht von ORF\u00c8VE. Ein Bean-to-Bar-Schokolade mit Pfirsich, Chuncho-Kakao und einem Hauch Espelette-Pfeffer.\",\"breadcrumb\":{\"@id\":\"https:\\\/\\\/orfeve.com\\\/de\\\/shop\\\/noir-de-fruits\\\/tafel-dunkle-schokolade-pfirsich-espelette-pfeffer-ohne-zuckerzusatz\\\/#breadcrumb\"},\"inLanguage\":\"de\",\"potentialAction\":[{\"@type\":\"ReadAction\",\"target\":[\"https:\\\/\\\/orfeve.com\\\/de\\\/shop\\\/noir-de-fruits\\\/tafel-dunkle-schokolade-pfirsich-espelette-pfeffer-ohne-zuckerzusatz\\\/\"]}]},{\"@type\":\"ImageObject\",\"inLanguage\":\"de\",\"@id\":\"https:\\\/\\\/orfeve.com\\\/de\\\/shop\\\/noir-de-fruits\\\/tafel-dunkle-schokolade-pfirsich-espelette-pfeffer-ohne-zuckerzusatz\\\/#primaryimage\",\"url\":\"https:\\\/\\\/orfeve.com\\\/wp-content\\\/uploads\\\/2025\\\/03\\\/ORFEVE_Noir-de-Fruits_Peche-Piment-dEspelette.jpg\",\"contentUrl\":\"https:\\\/\\\/orfeve.com\\\/wp-content\\\/uploads\\\/2025\\\/03\\\/ORFEVE_Noir-de-Fruits_Peche-Piment-dEspelette.jpg\",\"width\":900,\"height\":900},{\"@type\":\"BreadcrumbList\",\"@id\":\"https:\\\/\\\/orfeve.com\\\/de\\\/shop\\\/noir-de-fruits\\\/tafel-dunkle-schokolade-pfirsich-espelette-pfeffer-ohne-zuckerzusatz\\\/#breadcrumb\",\"itemListElement\":[{\"@type\":\"ListItem\",\"position\":1,\"name\":\"Home\",\"item\":\"https:\\\/\\\/orfeve.com\\\/de\\\/\"},{\"@type\":\"ListItem\",\"position\":2,\"name\":\"Shop\",\"item\":\"https:\\\/\\\/orfeve.com\\\/de\\\/shop\\\/\"},{\"@type\":\"ListItem\",\"position\":3,\"name\":\"Pfirsich &amp; Espelette-Pfeffer \u2013 Dunkle Schokolade ohne Zuckerzusatz\"}]},{\"@type\":\"WebSite\",\"@id\":\"https:\\\/\\\/orfeve.com\\\/en\\\/#website\",\"url\":\"https:\\\/\\\/orfeve.com\\\/en\\\/\",\"name\":\"ORF\u00c8VE Chocolat suisse bean-to-bar\",\"description\":\"Manufacture Suisse de Cacao et Chocolat Bean to Bar\",\"publisher\":{\"@id\":\"https:\\\/\\\/orfeve.com\\\/en\\\/#organization\"},\"potentialAction\":[{\"@type\":\"SearchAction\",\"target\":{\"@type\":\"EntryPoint\",\"urlTemplate\":\"https:\\\/\\\/orfeve.com\\\/en\\\/?s={search_term_string}\"},\"query-input\":{\"@type\":\"PropertyValueSpecification\",\"valueRequired\":true,\"valueName\":\"search_term_string\"}}],\"inLanguage\":\"de\"},{\"@type\":\"Organization\",\"@id\":\"https:\\\/\\\/orfeve.com\\\/en\\\/#organization\",\"name\":\"ORF\u00c8VE\",\"url\":\"https:\\\/\\\/orfeve.com\\\/en\\\/\",\"logo\":{\"@type\":\"ImageObject\",\"inLanguage\":\"de\",\"@id\":\"https:\\\/\\\/orfeve.com\\\/en\\\/#\\\/schema\\\/logo\\\/image\\\/\",\"url\":\"https:\\\/\\\/orfeve.com\\\/wp-content\\\/uploads\\\/2021\\\/05\\\/Orfeve-Manufacture-Suisse-de-Cacao-et-Chocolat-logo.jpeg\",\"contentUrl\":\"https:\\\/\\\/orfeve.com\\\/wp-content\\\/uploads\\\/2021\\\/05\\\/Orfeve-Manufacture-Suisse-de-Cacao-et-Chocolat-logo.jpeg\",\"width\":427,\"height\":170,\"caption\":\"ORF\u00c8VE\"},\"image\":{\"@id\":\"https:\\\/\\\/orfeve.com\\\/en\\\/#\\\/schema\\\/logo\\\/image\\\/\"},\"sameAs\":[\"https:\\\/\\\/www.facebook.com\\\/orfevechocolat\\\/\",\"https:\\\/\\\/x.com\\\/orfeve_Chocolat\",\"https:\\\/\\\/www.instagram.com\\\/orfeve_chocolat\\\/\",\"https:\\\/\\\/www.linkedin.com\\\/company\\\/orfeve\\\/\"]}]}<\/script>\n<!-- \/ Yoast SEO Premium plugin. -->","yoast_head_json":{"title":"Dunkle Schokolade ohne Zuckerzusatz Pfirsich & Espelette-Pfeffer - ORF\u00c8VE Chocolat suisse bean-to-bar","description":"Dunkle Schokolade ohne Zuckerzusatz, zergeht von ORF\u00c8VE. Ein Bean-to-Bar-Schokolade mit Pfirsich, Chuncho-Kakao und einem Hauch Espelette-Pfeffer.","robots":{"index":"index","follow":"follow","max-snippet":"max-snippet:-1","max-image-preview":"max-image-preview:large","max-video-preview":"max-video-preview:-1"},"canonical":"https:\/\/orfeve.com\/de\/shop\/noir-de-fruits\/tafel-dunkle-schokolade-pfirsich-espelette-pfeffer-ohne-zuckerzusatz\/","og_locale":"de_DE","og_type":"article","og_title":"Pfirsich &amp; Espelette-Pfeffer \u2013 Dunkle Schokolade ohne Zuckerzusatz","og_description":"Dunkle Schokolade ohne Zuckerzusatz, zergeht von ORF\u00c8VE. Ein Bean-to-Bar-Schokolade mit Pfirsich, Chuncho-Kakao und einem Hauch Espelette-Pfeffer.","og_url":"https:\/\/orfeve.com\/de\/shop\/noir-de-fruits\/tafel-dunkle-schokolade-pfirsich-espelette-pfeffer-ohne-zuckerzusatz\/","og_site_name":"ORF\u00c8VE Chocolat suisse bean-to-bar","article_publisher":"https:\/\/www.facebook.com\/orfevechocolat\/","article_modified_time":"2026-03-05T07:33:25+00:00","og_image":[{"width":900,"height":900,"url":"https:\/\/orfeve.com\/wp-content\/uploads\/2025\/03\/ORFEVE_Noir-de-Fruits_Peche-Piment-dEspelette.jpg","type":"image\/jpeg"}],"twitter_card":"summary_large_image","twitter_site":"@orfeve_Chocolat","twitter_misc":{"Gesch\u00e4tzte Lesezeit":"2\u00a0Minuten"},"schema":{"@context":"https:\/\/schema.org","@graph":[{"@type":"WebPage","@id":"https:\/\/orfeve.com\/de\/shop\/noir-de-fruits\/tafel-dunkle-schokolade-pfirsich-espelette-pfeffer-ohne-zuckerzusatz\/","url":"https:\/\/orfeve.com\/de\/shop\/noir-de-fruits\/tafel-dunkle-schokolade-pfirsich-espelette-pfeffer-ohne-zuckerzusatz\/","name":"Dunkle Schokolade ohne Zuckerzusatz Pfirsich & Espelette-Pfeffer - ORF\u00c8VE Chocolat suisse bean-to-bar","isPartOf":{"@id":"https:\/\/orfeve.com\/en\/#website"},"primaryImageOfPage":{"@id":"https:\/\/orfeve.com\/de\/shop\/noir-de-fruits\/tafel-dunkle-schokolade-pfirsich-espelette-pfeffer-ohne-zuckerzusatz\/#primaryimage"},"image":{"@id":"https:\/\/orfeve.com\/de\/shop\/noir-de-fruits\/tafel-dunkle-schokolade-pfirsich-espelette-pfeffer-ohne-zuckerzusatz\/#primaryimage"},"thumbnailUrl":"https:\/\/orfeve.com\/wp-content\/uploads\/2025\/03\/ORFEVE_Noir-de-Fruits_Peche-Piment-dEspelette.jpg","datePublished":"2025-03-31T15:14:04+00:00","dateModified":"2026-03-05T07:33:25+00:00","description":"Dunkle Schokolade ohne Zuckerzusatz, zergeht von ORF\u00c8VE. Ein Bean-to-Bar-Schokolade mit Pfirsich, Chuncho-Kakao und einem Hauch Espelette-Pfeffer.","breadcrumb":{"@id":"https:\/\/orfeve.com\/de\/shop\/noir-de-fruits\/tafel-dunkle-schokolade-pfirsich-espelette-pfeffer-ohne-zuckerzusatz\/#breadcrumb"},"inLanguage":"de","potentialAction":[{"@type":"ReadAction","target":["https:\/\/orfeve.com\/de\/shop\/noir-de-fruits\/tafel-dunkle-schokolade-pfirsich-espelette-pfeffer-ohne-zuckerzusatz\/"]}]},{"@type":"ImageObject","inLanguage":"de","@id":"https:\/\/orfeve.com\/de\/shop\/noir-de-fruits\/tafel-dunkle-schokolade-pfirsich-espelette-pfeffer-ohne-zuckerzusatz\/#primaryimage","url":"https:\/\/orfeve.com\/wp-content\/uploads\/2025\/03\/ORFEVE_Noir-de-Fruits_Peche-Piment-dEspelette.jpg","contentUrl":"https:\/\/orfeve.com\/wp-content\/uploads\/2025\/03\/ORFEVE_Noir-de-Fruits_Peche-Piment-dEspelette.jpg","width":900,"height":900},{"@type":"BreadcrumbList","@id":"https:\/\/orfeve.com\/de\/shop\/noir-de-fruits\/tafel-dunkle-schokolade-pfirsich-espelette-pfeffer-ohne-zuckerzusatz\/#breadcrumb","itemListElement":[{"@type":"ListItem","position":1,"name":"Home","item":"https:\/\/orfeve.com\/de\/"},{"@type":"ListItem","position":2,"name":"Shop","item":"https:\/\/orfeve.com\/de\/shop\/"},{"@type":"ListItem","position":3,"name":"Pfirsich &amp; Espelette-Pfeffer \u2013 Dunkle Schokolade ohne Zuckerzusatz"}]},{"@type":"WebSite","@id":"https:\/\/orfeve.com\/en\/#website","url":"https:\/\/orfeve.com\/en\/","name":"ORF\u00c8VE Chocolat suisse bean-to-bar","description":"Manufacture Suisse de Cacao et Chocolat Bean to Bar","publisher":{"@id":"https:\/\/orfeve.com\/en\/#organization"},"potentialAction":[{"@type":"SearchAction","target":{"@type":"EntryPoint","urlTemplate":"https:\/\/orfeve.com\/en\/?s={search_term_string}"},"query-input":{"@type":"PropertyValueSpecification","valueRequired":true,"valueName":"search_term_string"}}],"inLanguage":"de"},{"@type":"Organization","@id":"https:\/\/orfeve.com\/en\/#organization","name":"ORF\u00c8VE","url":"https:\/\/orfeve.com\/en\/","logo":{"@type":"ImageObject","inLanguage":"de","@id":"https:\/\/orfeve.com\/en\/#\/schema\/logo\/image\/","url":"https:\/\/orfeve.com\/wp-content\/uploads\/2021\/05\/Orfeve-Manufacture-Suisse-de-Cacao-et-Chocolat-logo.jpeg","contentUrl":"https:\/\/orfeve.com\/wp-content\/uploads\/2021\/05\/Orfeve-Manufacture-Suisse-de-Cacao-et-Chocolat-logo.jpeg","width":427,"height":170,"caption":"ORF\u00c8VE"},"image":{"@id":"https:\/\/orfeve.com\/en\/#\/schema\/logo\/image\/"},"sameAs":["https:\/\/www.facebook.com\/orfevechocolat\/","https:\/\/x.com\/orfeve_Chocolat","https:\/\/www.instagram.com\/orfeve_chocolat\/","https:\/\/www.linkedin.com\/company\/orfeve\/"]}]}},"_links":{"self":[{"href":"https:\/\/orfeve.com\/de\/wp-json\/wp\/v2\/product\/25457","targetHints":{"allow":["GET"]}}],"collection":[{"href":"https:\/\/orfeve.com\/de\/wp-json\/wp\/v2\/product"}],"about":[{"href":"https:\/\/orfeve.com\/de\/wp-json\/wp\/v2\/types\/product"}],"wp:featuredmedia":[{"embeddable":true,"href":"https:\/\/orfeve.com\/de\/wp-json\/wp\/v2\/media\/25461"}],"wp:attachment":[{"href":"https:\/\/orfeve.com\/de\/wp-json\/wp\/v2\/media?parent=25457"}],"wp:term":[{"taxonomy":"product_brand","embeddable":true,"href":"https:\/\/orfeve.com\/de\/wp-json\/wp\/v2\/product_brand?post=25457"},{"taxonomy":"product_cat","embeddable":true,"href":"https:\/\/orfeve.com\/de\/wp-json\/wp\/v2\/product_cat?post=25457"},{"taxonomy":"product_tag","embeddable":true,"href":"https:\/\/orfeve.com\/de\/wp-json\/wp\/v2\/product_tag?post=25457"}],"curies":[{"name":"wp","href":"https:\/\/api.w.org\/{rel}","templated":true}]}}