{"id":27656,"date":"2025-09-13T15:08:56","date_gmt":"2025-09-13T13:08:56","guid":{"rendered":"https:\/\/orfeve.com\/?post_type=product&#038;p=27656"},"modified":"2026-03-04T16:45:19","modified_gmt":"2026-03-04T15:45:19","slug":"tafel-dunkle-schokolade-bejofo-70-madagaskar-ikrk-edition","status":"publish","type":"product","link":"https:\/\/orfeve.com\/de\/shop\/ikrk\/tafel-dunkle-schokolade-bejofo-70-madagaskar-ikrk-edition\/","title":{"rendered":"Bejofo 70 (Madagaskar) &#8211; Extrafeine Dunkle Schokolade IKRK-Edition"},"content":{"rendered":"\r\n<div>\r\n<p><strong>Eine Schokolade in limitierter Auflage, entstanden aus einem einfachen Wunsch: eine herausragende Organisation zu unterst\u00fctzen, indem handwerkliches K\u00f6nnen in den Dienst einer universellen Sache gestellt wird.<\/strong><\/p>\r\nDie Schweizer Manufaktur ORF\u00c8VE, eine Referenz f\u00fcr Bean-to-Bar-Schokolade und bekannt f\u00fcr ihren Respekt gegen\u00fcber Mensch und Natur, hat eine ma\u00dfgeschneiderte Schokolade f\u00fcr das Internationale Komitee vom Roten Kreuz (IKRK) geschaffen. Diese exklusive Kreation verk\u00f6rpert den gemeinsamen Willen, die vom IKRK getragenen Werte der Menschlichkeit, Neutralit\u00e4t und des Engagements durch ein sinnstiftendes Produkt erlebbar zu machen.<\/div>\r\n<div>\u00a0<\/div>\r\n<div>Das IKRK ist in \u00fcber 100 L\u00e4ndern t\u00e4tig und setzt sich f\u00fcr Menschen ein, die von bewaffneten Konflikten und Gewalt betroffen sind, damit sie die Hilfe und den Schutz erhalten, die ihnen zustehen.<\/div>\r\n<div>\u00a0<\/div>\r\n<div>\u00dcber die Nothilfe hinaus unterst\u00fctzen die Delegierten des IKRK gef\u00e4hrdete Gemeinschaften dabei, ihre finanzielle Unabh\u00e4ngigkeit und Ern\u00e4hrungssicherheit wiederzuerlangen, um trotz der durch den Krieg verursachten Instabilit\u00e4t in W\u00fcrde leben zu k\u00f6nnen. Sie bringen Familien zusammen, die durch Frontlinien getrennt wurden, setzen sich f\u00fcr eine humane Behandlung von Kriegsgefangenen ein und bieten \u00dcberlebenden sexueller Gewalt psychologische Unterst\u00fctzung. Kurz gesagt: Das IKRK arbeitet daf\u00fcr, dass selbst in den dunkelsten Momenten ein Funke Menschlichkeit erhalten bleibt.\u00a0<\/div>\r\n<div>\u00a0<\/div>\r\n<div>Als eine schlichte Hommage an die Arbeit des IKRK gedacht, symbolisiert diese Schokolade die grundlegenden Werte, die ORF\u00c8VE und die humanit\u00e4re Organisation teilen, von der Arbeit im engen Austausch mit lokalen Gemeinschaften bis hin zur Sorgfalt jedes einzelnen Schritts, mit dem Ziel h\u00f6chster Qualit\u00e4t und des Wohls aller Beteiligten.<\/div>\r\n<div>\u00a0<\/div>\r\n<div>Die Bejofo-Farm, aus deren Bohnen diese Schokolade hergestellt wird, liegt im Sambirano-Tal nahe Ambanja im Nordwesten des Landes.<\/div>\r\n<div>\u00a0<\/div>\r\n<div>Seit 1920 produziert sie Kakaos, die als die aromatischsten des Landes gelten. Der Familienbetrieb pflegt sorgf\u00e4ltig seinen Bestand an alten Kakaopflanzen und folgt dabei den Grunds\u00e4tzen des biologischen Landbaus.<\/div>\r\n<div>\u00a0<\/div>\r\n<div>Diese dunkle Schokolade mit 70\u202f% Kakaoanteil, <em>Bejofo 70<\/em>, ist das Ergebnis eines kompromisslosen Bean-to-Bar-Know-hows und bringt die ganze aromatische Komplexit\u00e4t ihres Terroirs zur Geltung.<\/div>\r\n","protected":false},"excerpt":{"rendered":"<p class=\"p1\"><span class=\"s1\"><b>VON DER BONHNE ZUR TAT: <\/b><\/span><span class=\"s1\"><b>EINE SCHOKOLADE, <\/b><\/span><span class=\"s1\"><b>DIE UNTERST\u00dcTZT<\/b><\/span><\/p>\n<p>Diese dunkle Schokolade ist eine Einladung, gemeinsam mit dem IKRK auf eigene Weise aktiv zu werden, und das Genusserlebnis aussergew\u00f6hnlicher Schokolade mit einer solidarischen, sinnstiftenden Geste zu verbinden.<\/p>\n<p>Diese Schokolade besteht zu 70\u202f% aus Kakaobohnen der Bejofo-Farm in Madagaskar und wurde nach einem exklusiven Rezept f\u00fcr das IKRK kreiert. Geschmacklich verbindet sie zartes Knacken mit einem intensiv schmelzenden Fondant.<\/p>\n<p>F\u00fcr jede verkaufte Tafel werden CHF 5.\u2013 an das IKRK gespendet, um dessen Eins\u00e4tze in Konfliktgebieten zu unterst\u00fctzen.<\/p>\n","protected":false},"featured_media":27659,"template":"","meta":[],"product_brand":[],"product_cat":[631],"product_tag":[534],"class_list":{"0":"post-27656","1":"product","2":"type-product","3":"status-publish","4":"has-post-thumbnail","6":"product_cat-ikrk","7":"product_tag-tafeln","9":"first","10":"instock","11":"taxable","12":"shipping-taxable","13":"purchasable","14":"product-type-simple"},"yoast_head":"<!-- This site is optimized with the Yoast SEO Premium plugin v27.3 (Yoast SEO v27.3) - https:\/\/yoast.com\/product\/yoast-seo-premium-wordpress\/ -->\n<title>Dunkle Schokolade 70% - Bejofo 70 (Madagaskar) IKRK Edition - ORF\u00c8VE Chocolat suisse bean-to-bar<\/title>\n<meta name=\"description\" content=\"70\u202f% Zartbitterschokolade in limitierter Auflage, von ORF\u00c8VE f\u00fcr das IKRK kreiert. Eine engagierte Bean-to-Bar-Hommage an die Werte von Menschlichkeit, Neutralit\u00e4t und Exzellenz.\" \/>\n<meta name=\"robots\" content=\"index, follow, max-snippet:-1, max-image-preview:large, max-video-preview:-1\" \/>\n<link rel=\"canonical\" href=\"https:\/\/orfeve.com\/de\/shop\/ikrk\/tafel-dunkle-schokolade-bejofo-70-madagaskar-ikrk-edition\/\" \/>\n<meta property=\"og:locale\" content=\"de_DE\" \/>\n<meta property=\"og:type\" content=\"article\" \/>\n<meta property=\"og:title\" content=\"Bejofo 70 (Madagaskar) - Extrafeine Dunkle Schokolade IKRK-Edition\" \/>\n<meta property=\"og:description\" content=\"70\u202f% Zartbitterschokolade in limitierter Auflage, von ORF\u00c8VE f\u00fcr das IKRK kreiert. Eine engagierte Bean-to-Bar-Hommage an die Werte von Menschlichkeit, Neutralit\u00e4t und Exzellenz.\" \/>\n<meta property=\"og:url\" content=\"https:\/\/orfeve.com\/de\/shop\/ikrk\/tafel-dunkle-schokolade-bejofo-70-madagaskar-ikrk-edition\/\" \/>\n<meta property=\"og:site_name\" content=\"ORF\u00c8VE Chocolat suisse bean-to-bar\" \/>\n<meta property=\"article:publisher\" content=\"https:\/\/www.facebook.com\/orfevechocolat\/\" \/>\n<meta property=\"article:modified_time\" content=\"2026-03-04T15:45:19+00:00\" \/>\n<meta property=\"og:image\" content=\"https:\/\/orfeve.com\/wp-content\/uploads\/2025\/09\/ORFEVE_CICR_chocolat_noir_BEJOFO-70_face.jpg\" \/>\n\t<meta property=\"og:image:width\" content=\"900\" \/>\n\t<meta property=\"og:image:height\" content=\"900\" \/>\n\t<meta property=\"og:image:type\" content=\"image\/jpeg\" \/>\n<meta name=\"twitter:card\" content=\"summary_large_image\" \/>\n<meta name=\"twitter:site\" content=\"@orfeve_Chocolat\" \/>\n<meta name=\"twitter:label1\" content=\"Gesch\u00e4tzte Lesezeit\" \/>\n\t<meta name=\"twitter:data1\" content=\"2\u00a0Minuten\" \/>\n<script type=\"application\/ld+json\" class=\"yoast-schema-graph\">{\"@context\":\"https:\\\/\\\/schema.org\",\"@graph\":[{\"@type\":\"WebPage\",\"@id\":\"https:\\\/\\\/orfeve.com\\\/de\\\/shop\\\/ikrk\\\/tafel-dunkle-schokolade-bejofo-70-madagaskar-ikrk-edition\\\/\",\"url\":\"https:\\\/\\\/orfeve.com\\\/de\\\/shop\\\/ikrk\\\/tafel-dunkle-schokolade-bejofo-70-madagaskar-ikrk-edition\\\/\",\"name\":\"Dunkle Schokolade 70% - Bejofo 70 (Madagaskar) IKRK Edition - ORF\u00c8VE Chocolat suisse bean-to-bar\",\"isPartOf\":{\"@id\":\"https:\\\/\\\/orfeve.com\\\/en\\\/#website\"},\"primaryImageOfPage\":{\"@id\":\"https:\\\/\\\/orfeve.com\\\/de\\\/shop\\\/ikrk\\\/tafel-dunkle-schokolade-bejofo-70-madagaskar-ikrk-edition\\\/#primaryimage\"},\"image\":{\"@id\":\"https:\\\/\\\/orfeve.com\\\/de\\\/shop\\\/ikrk\\\/tafel-dunkle-schokolade-bejofo-70-madagaskar-ikrk-edition\\\/#primaryimage\"},\"thumbnailUrl\":\"https:\\\/\\\/orfeve.com\\\/wp-content\\\/uploads\\\/2025\\\/09\\\/ORFEVE_CICR_chocolat_noir_BEJOFO-70_face.jpg\",\"datePublished\":\"2025-09-13T13:08:56+00:00\",\"dateModified\":\"2026-03-04T15:45:19+00:00\",\"description\":\"70\u202f% Zartbitterschokolade in limitierter Auflage, von ORF\u00c8VE f\u00fcr das IKRK kreiert. Eine engagierte Bean-to-Bar-Hommage an die Werte von Menschlichkeit, Neutralit\u00e4t und Exzellenz.\",\"breadcrumb\":{\"@id\":\"https:\\\/\\\/orfeve.com\\\/de\\\/shop\\\/ikrk\\\/tafel-dunkle-schokolade-bejofo-70-madagaskar-ikrk-edition\\\/#breadcrumb\"},\"inLanguage\":\"de\",\"potentialAction\":[{\"@type\":\"ReadAction\",\"target\":[\"https:\\\/\\\/orfeve.com\\\/de\\\/shop\\\/ikrk\\\/tafel-dunkle-schokolade-bejofo-70-madagaskar-ikrk-edition\\\/\"]}]},{\"@type\":\"ImageObject\",\"inLanguage\":\"de\",\"@id\":\"https:\\\/\\\/orfeve.com\\\/de\\\/shop\\\/ikrk\\\/tafel-dunkle-schokolade-bejofo-70-madagaskar-ikrk-edition\\\/#primaryimage\",\"url\":\"https:\\\/\\\/orfeve.com\\\/wp-content\\\/uploads\\\/2025\\\/09\\\/ORFEVE_CICR_chocolat_noir_BEJOFO-70_face.jpg\",\"contentUrl\":\"https:\\\/\\\/orfeve.com\\\/wp-content\\\/uploads\\\/2025\\\/09\\\/ORFEVE_CICR_chocolat_noir_BEJOFO-70_face.jpg\",\"width\":900,\"height\":900},{\"@type\":\"BreadcrumbList\",\"@id\":\"https:\\\/\\\/orfeve.com\\\/de\\\/shop\\\/ikrk\\\/tafel-dunkle-schokolade-bejofo-70-madagaskar-ikrk-edition\\\/#breadcrumb\",\"itemListElement\":[{\"@type\":\"ListItem\",\"position\":1,\"name\":\"Home\",\"item\":\"https:\\\/\\\/orfeve.com\\\/de\\\/\"},{\"@type\":\"ListItem\",\"position\":2,\"name\":\"Shop\",\"item\":\"https:\\\/\\\/orfeve.com\\\/de\\\/shop\\\/\"},{\"@type\":\"ListItem\",\"position\":3,\"name\":\"Bejofo 70 (Madagaskar) &#8211; Extrafeine Dunkle Schokolade IKRK-Edition\"}]},{\"@type\":\"WebSite\",\"@id\":\"https:\\\/\\\/orfeve.com\\\/en\\\/#website\",\"url\":\"https:\\\/\\\/orfeve.com\\\/en\\\/\",\"name\":\"ORF\u00c8VE Chocolat suisse bean-to-bar\",\"description\":\"Manufacture Suisse de Cacao et Chocolat Bean to Bar\",\"publisher\":{\"@id\":\"https:\\\/\\\/orfeve.com\\\/en\\\/#organization\"},\"potentialAction\":[{\"@type\":\"SearchAction\",\"target\":{\"@type\":\"EntryPoint\",\"urlTemplate\":\"https:\\\/\\\/orfeve.com\\\/en\\\/?s={search_term_string}\"},\"query-input\":{\"@type\":\"PropertyValueSpecification\",\"valueRequired\":true,\"valueName\":\"search_term_string\"}}],\"inLanguage\":\"de\"},{\"@type\":\"Organization\",\"@id\":\"https:\\\/\\\/orfeve.com\\\/en\\\/#organization\",\"name\":\"ORF\u00c8VE\",\"url\":\"https:\\\/\\\/orfeve.com\\\/en\\\/\",\"logo\":{\"@type\":\"ImageObject\",\"inLanguage\":\"de\",\"@id\":\"https:\\\/\\\/orfeve.com\\\/en\\\/#\\\/schema\\\/logo\\\/image\\\/\",\"url\":\"https:\\\/\\\/orfeve.com\\\/wp-content\\\/uploads\\\/2021\\\/05\\\/Orfeve-Manufacture-Suisse-de-Cacao-et-Chocolat-logo.jpeg\",\"contentUrl\":\"https:\\\/\\\/orfeve.com\\\/wp-content\\\/uploads\\\/2021\\\/05\\\/Orfeve-Manufacture-Suisse-de-Cacao-et-Chocolat-logo.jpeg\",\"width\":427,\"height\":170,\"caption\":\"ORF\u00c8VE\"},\"image\":{\"@id\":\"https:\\\/\\\/orfeve.com\\\/en\\\/#\\\/schema\\\/logo\\\/image\\\/\"},\"sameAs\":[\"https:\\\/\\\/www.facebook.com\\\/orfevechocolat\\\/\",\"https:\\\/\\\/x.com\\\/orfeve_Chocolat\",\"https:\\\/\\\/www.instagram.com\\\/orfeve_chocolat\\\/\",\"https:\\\/\\\/www.linkedin.com\\\/company\\\/orfeve\\\/\"]}]}<\/script>\n<!-- \/ Yoast SEO Premium plugin. -->","yoast_head_json":{"title":"Dunkle Schokolade 70% - Bejofo 70 (Madagaskar) IKRK Edition - ORF\u00c8VE Chocolat suisse bean-to-bar","description":"70\u202f% Zartbitterschokolade in limitierter Auflage, von ORF\u00c8VE f\u00fcr das IKRK kreiert. Eine engagierte Bean-to-Bar-Hommage an die Werte von Menschlichkeit, Neutralit\u00e4t und Exzellenz.","robots":{"index":"index","follow":"follow","max-snippet":"max-snippet:-1","max-image-preview":"max-image-preview:large","max-video-preview":"max-video-preview:-1"},"canonical":"https:\/\/orfeve.com\/de\/shop\/ikrk\/tafel-dunkle-schokolade-bejofo-70-madagaskar-ikrk-edition\/","og_locale":"de_DE","og_type":"article","og_title":"Bejofo 70 (Madagaskar) - Extrafeine Dunkle Schokolade IKRK-Edition","og_description":"70\u202f% Zartbitterschokolade in limitierter Auflage, von ORF\u00c8VE f\u00fcr das IKRK kreiert. Eine engagierte Bean-to-Bar-Hommage an die Werte von Menschlichkeit, Neutralit\u00e4t und Exzellenz.","og_url":"https:\/\/orfeve.com\/de\/shop\/ikrk\/tafel-dunkle-schokolade-bejofo-70-madagaskar-ikrk-edition\/","og_site_name":"ORF\u00c8VE Chocolat suisse bean-to-bar","article_publisher":"https:\/\/www.facebook.com\/orfevechocolat\/","article_modified_time":"2026-03-04T15:45:19+00:00","og_image":[{"width":900,"height":900,"url":"https:\/\/orfeve.com\/wp-content\/uploads\/2025\/09\/ORFEVE_CICR_chocolat_noir_BEJOFO-70_face.jpg","type":"image\/jpeg"}],"twitter_card":"summary_large_image","twitter_site":"@orfeve_Chocolat","twitter_misc":{"Gesch\u00e4tzte Lesezeit":"2\u00a0Minuten"},"schema":{"@context":"https:\/\/schema.org","@graph":[{"@type":"WebPage","@id":"https:\/\/orfeve.com\/de\/shop\/ikrk\/tafel-dunkle-schokolade-bejofo-70-madagaskar-ikrk-edition\/","url":"https:\/\/orfeve.com\/de\/shop\/ikrk\/tafel-dunkle-schokolade-bejofo-70-madagaskar-ikrk-edition\/","name":"Dunkle Schokolade 70% - Bejofo 70 (Madagaskar) IKRK Edition - ORF\u00c8VE Chocolat suisse bean-to-bar","isPartOf":{"@id":"https:\/\/orfeve.com\/en\/#website"},"primaryImageOfPage":{"@id":"https:\/\/orfeve.com\/de\/shop\/ikrk\/tafel-dunkle-schokolade-bejofo-70-madagaskar-ikrk-edition\/#primaryimage"},"image":{"@id":"https:\/\/orfeve.com\/de\/shop\/ikrk\/tafel-dunkle-schokolade-bejofo-70-madagaskar-ikrk-edition\/#primaryimage"},"thumbnailUrl":"https:\/\/orfeve.com\/wp-content\/uploads\/2025\/09\/ORFEVE_CICR_chocolat_noir_BEJOFO-70_face.jpg","datePublished":"2025-09-13T13:08:56+00:00","dateModified":"2026-03-04T15:45:19+00:00","description":"70\u202f% Zartbitterschokolade in limitierter Auflage, von ORF\u00c8VE f\u00fcr das IKRK kreiert. Eine engagierte Bean-to-Bar-Hommage an die Werte von Menschlichkeit, Neutralit\u00e4t und Exzellenz.","breadcrumb":{"@id":"https:\/\/orfeve.com\/de\/shop\/ikrk\/tafel-dunkle-schokolade-bejofo-70-madagaskar-ikrk-edition\/#breadcrumb"},"inLanguage":"de","potentialAction":[{"@type":"ReadAction","target":["https:\/\/orfeve.com\/de\/shop\/ikrk\/tafel-dunkle-schokolade-bejofo-70-madagaskar-ikrk-edition\/"]}]},{"@type":"ImageObject","inLanguage":"de","@id":"https:\/\/orfeve.com\/de\/shop\/ikrk\/tafel-dunkle-schokolade-bejofo-70-madagaskar-ikrk-edition\/#primaryimage","url":"https:\/\/orfeve.com\/wp-content\/uploads\/2025\/09\/ORFEVE_CICR_chocolat_noir_BEJOFO-70_face.jpg","contentUrl":"https:\/\/orfeve.com\/wp-content\/uploads\/2025\/09\/ORFEVE_CICR_chocolat_noir_BEJOFO-70_face.jpg","width":900,"height":900},{"@type":"BreadcrumbList","@id":"https:\/\/orfeve.com\/de\/shop\/ikrk\/tafel-dunkle-schokolade-bejofo-70-madagaskar-ikrk-edition\/#breadcrumb","itemListElement":[{"@type":"ListItem","position":1,"name":"Home","item":"https:\/\/orfeve.com\/de\/"},{"@type":"ListItem","position":2,"name":"Shop","item":"https:\/\/orfeve.com\/de\/shop\/"},{"@type":"ListItem","position":3,"name":"Bejofo 70 (Madagaskar) &#8211; Extrafeine Dunkle Schokolade IKRK-Edition"}]},{"@type":"WebSite","@id":"https:\/\/orfeve.com\/en\/#website","url":"https:\/\/orfeve.com\/en\/","name":"ORF\u00c8VE Chocolat suisse bean-to-bar","description":"Manufacture Suisse de Cacao et Chocolat Bean to Bar","publisher":{"@id":"https:\/\/orfeve.com\/en\/#organization"},"potentialAction":[{"@type":"SearchAction","target":{"@type":"EntryPoint","urlTemplate":"https:\/\/orfeve.com\/en\/?s={search_term_string}"},"query-input":{"@type":"PropertyValueSpecification","valueRequired":true,"valueName":"search_term_string"}}],"inLanguage":"de"},{"@type":"Organization","@id":"https:\/\/orfeve.com\/en\/#organization","name":"ORF\u00c8VE","url":"https:\/\/orfeve.com\/en\/","logo":{"@type":"ImageObject","inLanguage":"de","@id":"https:\/\/orfeve.com\/en\/#\/schema\/logo\/image\/","url":"https:\/\/orfeve.com\/wp-content\/uploads\/2021\/05\/Orfeve-Manufacture-Suisse-de-Cacao-et-Chocolat-logo.jpeg","contentUrl":"https:\/\/orfeve.com\/wp-content\/uploads\/2021\/05\/Orfeve-Manufacture-Suisse-de-Cacao-et-Chocolat-logo.jpeg","width":427,"height":170,"caption":"ORF\u00c8VE"},"image":{"@id":"https:\/\/orfeve.com\/en\/#\/schema\/logo\/image\/"},"sameAs":["https:\/\/www.facebook.com\/orfevechocolat\/","https:\/\/x.com\/orfeve_Chocolat","https:\/\/www.instagram.com\/orfeve_chocolat\/","https:\/\/www.linkedin.com\/company\/orfeve\/"]}]}},"_links":{"self":[{"href":"https:\/\/orfeve.com\/de\/wp-json\/wp\/v2\/product\/27656","targetHints":{"allow":["GET"]}}],"collection":[{"href":"https:\/\/orfeve.com\/de\/wp-json\/wp\/v2\/product"}],"about":[{"href":"https:\/\/orfeve.com\/de\/wp-json\/wp\/v2\/types\/product"}],"wp:featuredmedia":[{"embeddable":true,"href":"https:\/\/orfeve.com\/de\/wp-json\/wp\/v2\/media\/27659"}],"wp:attachment":[{"href":"https:\/\/orfeve.com\/de\/wp-json\/wp\/v2\/media?parent=27656"}],"wp:term":[{"taxonomy":"product_brand","embeddable":true,"href":"https:\/\/orfeve.com\/de\/wp-json\/wp\/v2\/product_brand?post=27656"},{"taxonomy":"product_cat","embeddable":true,"href":"https:\/\/orfeve.com\/de\/wp-json\/wp\/v2\/product_cat?post=27656"},{"taxonomy":"product_tag","embeddable":true,"href":"https:\/\/orfeve.com\/de\/wp-json\/wp\/v2\/product_tag?post=27656"}],"curies":[{"name":"wp","href":"https:\/\/api.w.org\/{rel}","templated":true}]}}