{"id":28504,"date":"2026-04-06T12:57:55","date_gmt":"2026-04-06T10:57:55","guid":{"rendered":"https:\/\/orfeve.com\/shop\/unkategorisiert\/mini-napolitains-schokoladenboxen-70-zartbitter\/"},"modified":"2026-04-06T16:55:32","modified_gmt":"2026-04-06T14:55:32","slug":"mini-napolitains-schokoladenboxen-70-zartbitter","status":"publish","type":"product","link":"https:\/\/orfeve.com\/de\/shop\/gourmet-sets\/mini-napolitains-schokoladenboxen-70-zartbitter\/","title":{"rendered":"Mini-Napolitains Schokoladenboxen 70% Zartbitter"},"content":{"rendered":"<p class=\"p1\">Peru, die Wiege des urspr\u00fcnglichen wilden Kakaos, bewahrt ein aussergew\u00f6hnliches Erbe an einheimischen Sorten. Dieses Coffret ist eine Hommage an diese Vielfalt und vereint die beiden bemerkenswerten peruanischen Urspr\u00fcnge Alto Piura und Quillabamba mit L\u2019Esterre, das aus dem einzigartigen vulkanischen Terroir der Insel Grenada hervorgeht.<\/p>\n<p class=\"p1\">Im Mittelpunkt stehen der Gran Blanco aus Alto Piura im Nordwesten Perus, gesch\u00e4tzt f\u00fcr seine Frische und aromatische Finesse, sowie der Chuncho Urushaia aus Quillabamba, nahe Machu Picchu \u2013 eine seltene Sorte mit feinen und komplexen Noten.<\/p>\n<p class=\"p1\">Erg\u00e4nzt werden diese beiden peruanischen Urspr\u00fcnge durch L\u2019Esterre 70, der auf den fruchtbaren vulkanischen B\u00f6den Grenadas gedeiht. Aus einer traditionsreichen Familienplantage hervorgegangen, entfaltet dieser Kakao ein tiefes Aromaprofil mit fruchtigen, floralen und subtil w\u00fcrzigen Noten.<\/p>\n<p class=\"p1\">Durch die geduldige Arbeit von Kooperativen und Pflanzerfamilien wiederentdeckt oder bewahrt, werden diese Kakaos im Einklang mit nat\u00fcrlichen \u00d6kosystemen und nach anspruchsvollen agroforstwirtschaftlichen Prinzipien kultiviert. Fragil, ertragsschwach und anspruchsvoll, entstehen daraus seltene Schokoladen, die die ganze Vielfalt der bedeutendsten Kakaoterroirs offenbaren.<\/p>\n<p class=\"p1\">Dieses 70%-Zartbitterschokoladen-Coffret l\u00e4dt zu einer einzigartigen sensorischen Reise ein, zwischen der Reinheit Perus und der Intensit\u00e4t der Karibik. Es verk\u00f6rpert die Vision von ORF\u00c8VE: die Einzigartigkeit jeder Herkunft mit Pr\u00e4zision und kompromisslosem Anspruch durch eine meisterhaft beherrschte Bean-to-Bar-Kunst sichtbar zu machen.<\/p>\n","protected":false},"excerpt":{"rendered":"<p class=\"p1\">Entdecken Sie die Vielfalt und den Reichtum unserer 70%-Schokoladen in diesem erlesenen Coffret, das Quillabamba 70 und L\u2019Esterre 70 in unserer charakteristischen <em>Noir de Noir<\/em> Rezeptur sowie Alto Piura 70 in unserer knusprigen <em>Brut de Noir<\/em> vereint.<\/p>\n","protected":false},"featured_media":28502,"template":"","meta":[],"product_brand":[],"product_cat":[443],"product_tag":[532],"class_list":{"0":"post-28504","1":"product","2":"type-product","3":"status-publish","4":"has-post-thumbnail","6":"product_cat-gourmet-sets","7":"product_tag-napolitains-de","9":"first","10":"instock","11":"taxable","12":"shipping-taxable","13":"purchasable","14":"product-type-simple"},"yoast_head":"<!-- This site is optimized with the Yoast SEO Premium plugin v27.3 (Yoast SEO v27.3) - https:\/\/yoast.com\/product\/yoast-seo-premium-wordpress\/ -->\n<title>Mini-Napolitains Schokoladenboxen 70% Zartbitter - ORF\u00c8VE Chocolat suisse bean-to-bar<\/title>\n<meta name=\"description\" content=\"Eine 70% Zartbitterschokoladen-Geschenkbox, die drei herausragende Kakaoterroirs aus Peru und Grenada vereint. Eine erlesene Bean-to-Bar-Auswahl von ORF\u00c8VE.\" \/>\n<meta name=\"robots\" content=\"index, follow, max-snippet:-1, max-image-preview:large, max-video-preview:-1\" \/>\n<link rel=\"canonical\" href=\"https:\/\/orfeve.com\/de\/shop\/gourmet-sets\/mini-napolitains-schokoladenboxen-70-zartbitter\/\" \/>\n<meta property=\"og:locale\" content=\"de_DE\" \/>\n<meta property=\"og:type\" content=\"article\" \/>\n<meta property=\"og:title\" content=\"Mini-Napolitains Schokoladenboxen 70% Zartbitter\" \/>\n<meta property=\"og:description\" content=\"Eine 70% Zartbitterschokoladen-Geschenkbox, die drei herausragende Kakaoterroirs aus Peru und Grenada vereint. Eine erlesene Bean-to-Bar-Auswahl von ORF\u00c8VE.\" \/>\n<meta property=\"og:url\" content=\"https:\/\/orfeve.com\/de\/shop\/gourmet-sets\/mini-napolitains-schokoladenboxen-70-zartbitter\/\" \/>\n<meta property=\"og:site_name\" content=\"ORF\u00c8VE Chocolat suisse bean-to-bar\" \/>\n<meta property=\"article:publisher\" content=\"https:\/\/www.facebook.com\/orfevechocolat\/\" \/>\n<meta property=\"article:modified_time\" content=\"2026-04-06T14:55:32+00:00\" \/>\n<meta property=\"og:image\" content=\"https:\/\/orfeve.com\/wp-content\/uploads\/2026\/04\/ORFEVE_Chocolat-Noir_Mini-70.jpg\" \/>\n\t<meta property=\"og:image:width\" content=\"900\" \/>\n\t<meta property=\"og:image:height\" content=\"900\" \/>\n\t<meta property=\"og:image:type\" content=\"image\/jpeg\" \/>\n<meta name=\"twitter:card\" content=\"summary_large_image\" \/>\n<meta name=\"twitter:site\" content=\"@orfeve_Chocolat\" \/>\n<meta name=\"twitter:label1\" content=\"Gesch\u00e4tzte Lesezeit\" \/>\n\t<meta name=\"twitter:data1\" content=\"2\u00a0Minuten\" \/>\n<script type=\"application\/ld+json\" class=\"yoast-schema-graph\">{\"@context\":\"https:\\\/\\\/schema.org\",\"@graph\":[{\"@type\":\"WebPage\",\"@id\":\"https:\\\/\\\/orfeve.com\\\/de\\\/shop\\\/gourmet-sets\\\/mini-napolitains-schokoladenboxen-70-zartbitter\\\/\",\"url\":\"https:\\\/\\\/orfeve.com\\\/de\\\/shop\\\/gourmet-sets\\\/mini-napolitains-schokoladenboxen-70-zartbitter\\\/\",\"name\":\"Mini-Napolitains Schokoladenboxen 70% Zartbitter - ORF\u00c8VE Chocolat suisse bean-to-bar\",\"isPartOf\":{\"@id\":\"https:\\\/\\\/orfeve.com\\\/en\\\/#website\"},\"primaryImageOfPage\":{\"@id\":\"https:\\\/\\\/orfeve.com\\\/de\\\/shop\\\/gourmet-sets\\\/mini-napolitains-schokoladenboxen-70-zartbitter\\\/#primaryimage\"},\"image\":{\"@id\":\"https:\\\/\\\/orfeve.com\\\/de\\\/shop\\\/gourmet-sets\\\/mini-napolitains-schokoladenboxen-70-zartbitter\\\/#primaryimage\"},\"thumbnailUrl\":\"https:\\\/\\\/orfeve.com\\\/wp-content\\\/uploads\\\/2026\\\/04\\\/ORFEVE_Chocolat-Noir_Mini-70.jpg\",\"datePublished\":\"2026-04-06T10:57:55+00:00\",\"dateModified\":\"2026-04-06T14:55:32+00:00\",\"description\":\"Eine 70% Zartbitterschokoladen-Geschenkbox, die drei herausragende Kakaoterroirs aus Peru und Grenada vereint. Eine erlesene Bean-to-Bar-Auswahl von ORF\u00c8VE.\",\"breadcrumb\":{\"@id\":\"https:\\\/\\\/orfeve.com\\\/de\\\/shop\\\/gourmet-sets\\\/mini-napolitains-schokoladenboxen-70-zartbitter\\\/#breadcrumb\"},\"inLanguage\":\"de\",\"potentialAction\":[{\"@type\":\"ReadAction\",\"target\":[\"https:\\\/\\\/orfeve.com\\\/de\\\/shop\\\/gourmet-sets\\\/mini-napolitains-schokoladenboxen-70-zartbitter\\\/\"]}]},{\"@type\":\"ImageObject\",\"inLanguage\":\"de\",\"@id\":\"https:\\\/\\\/orfeve.com\\\/de\\\/shop\\\/gourmet-sets\\\/mini-napolitains-schokoladenboxen-70-zartbitter\\\/#primaryimage\",\"url\":\"https:\\\/\\\/orfeve.com\\\/wp-content\\\/uploads\\\/2026\\\/04\\\/ORFEVE_Chocolat-Noir_Mini-70.jpg\",\"contentUrl\":\"https:\\\/\\\/orfeve.com\\\/wp-content\\\/uploads\\\/2026\\\/04\\\/ORFEVE_Chocolat-Noir_Mini-70.jpg\",\"width\":900,\"height\":900},{\"@type\":\"BreadcrumbList\",\"@id\":\"https:\\\/\\\/orfeve.com\\\/de\\\/shop\\\/gourmet-sets\\\/mini-napolitains-schokoladenboxen-70-zartbitter\\\/#breadcrumb\",\"itemListElement\":[{\"@type\":\"ListItem\",\"position\":1,\"name\":\"Home\",\"item\":\"https:\\\/\\\/orfeve.com\\\/de\\\/\"},{\"@type\":\"ListItem\",\"position\":2,\"name\":\"Shop\",\"item\":\"https:\\\/\\\/orfeve.com\\\/de\\\/shop\\\/\"},{\"@type\":\"ListItem\",\"position\":3,\"name\":\"Mini-Napolitains Schokoladenboxen 70% Zartbitter\"}]},{\"@type\":\"WebSite\",\"@id\":\"https:\\\/\\\/orfeve.com\\\/en\\\/#website\",\"url\":\"https:\\\/\\\/orfeve.com\\\/en\\\/\",\"name\":\"ORF\u00c8VE Chocolat suisse bean-to-bar\",\"description\":\"Manufacture Suisse de Cacao et Chocolat Bean to Bar\",\"publisher\":{\"@id\":\"https:\\\/\\\/orfeve.com\\\/en\\\/#organization\"},\"potentialAction\":[{\"@type\":\"SearchAction\",\"target\":{\"@type\":\"EntryPoint\",\"urlTemplate\":\"https:\\\/\\\/orfeve.com\\\/en\\\/?s={search_term_string}\"},\"query-input\":{\"@type\":\"PropertyValueSpecification\",\"valueRequired\":true,\"valueName\":\"search_term_string\"}}],\"inLanguage\":\"de\"},{\"@type\":\"Organization\",\"@id\":\"https:\\\/\\\/orfeve.com\\\/en\\\/#organization\",\"name\":\"ORF\u00c8VE\",\"url\":\"https:\\\/\\\/orfeve.com\\\/en\\\/\",\"logo\":{\"@type\":\"ImageObject\",\"inLanguage\":\"de\",\"@id\":\"https:\\\/\\\/orfeve.com\\\/en\\\/#\\\/schema\\\/logo\\\/image\\\/\",\"url\":\"https:\\\/\\\/orfeve.com\\\/wp-content\\\/uploads\\\/2021\\\/05\\\/Orfeve-Manufacture-Suisse-de-Cacao-et-Chocolat-logo.jpeg\",\"contentUrl\":\"https:\\\/\\\/orfeve.com\\\/wp-content\\\/uploads\\\/2021\\\/05\\\/Orfeve-Manufacture-Suisse-de-Cacao-et-Chocolat-logo.jpeg\",\"width\":427,\"height\":170,\"caption\":\"ORF\u00c8VE\"},\"image\":{\"@id\":\"https:\\\/\\\/orfeve.com\\\/en\\\/#\\\/schema\\\/logo\\\/image\\\/\"},\"sameAs\":[\"https:\\\/\\\/www.facebook.com\\\/orfevechocolat\\\/\",\"https:\\\/\\\/x.com\\\/orfeve_Chocolat\",\"https:\\\/\\\/www.instagram.com\\\/orfeve_chocolat\\\/\",\"https:\\\/\\\/www.linkedin.com\\\/company\\\/orfeve\\\/\"]}]}<\/script>\n<!-- \/ Yoast SEO Premium plugin. -->","yoast_head_json":{"title":"Mini-Napolitains Schokoladenboxen 70% Zartbitter - ORF\u00c8VE Chocolat suisse bean-to-bar","description":"Eine 70% Zartbitterschokoladen-Geschenkbox, die drei herausragende Kakaoterroirs aus Peru und Grenada vereint. Eine erlesene Bean-to-Bar-Auswahl von ORF\u00c8VE.","robots":{"index":"index","follow":"follow","max-snippet":"max-snippet:-1","max-image-preview":"max-image-preview:large","max-video-preview":"max-video-preview:-1"},"canonical":"https:\/\/orfeve.com\/de\/shop\/gourmet-sets\/mini-napolitains-schokoladenboxen-70-zartbitter\/","og_locale":"de_DE","og_type":"article","og_title":"Mini-Napolitains Schokoladenboxen 70% Zartbitter","og_description":"Eine 70% Zartbitterschokoladen-Geschenkbox, die drei herausragende Kakaoterroirs aus Peru und Grenada vereint. Eine erlesene Bean-to-Bar-Auswahl von ORF\u00c8VE.","og_url":"https:\/\/orfeve.com\/de\/shop\/gourmet-sets\/mini-napolitains-schokoladenboxen-70-zartbitter\/","og_site_name":"ORF\u00c8VE Chocolat suisse bean-to-bar","article_publisher":"https:\/\/www.facebook.com\/orfevechocolat\/","article_modified_time":"2026-04-06T14:55:32+00:00","og_image":[{"width":900,"height":900,"url":"https:\/\/orfeve.com\/wp-content\/uploads\/2026\/04\/ORFEVE_Chocolat-Noir_Mini-70.jpg","type":"image\/jpeg"}],"twitter_card":"summary_large_image","twitter_site":"@orfeve_Chocolat","twitter_misc":{"Gesch\u00e4tzte Lesezeit":"2\u00a0Minuten"},"schema":{"@context":"https:\/\/schema.org","@graph":[{"@type":"WebPage","@id":"https:\/\/orfeve.com\/de\/shop\/gourmet-sets\/mini-napolitains-schokoladenboxen-70-zartbitter\/","url":"https:\/\/orfeve.com\/de\/shop\/gourmet-sets\/mini-napolitains-schokoladenboxen-70-zartbitter\/","name":"Mini-Napolitains Schokoladenboxen 70% Zartbitter - ORF\u00c8VE Chocolat suisse bean-to-bar","isPartOf":{"@id":"https:\/\/orfeve.com\/en\/#website"},"primaryImageOfPage":{"@id":"https:\/\/orfeve.com\/de\/shop\/gourmet-sets\/mini-napolitains-schokoladenboxen-70-zartbitter\/#primaryimage"},"image":{"@id":"https:\/\/orfeve.com\/de\/shop\/gourmet-sets\/mini-napolitains-schokoladenboxen-70-zartbitter\/#primaryimage"},"thumbnailUrl":"https:\/\/orfeve.com\/wp-content\/uploads\/2026\/04\/ORFEVE_Chocolat-Noir_Mini-70.jpg","datePublished":"2026-04-06T10:57:55+00:00","dateModified":"2026-04-06T14:55:32+00:00","description":"Eine 70% Zartbitterschokoladen-Geschenkbox, die drei herausragende Kakaoterroirs aus Peru und Grenada vereint. Eine erlesene Bean-to-Bar-Auswahl von ORF\u00c8VE.","breadcrumb":{"@id":"https:\/\/orfeve.com\/de\/shop\/gourmet-sets\/mini-napolitains-schokoladenboxen-70-zartbitter\/#breadcrumb"},"inLanguage":"de","potentialAction":[{"@type":"ReadAction","target":["https:\/\/orfeve.com\/de\/shop\/gourmet-sets\/mini-napolitains-schokoladenboxen-70-zartbitter\/"]}]},{"@type":"ImageObject","inLanguage":"de","@id":"https:\/\/orfeve.com\/de\/shop\/gourmet-sets\/mini-napolitains-schokoladenboxen-70-zartbitter\/#primaryimage","url":"https:\/\/orfeve.com\/wp-content\/uploads\/2026\/04\/ORFEVE_Chocolat-Noir_Mini-70.jpg","contentUrl":"https:\/\/orfeve.com\/wp-content\/uploads\/2026\/04\/ORFEVE_Chocolat-Noir_Mini-70.jpg","width":900,"height":900},{"@type":"BreadcrumbList","@id":"https:\/\/orfeve.com\/de\/shop\/gourmet-sets\/mini-napolitains-schokoladenboxen-70-zartbitter\/#breadcrumb","itemListElement":[{"@type":"ListItem","position":1,"name":"Home","item":"https:\/\/orfeve.com\/de\/"},{"@type":"ListItem","position":2,"name":"Shop","item":"https:\/\/orfeve.com\/de\/shop\/"},{"@type":"ListItem","position":3,"name":"Mini-Napolitains Schokoladenboxen 70% Zartbitter"}]},{"@type":"WebSite","@id":"https:\/\/orfeve.com\/en\/#website","url":"https:\/\/orfeve.com\/en\/","name":"ORF\u00c8VE Chocolat suisse bean-to-bar","description":"Manufacture Suisse de Cacao et Chocolat Bean to Bar","publisher":{"@id":"https:\/\/orfeve.com\/en\/#organization"},"potentialAction":[{"@type":"SearchAction","target":{"@type":"EntryPoint","urlTemplate":"https:\/\/orfeve.com\/en\/?s={search_term_string}"},"query-input":{"@type":"PropertyValueSpecification","valueRequired":true,"valueName":"search_term_string"}}],"inLanguage":"de"},{"@type":"Organization","@id":"https:\/\/orfeve.com\/en\/#organization","name":"ORF\u00c8VE","url":"https:\/\/orfeve.com\/en\/","logo":{"@type":"ImageObject","inLanguage":"de","@id":"https:\/\/orfeve.com\/en\/#\/schema\/logo\/image\/","url":"https:\/\/orfeve.com\/wp-content\/uploads\/2021\/05\/Orfeve-Manufacture-Suisse-de-Cacao-et-Chocolat-logo.jpeg","contentUrl":"https:\/\/orfeve.com\/wp-content\/uploads\/2021\/05\/Orfeve-Manufacture-Suisse-de-Cacao-et-Chocolat-logo.jpeg","width":427,"height":170,"caption":"ORF\u00c8VE"},"image":{"@id":"https:\/\/orfeve.com\/en\/#\/schema\/logo\/image\/"},"sameAs":["https:\/\/www.facebook.com\/orfevechocolat\/","https:\/\/x.com\/orfeve_Chocolat","https:\/\/www.instagram.com\/orfeve_chocolat\/","https:\/\/www.linkedin.com\/company\/orfeve\/"]}]}},"_links":{"self":[{"href":"https:\/\/orfeve.com\/de\/wp-json\/wp\/v2\/product\/28504","targetHints":{"allow":["GET"]}}],"collection":[{"href":"https:\/\/orfeve.com\/de\/wp-json\/wp\/v2\/product"}],"about":[{"href":"https:\/\/orfeve.com\/de\/wp-json\/wp\/v2\/types\/product"}],"wp:featuredmedia":[{"embeddable":true,"href":"https:\/\/orfeve.com\/de\/wp-json\/wp\/v2\/media\/28502"}],"wp:attachment":[{"href":"https:\/\/orfeve.com\/de\/wp-json\/wp\/v2\/media?parent=28504"}],"wp:term":[{"taxonomy":"product_brand","embeddable":true,"href":"https:\/\/orfeve.com\/de\/wp-json\/wp\/v2\/product_brand?post=28504"},{"taxonomy":"product_cat","embeddable":true,"href":"https:\/\/orfeve.com\/de\/wp-json\/wp\/v2\/product_cat?post=28504"},{"taxonomy":"product_tag","embeddable":true,"href":"https:\/\/orfeve.com\/de\/wp-json\/wp\/v2\/product_tag?post=28504"}],"curies":[{"name":"wp","href":"https:\/\/api.w.org\/{rel}","templated":true}]}}