{"id":28510,"date":"2026-04-06T14:31:01","date_gmt":"2026-04-06T12:31:01","guid":{"rendered":"https:\/\/orfeve.com\/?post_type=product&#038;p=28510"},"modified":"2026-04-06T14:43:02","modified_gmt":"2026-04-06T12:43:02","slug":"napolitains-alto-piura-70-peru-knusprige-dunkle-schokolade","status":"publish","type":"product","link":"https:\/\/orfeve.com\/de\/shop\/napolitains-grosse-formate\/napolitains-alto-piura-70-peru-knusprige-dunkle-schokolade\/","title":{"rendered":"Napolitains Alto Piura 70 (Peru) &#8211; Knusprige Dunkle Schokolade"},"content":{"rendered":"\r\n<p>Mit unserer dunklen Schokolade 70 % <em>Alto Piura 70<\/em> zollen wir Peru Tribut, einem der Ursprungsorte des wilden Ur-Kakaos. Er hat ein reiches Erbe einheimischer Kakaosorten bewahrt, darunter die ber\u00fchmten weissen Bohnen des Gran-Blanco-Kakaos.<\/p>\r\n<p>Im Jahr 2008 von leidenschaftlichen Sourceurs wiederentdeckt, wird dieser wei\u00dfe Kakao seither im Alto-Piura-Tal im Nordwesten Perus angebaut. Der Gran Blanco entfaltet dort seine ganze Noblesse \u2013 anerkannt als einer der edelsten Kakaos der Welt.<\/p>\r\n<p>Unsere Gran Blanco-Bohnen stammen aus einer Kooperative von Kleinproduzenten, die sich an die strengsten Regeln der nachhaltigen Entwicklung halten.<\/p>\r\n<p>Die Pflanzer bewirtschaften diese unterhalb von 800 Metern gelegenen Plantagen ausschliesslich nach den Grunds\u00e4tzen des biologischen Landbaus.<\/p>\r\n<p>Entstanden aus pr\u00e4zisem Bean-to-Bar-Know-how, bringt diese 70 % dunkle Schokolade <em>Alto Piura 70<\/em> eine seltene Herkunft zur Geltung, veredelt durch den handwerklichen Anspruch von ORF\u00c8VE.<\/p>\r\n","protected":false},"excerpt":{"rendered":"<p>70 % dunkle Schokolade Gran Blanco aus Peru. Dieser <em>Cru de Terroir<\/em> zeichnet sich durch eine herrliche Frische und eine zarte fruchtige S\u00e4ure aus, die von w\u00fcrzigen und holzigen Noten getragen wird.<\/p>\n","protected":false},"featured_media":22005,"template":"","meta":[],"product_brand":[],"product_cat":[657],"product_tag":[532],"class_list":{"0":"post-28510","1":"product","2":"type-product","3":"status-publish","4":"has-post-thumbnail","6":"product_cat-napolitains-grosse-formate","7":"product_tag-napolitains-de","9":"first","10":"instock","11":"taxable","12":"shipping-taxable","13":"purchasable","14":"product-type-simple"},"yoast_head":"<!-- This site is optimized with the Yoast SEO Premium plugin v27.3 (Yoast SEO v27.3) - https:\/\/yoast.com\/product\/yoast-seo-premium-wordpress\/ -->\n<title>Dunkle Schokolade 70 % - Alto Piura 70 (P\u00e9rou) - Brut de Noir - ORF\u00c8VE Chocolat suisse bean-to-bar<\/title>\n<meta name=\"description\" content=\"Dunkle Schokolade 70 % aus Peru, signiert von ORF\u00c8VE. Eine knusprige Bean-to-Bar-Schokolade mit feiner fruchtiger S\u00e4ure und w\u00fcrzigen sowie holzigen Noten.\" \/>\n<meta name=\"robots\" content=\"index, follow, max-snippet:-1, max-image-preview:large, max-video-preview:-1\" \/>\n<link rel=\"canonical\" href=\"https:\/\/orfeve.com\/de\/shop\/napolitains-grosse-formate\/napolitains-alto-piura-70-peru-knusprige-dunkle-schokolade\/\" \/>\n<meta property=\"og:locale\" content=\"de_DE\" \/>\n<meta property=\"og:type\" content=\"article\" \/>\n<meta property=\"og:title\" content=\"Napolitains Alto Piura 70 (Peru) - Knusprige Dunkle Schokolade\" \/>\n<meta property=\"og:description\" content=\"Dunkle Schokolade 70 % aus Peru, signiert von ORF\u00c8VE. Eine knusprige Bean-to-Bar-Schokolade mit feiner fruchtiger S\u00e4ure und w\u00fcrzigen sowie holzigen Noten.\" \/>\n<meta property=\"og:url\" content=\"https:\/\/orfeve.com\/de\/shop\/napolitains-grosse-formate\/napolitains-alto-piura-70-peru-knusprige-dunkle-schokolade\/\" \/>\n<meta property=\"og:site_name\" content=\"ORF\u00c8VE Chocolat suisse bean-to-bar\" \/>\n<meta property=\"article:publisher\" content=\"https:\/\/www.facebook.com\/orfevechocolat\/\" \/>\n<meta property=\"article:modified_time\" content=\"2026-04-06T12:43:02+00:00\" \/>\n<meta property=\"og:image\" content=\"https:\/\/orfeve.com\/wp-content\/uploads\/2022\/02\/Orfeve-Manufacture-Suisse-de-Cacao-et-Chocolat-bean-to-bar-Chocolat-Suisse-Brut-de-Noir-Alto-Piura-70-napolitain.jpg\" \/>\n\t<meta property=\"og:image:width\" content=\"900\" \/>\n\t<meta property=\"og:image:height\" content=\"900\" \/>\n\t<meta property=\"og:image:type\" content=\"image\/jpeg\" \/>\n<meta name=\"twitter:card\" content=\"summary_large_image\" \/>\n<meta name=\"twitter:site\" content=\"@orfeve_Chocolat\" \/>\n<meta name=\"twitter:label1\" content=\"Gesch\u00e4tzte Lesezeit\" \/>\n\t<meta name=\"twitter:data1\" content=\"1\u00a0Minute\" \/>\n<script type=\"application\/ld+json\" class=\"yoast-schema-graph\">{\"@context\":\"https:\\\/\\\/schema.org\",\"@graph\":[{\"@type\":\"WebPage\",\"@id\":\"https:\\\/\\\/orfeve.com\\\/de\\\/shop\\\/napolitains-grosse-formate\\\/napolitains-alto-piura-70-peru-knusprige-dunkle-schokolade\\\/\",\"url\":\"https:\\\/\\\/orfeve.com\\\/de\\\/shop\\\/napolitains-grosse-formate\\\/napolitains-alto-piura-70-peru-knusprige-dunkle-schokolade\\\/\",\"name\":\"Dunkle Schokolade 70 % - Alto Piura 70 (P\u00e9rou) - Brut de Noir - ORF\u00c8VE Chocolat suisse bean-to-bar\",\"isPartOf\":{\"@id\":\"https:\\\/\\\/orfeve.com\\\/en\\\/#website\"},\"primaryImageOfPage\":{\"@id\":\"https:\\\/\\\/orfeve.com\\\/de\\\/shop\\\/napolitains-grosse-formate\\\/napolitains-alto-piura-70-peru-knusprige-dunkle-schokolade\\\/#primaryimage\"},\"image\":{\"@id\":\"https:\\\/\\\/orfeve.com\\\/de\\\/shop\\\/napolitains-grosse-formate\\\/napolitains-alto-piura-70-peru-knusprige-dunkle-schokolade\\\/#primaryimage\"},\"thumbnailUrl\":\"https:\\\/\\\/orfeve.com\\\/wp-content\\\/uploads\\\/2022\\\/02\\\/Orfeve-Manufacture-Suisse-de-Cacao-et-Chocolat-bean-to-bar-Chocolat-Suisse-Brut-de-Noir-Alto-Piura-70-napolitain.jpg\",\"datePublished\":\"2026-04-06T12:31:01+00:00\",\"dateModified\":\"2026-04-06T12:43:02+00:00\",\"description\":\"Dunkle Schokolade 70 % aus Peru, signiert von ORF\u00c8VE. Eine knusprige Bean-to-Bar-Schokolade mit feiner fruchtiger S\u00e4ure und w\u00fcrzigen sowie holzigen Noten.\",\"breadcrumb\":{\"@id\":\"https:\\\/\\\/orfeve.com\\\/de\\\/shop\\\/napolitains-grosse-formate\\\/napolitains-alto-piura-70-peru-knusprige-dunkle-schokolade\\\/#breadcrumb\"},\"inLanguage\":\"de\",\"potentialAction\":[{\"@type\":\"ReadAction\",\"target\":[\"https:\\\/\\\/orfeve.com\\\/de\\\/shop\\\/napolitains-grosse-formate\\\/napolitains-alto-piura-70-peru-knusprige-dunkle-schokolade\\\/\"]}]},{\"@type\":\"ImageObject\",\"inLanguage\":\"de\",\"@id\":\"https:\\\/\\\/orfeve.com\\\/de\\\/shop\\\/napolitains-grosse-formate\\\/napolitains-alto-piura-70-peru-knusprige-dunkle-schokolade\\\/#primaryimage\",\"url\":\"https:\\\/\\\/orfeve.com\\\/wp-content\\\/uploads\\\/2022\\\/02\\\/Orfeve-Manufacture-Suisse-de-Cacao-et-Chocolat-bean-to-bar-Chocolat-Suisse-Brut-de-Noir-Alto-Piura-70-napolitain.jpg\",\"contentUrl\":\"https:\\\/\\\/orfeve.com\\\/wp-content\\\/uploads\\\/2022\\\/02\\\/Orfeve-Manufacture-Suisse-de-Cacao-et-Chocolat-bean-to-bar-Chocolat-Suisse-Brut-de-Noir-Alto-Piura-70-napolitain.jpg\",\"width\":900,\"height\":900},{\"@type\":\"BreadcrumbList\",\"@id\":\"https:\\\/\\\/orfeve.com\\\/de\\\/shop\\\/napolitains-grosse-formate\\\/napolitains-alto-piura-70-peru-knusprige-dunkle-schokolade\\\/#breadcrumb\",\"itemListElement\":[{\"@type\":\"ListItem\",\"position\":1,\"name\":\"Home\",\"item\":\"https:\\\/\\\/orfeve.com\\\/de\\\/\"},{\"@type\":\"ListItem\",\"position\":2,\"name\":\"Shop\",\"item\":\"https:\\\/\\\/orfeve.com\\\/de\\\/shop\\\/\"},{\"@type\":\"ListItem\",\"position\":3,\"name\":\"Napolitains Alto Piura 70 (Peru) &#8211; Knusprige Dunkle Schokolade\"}]},{\"@type\":\"WebSite\",\"@id\":\"https:\\\/\\\/orfeve.com\\\/en\\\/#website\",\"url\":\"https:\\\/\\\/orfeve.com\\\/en\\\/\",\"name\":\"ORF\u00c8VE Chocolat suisse bean-to-bar\",\"description\":\"Manufacture Suisse de Cacao et Chocolat Bean to Bar\",\"publisher\":{\"@id\":\"https:\\\/\\\/orfeve.com\\\/en\\\/#organization\"},\"potentialAction\":[{\"@type\":\"SearchAction\",\"target\":{\"@type\":\"EntryPoint\",\"urlTemplate\":\"https:\\\/\\\/orfeve.com\\\/en\\\/?s={search_term_string}\"},\"query-input\":{\"@type\":\"PropertyValueSpecification\",\"valueRequired\":true,\"valueName\":\"search_term_string\"}}],\"inLanguage\":\"de\"},{\"@type\":\"Organization\",\"@id\":\"https:\\\/\\\/orfeve.com\\\/en\\\/#organization\",\"name\":\"ORF\u00c8VE\",\"url\":\"https:\\\/\\\/orfeve.com\\\/en\\\/\",\"logo\":{\"@type\":\"ImageObject\",\"inLanguage\":\"de\",\"@id\":\"https:\\\/\\\/orfeve.com\\\/en\\\/#\\\/schema\\\/logo\\\/image\\\/\",\"url\":\"https:\\\/\\\/orfeve.com\\\/wp-content\\\/uploads\\\/2021\\\/05\\\/Orfeve-Manufacture-Suisse-de-Cacao-et-Chocolat-logo.jpeg\",\"contentUrl\":\"https:\\\/\\\/orfeve.com\\\/wp-content\\\/uploads\\\/2021\\\/05\\\/Orfeve-Manufacture-Suisse-de-Cacao-et-Chocolat-logo.jpeg\",\"width\":427,\"height\":170,\"caption\":\"ORF\u00c8VE\"},\"image\":{\"@id\":\"https:\\\/\\\/orfeve.com\\\/en\\\/#\\\/schema\\\/logo\\\/image\\\/\"},\"sameAs\":[\"https:\\\/\\\/www.facebook.com\\\/orfevechocolat\\\/\",\"https:\\\/\\\/x.com\\\/orfeve_Chocolat\",\"https:\\\/\\\/www.instagram.com\\\/orfeve_chocolat\\\/\",\"https:\\\/\\\/www.linkedin.com\\\/company\\\/orfeve\\\/\"]}]}<\/script>\n<!-- \/ Yoast SEO Premium plugin. -->","yoast_head_json":{"title":"Dunkle Schokolade 70 % - Alto Piura 70 (P\u00e9rou) - Brut de Noir - ORF\u00c8VE Chocolat suisse bean-to-bar","description":"Dunkle Schokolade 70 % aus Peru, signiert von ORF\u00c8VE. Eine knusprige Bean-to-Bar-Schokolade mit feiner fruchtiger S\u00e4ure und w\u00fcrzigen sowie holzigen Noten.","robots":{"index":"index","follow":"follow","max-snippet":"max-snippet:-1","max-image-preview":"max-image-preview:large","max-video-preview":"max-video-preview:-1"},"canonical":"https:\/\/orfeve.com\/de\/shop\/napolitains-grosse-formate\/napolitains-alto-piura-70-peru-knusprige-dunkle-schokolade\/","og_locale":"de_DE","og_type":"article","og_title":"Napolitains Alto Piura 70 (Peru) - Knusprige Dunkle Schokolade","og_description":"Dunkle Schokolade 70 % aus Peru, signiert von ORF\u00c8VE. Eine knusprige Bean-to-Bar-Schokolade mit feiner fruchtiger S\u00e4ure und w\u00fcrzigen sowie holzigen Noten.","og_url":"https:\/\/orfeve.com\/de\/shop\/napolitains-grosse-formate\/napolitains-alto-piura-70-peru-knusprige-dunkle-schokolade\/","og_site_name":"ORF\u00c8VE Chocolat suisse bean-to-bar","article_publisher":"https:\/\/www.facebook.com\/orfevechocolat\/","article_modified_time":"2026-04-06T12:43:02+00:00","og_image":[{"width":900,"height":900,"url":"https:\/\/orfeve.com\/wp-content\/uploads\/2022\/02\/Orfeve-Manufacture-Suisse-de-Cacao-et-Chocolat-bean-to-bar-Chocolat-Suisse-Brut-de-Noir-Alto-Piura-70-napolitain.jpg","type":"image\/jpeg"}],"twitter_card":"summary_large_image","twitter_site":"@orfeve_Chocolat","twitter_misc":{"Gesch\u00e4tzte Lesezeit":"1\u00a0Minute"},"schema":{"@context":"https:\/\/schema.org","@graph":[{"@type":"WebPage","@id":"https:\/\/orfeve.com\/de\/shop\/napolitains-grosse-formate\/napolitains-alto-piura-70-peru-knusprige-dunkle-schokolade\/","url":"https:\/\/orfeve.com\/de\/shop\/napolitains-grosse-formate\/napolitains-alto-piura-70-peru-knusprige-dunkle-schokolade\/","name":"Dunkle Schokolade 70 % - Alto Piura 70 (P\u00e9rou) - Brut de Noir - ORF\u00c8VE Chocolat suisse bean-to-bar","isPartOf":{"@id":"https:\/\/orfeve.com\/en\/#website"},"primaryImageOfPage":{"@id":"https:\/\/orfeve.com\/de\/shop\/napolitains-grosse-formate\/napolitains-alto-piura-70-peru-knusprige-dunkle-schokolade\/#primaryimage"},"image":{"@id":"https:\/\/orfeve.com\/de\/shop\/napolitains-grosse-formate\/napolitains-alto-piura-70-peru-knusprige-dunkle-schokolade\/#primaryimage"},"thumbnailUrl":"https:\/\/orfeve.com\/wp-content\/uploads\/2022\/02\/Orfeve-Manufacture-Suisse-de-Cacao-et-Chocolat-bean-to-bar-Chocolat-Suisse-Brut-de-Noir-Alto-Piura-70-napolitain.jpg","datePublished":"2026-04-06T12:31:01+00:00","dateModified":"2026-04-06T12:43:02+00:00","description":"Dunkle Schokolade 70 % aus Peru, signiert von ORF\u00c8VE. Eine knusprige Bean-to-Bar-Schokolade mit feiner fruchtiger S\u00e4ure und w\u00fcrzigen sowie holzigen Noten.","breadcrumb":{"@id":"https:\/\/orfeve.com\/de\/shop\/napolitains-grosse-formate\/napolitains-alto-piura-70-peru-knusprige-dunkle-schokolade\/#breadcrumb"},"inLanguage":"de","potentialAction":[{"@type":"ReadAction","target":["https:\/\/orfeve.com\/de\/shop\/napolitains-grosse-formate\/napolitains-alto-piura-70-peru-knusprige-dunkle-schokolade\/"]}]},{"@type":"ImageObject","inLanguage":"de","@id":"https:\/\/orfeve.com\/de\/shop\/napolitains-grosse-formate\/napolitains-alto-piura-70-peru-knusprige-dunkle-schokolade\/#primaryimage","url":"https:\/\/orfeve.com\/wp-content\/uploads\/2022\/02\/Orfeve-Manufacture-Suisse-de-Cacao-et-Chocolat-bean-to-bar-Chocolat-Suisse-Brut-de-Noir-Alto-Piura-70-napolitain.jpg","contentUrl":"https:\/\/orfeve.com\/wp-content\/uploads\/2022\/02\/Orfeve-Manufacture-Suisse-de-Cacao-et-Chocolat-bean-to-bar-Chocolat-Suisse-Brut-de-Noir-Alto-Piura-70-napolitain.jpg","width":900,"height":900},{"@type":"BreadcrumbList","@id":"https:\/\/orfeve.com\/de\/shop\/napolitains-grosse-formate\/napolitains-alto-piura-70-peru-knusprige-dunkle-schokolade\/#breadcrumb","itemListElement":[{"@type":"ListItem","position":1,"name":"Home","item":"https:\/\/orfeve.com\/de\/"},{"@type":"ListItem","position":2,"name":"Shop","item":"https:\/\/orfeve.com\/de\/shop\/"},{"@type":"ListItem","position":3,"name":"Napolitains Alto Piura 70 (Peru) &#8211; Knusprige Dunkle Schokolade"}]},{"@type":"WebSite","@id":"https:\/\/orfeve.com\/en\/#website","url":"https:\/\/orfeve.com\/en\/","name":"ORF\u00c8VE Chocolat suisse bean-to-bar","description":"Manufacture Suisse de Cacao et Chocolat Bean to Bar","publisher":{"@id":"https:\/\/orfeve.com\/en\/#organization"},"potentialAction":[{"@type":"SearchAction","target":{"@type":"EntryPoint","urlTemplate":"https:\/\/orfeve.com\/en\/?s={search_term_string}"},"query-input":{"@type":"PropertyValueSpecification","valueRequired":true,"valueName":"search_term_string"}}],"inLanguage":"de"},{"@type":"Organization","@id":"https:\/\/orfeve.com\/en\/#organization","name":"ORF\u00c8VE","url":"https:\/\/orfeve.com\/en\/","logo":{"@type":"ImageObject","inLanguage":"de","@id":"https:\/\/orfeve.com\/en\/#\/schema\/logo\/image\/","url":"https:\/\/orfeve.com\/wp-content\/uploads\/2021\/05\/Orfeve-Manufacture-Suisse-de-Cacao-et-Chocolat-logo.jpeg","contentUrl":"https:\/\/orfeve.com\/wp-content\/uploads\/2021\/05\/Orfeve-Manufacture-Suisse-de-Cacao-et-Chocolat-logo.jpeg","width":427,"height":170,"caption":"ORF\u00c8VE"},"image":{"@id":"https:\/\/orfeve.com\/en\/#\/schema\/logo\/image\/"},"sameAs":["https:\/\/www.facebook.com\/orfevechocolat\/","https:\/\/x.com\/orfeve_Chocolat","https:\/\/www.instagram.com\/orfeve_chocolat\/","https:\/\/www.linkedin.com\/company\/orfeve\/"]}]}},"_links":{"self":[{"href":"https:\/\/orfeve.com\/de\/wp-json\/wp\/v2\/product\/28510","targetHints":{"allow":["GET"]}}],"collection":[{"href":"https:\/\/orfeve.com\/de\/wp-json\/wp\/v2\/product"}],"about":[{"href":"https:\/\/orfeve.com\/de\/wp-json\/wp\/v2\/types\/product"}],"wp:featuredmedia":[{"embeddable":true,"href":"https:\/\/orfeve.com\/de\/wp-json\/wp\/v2\/media\/22005"}],"wp:attachment":[{"href":"https:\/\/orfeve.com\/de\/wp-json\/wp\/v2\/media?parent=28510"}],"wp:term":[{"taxonomy":"product_brand","embeddable":true,"href":"https:\/\/orfeve.com\/de\/wp-json\/wp\/v2\/product_brand?post=28510"},{"taxonomy":"product_cat","embeddable":true,"href":"https:\/\/orfeve.com\/de\/wp-json\/wp\/v2\/product_cat?post=28510"},{"taxonomy":"product_tag","embeddable":true,"href":"https:\/\/orfeve.com\/de\/wp-json\/wp\/v2\/product_tag?post=28510"}],"curies":[{"name":"wp","href":"https:\/\/api.w.org\/{rel}","templated":true}]}}