{"id":20452,"date":"2021-05-29T13:33:33","date_gmt":"2021-05-29T11:33:33","guid":{"rendered":"https:\/\/orfeve.com\/legal-notice\/"},"modified":"2023-08-14T15:29:56","modified_gmt":"2023-08-14T13:29:56","slug":"legal-notice","status":"publish","type":"page","link":"https:\/\/orfeve.com\/en\/legal-notice\/","title":{"rendered":"Legal notice"},"content":{"rendered":"\n<h2 class=\"wp-block-heading\" id=\"mce_4\"><strong>LEGAL NOTICE<\/strong><\/h2>\n\n<h3 class=\"wp-block-heading\" id=\"mce_4\"><strong>1. WEBSITE PUBLISHER<\/strong><\/h3>\n\n<p>The website www.orfeve.com is edited and published by :<\/p>\n\n<p><strong>Orf\u00e8ve S\u00e0rl<\/strong><br\/>Route de la Maison-Carr\u00e9e 32<br\/>1242 Satigny \u2013 SWITZERLAND<\/p>\n\n<p>Registered with the commercial register of the canton of Geneva<br\/>N\u00b0 IDE &amp; TVA : CHE 361.232.392<\/p>\n\n<p>hereinafter referred to as &#8220;ORF\u00c8VE&#8221;.<\/p>\n\n<p><strong>Directors of the publication<\/strong>: Mrs Caroline B\u00fcchler and Mr Fran\u00e7ois-Xavier Mousin<\/p>\n\n<p><strong>Contact :<\/strong><br\/>&#8211; Phone : <a href=\"tel:+41%2022%20830%2023%2023\">+41 22 830 23 23<\/a><br\/>&#8211; E-mail : <a href=\"mailto:info@orfeve.com\">info@orfeve.com<\/a><\/p>\n\n<p>Access to and use of www.orfeve.com is governed by all applicable laws and the following conditions:<\/p>\n\n<ul class=\"wp-block-list\">\n<li><a rel=\"noreferrer noopener\" href=\"https:\/\/orfeve.com\/en\/legal-notice\/\" target=\"_blank\">Legal notice <\/a>;<\/li>\n\n\n\n<li><a rel=\"noreferrer noopener\" href=\"https:\/\/orfeve.com\/en\/terms-of-use\/\" target=\"_blank\">Terms of use <\/a>;<\/li>\n\n\n\n<li><a rel=\"noreferrer noopener\" href=\"https:\/\/orfeve.com\/en\/privacy-policy\/\" target=\"_blank\">Privacy policy <\/a>;<\/li>\n\n\n\n<li><a rel=\"noreferrer noopener\" href=\"https:\/\/orfeve.com\/en\/cookie-policy\/\" target=\"_blank\">Cookie policy<\/a>.<\/li>\n<\/ul>\n\n<p>Please read all of these terms carefully before using this website.<\/p>\n\n<p>By using the website, you signify your consent and agreement to all of these terms. If you do not agree to these terms, you are not permitted to continue using the website: www.orfeve.com.<\/p>\n\n<p>When you order our products by telephone, email or through www.orfeve.com, you must also read and accept the applicable <a href=\"https:\/\/orfeve.com\/en\/terms-and-conditions-of-sale\/\" target=\"_blank\" rel=\"noreferrer noopener\">General Terms and Conditions of Sale<\/a>, which will govern the terms and conditions of all orders for products made in this way.<\/p>\n\n<h3 class=\"wp-block-heading\" id=\"mce_4\"><strong>2. DATA PROTECTION<\/strong><\/h3>\n\n<p>For more information on our data protection policy please visit our <a href=\"https:\/\/orfeve.com\/en\/privacy-policy\/\" target=\"_blank\" rel=\"noreferrer noopener\">Privacy policy<\/a> and <a href=\"https:\/\/orfeve.com\/en\/cookie-policy\/\" target=\"_blank\" rel=\"noreferrer noopener\">Cookie policy<\/a>.<\/p>\n\n<h3 class=\"wp-block-heading\" id=\"mce_4\"><strong>3. WEBSITE HOST<\/strong><\/h3>\n\n<p><strong>Infomaniak Network SA<\/strong><br\/>Rue Eug\u00e8ne-Marziano 25<br\/>1227 Carouge \u2013 SWITZERLAND<\/p>\n\n<p>Registered with the commercial register of the canton of Geneva<br\/>N\u00b0 IDE &amp; VAT: CHE-103.167.648<\/p>\n\n<p><strong>Contact :<\/strong><br\/>&#8211; Phone : <a href=\"tel:+41%2022%20820%2035%2044\">+41 22 820 35 44<\/a><br\/>&#8211; E-mail : <a href=\"mailto:support@infomaniak.com\">support@infomaniak.com<\/a><\/p>\n\n<h3 class=\"wp-block-heading\" id=\"mce_4\"><strong>4. MODIFICATIONS<\/strong><\/h3>\n\n<p>ORF\u00c8VE may at any time modify the Legal Notice and Conditions by updating this page and the associated pages. You agree to all such revisions and should periodically visit this page and related pages to review the Legal Notice and General Terms and Conditions of Sale that apply to your use of www.orfeve.com and your orders.<\/p>\n\n<p>Last update : August 2023<\/p>\n","protected":false},"excerpt":{"rendered":"<p>LEGAL NOTICE 1. WEBSITE PUBLISHER The website www.orfeve.com is edited and published by : Orf\u00e8ve S\u00e0rlRoute de la Maison-Carr\u00e9e 321242 Satigny \u2013 SWITZERLAND Registered with the commercial register of the canton of GenevaN\u00b0 IDE &amp; TVA : CHE 361.232.392 hereinafter referred to as &#8220;ORF\u00c8VE&#8221;. Directors of the publication: Mrs Caroline B\u00fcchler and Mr Fran\u00e7ois-Xavier Mousin [&#8230;]\n","protected":false},"author":1,"featured_media":0,"parent":0,"menu_order":0,"comment_status":"closed","ping_status":"closed","template":"","meta":{"footnotes":""},"class_list":["post-20452","page","type-page","status-publish","hentry"],"yoast_head":"<!-- This site is optimized with the Yoast SEO Premium plugin v27.4 (Yoast SEO v27.4) - https:\/\/yoast.com\/product\/yoast-seo-premium-wordpress\/ -->\n<title>Legal notice - ORF\u00c8VE Chocolat suisse bean-to-bar<\/title>\n<meta name=\"robots\" content=\"index, follow, max-snippet:-1, max-image-preview:large, max-video-preview:-1\" \/>\n<link rel=\"canonical\" href=\"https:\/\/orfeve.com\/en\/legal-notice\/\" \/>\n<meta property=\"og:locale\" content=\"en_US\" \/>\n<meta property=\"og:type\" content=\"article\" \/>\n<meta property=\"og:title\" content=\"Legal notice\" \/>\n<meta property=\"og:description\" content=\"LEGAL NOTICE 1. WEBSITE PUBLISHER The website www.orfeve.com is edited and published by : Orf\u00e8ve S\u00e0rlRoute de la Maison-Carr\u00e9e 321242 Satigny \u2013 SWITZERLAND Registered with the commercial register of the canton of GenevaN\u00b0 IDE &amp; TVA : CHE 361.232.392 hereinafter referred to as &#8220;ORF\u00c8VE&#8221;. Directors of the publication: Mrs Caroline B\u00fcchler and Mr Fran\u00e7ois-Xavier Mousin [...]\" \/>\n<meta property=\"og:url\" content=\"https:\/\/orfeve.com\/en\/legal-notice\/\" \/>\n<meta property=\"og:site_name\" content=\"ORF\u00c8VE Chocolat suisse bean-to-bar\" \/>\n<meta property=\"article:publisher\" content=\"https:\/\/www.facebook.com\/orfevechocolat\/\" \/>\n<meta property=\"article:modified_time\" content=\"2023-08-14T13:29:56+00:00\" \/>\n<meta name=\"twitter:card\" content=\"summary_large_image\" \/>\n<meta name=\"twitter:site\" content=\"@orfeve_Chocolat\" \/>\n<meta name=\"twitter:label1\" content=\"Est. reading time\" \/>\n\t<meta name=\"twitter:data1\" content=\"1 minute\" \/>\n<script type=\"application\/ld+json\" class=\"yoast-schema-graph\">{\"@context\":\"https:\\\/\\\/schema.org\",\"@graph\":[{\"@type\":\"WebPage\",\"@id\":\"https:\\\/\\\/orfeve.com\\\/en\\\/legal-notice\\\/\",\"url\":\"https:\\\/\\\/orfeve.com\\\/en\\\/legal-notice\\\/\",\"name\":\"Legal notice - ORF\u00c8VE Chocolat suisse bean-to-bar\",\"isPartOf\":{\"@id\":\"https:\\\/\\\/orfeve.com\\\/en\\\/#website\"},\"datePublished\":\"2021-05-29T11:33:33+00:00\",\"dateModified\":\"2023-08-14T13:29:56+00:00\",\"breadcrumb\":{\"@id\":\"https:\\\/\\\/orfeve.com\\\/en\\\/legal-notice\\\/#breadcrumb\"},\"inLanguage\":\"en-US\",\"potentialAction\":[{\"@type\":\"ReadAction\",\"target\":[\"https:\\\/\\\/orfeve.com\\\/en\\\/legal-notice\\\/\"]}]},{\"@type\":\"BreadcrumbList\",\"@id\":\"https:\\\/\\\/orfeve.com\\\/en\\\/legal-notice\\\/#breadcrumb\",\"itemListElement\":[{\"@type\":\"ListItem\",\"position\":1,\"name\":\"Home\",\"item\":\"https:\\\/\\\/orfeve.com\\\/en\\\/\"},{\"@type\":\"ListItem\",\"position\":2,\"name\":\"Legal notice\"}]},{\"@type\":\"WebSite\",\"@id\":\"https:\\\/\\\/orfeve.com\\\/en\\\/#website\",\"url\":\"https:\\\/\\\/orfeve.com\\\/en\\\/\",\"name\":\"ORF\u00c8VE Chocolat suisse bean-to-bar\",\"description\":\"Manufacture Suisse de Cacao et Chocolat Bean to Bar\",\"publisher\":{\"@id\":\"https:\\\/\\\/orfeve.com\\\/en\\\/#organization\"},\"potentialAction\":[{\"@type\":\"SearchAction\",\"target\":{\"@type\":\"EntryPoint\",\"urlTemplate\":\"https:\\\/\\\/orfeve.com\\\/en\\\/?s={search_term_string}\"},\"query-input\":{\"@type\":\"PropertyValueSpecification\",\"valueRequired\":true,\"valueName\":\"search_term_string\"}}],\"inLanguage\":\"en-US\"},{\"@type\":\"Organization\",\"@id\":\"https:\\\/\\\/orfeve.com\\\/en\\\/#organization\",\"name\":\"ORF\u00c8VE\",\"url\":\"https:\\\/\\\/orfeve.com\\\/en\\\/\",\"logo\":{\"@type\":\"ImageObject\",\"inLanguage\":\"en-US\",\"@id\":\"https:\\\/\\\/orfeve.com\\\/en\\\/#\\\/schema\\\/logo\\\/image\\\/\",\"url\":\"https:\\\/\\\/orfeve.com\\\/wp-content\\\/uploads\\\/2021\\\/05\\\/Orfeve-Manufacture-Suisse-de-Cacao-et-Chocolat-logo.jpeg\",\"contentUrl\":\"https:\\\/\\\/orfeve.com\\\/wp-content\\\/uploads\\\/2021\\\/05\\\/Orfeve-Manufacture-Suisse-de-Cacao-et-Chocolat-logo.jpeg\",\"width\":427,\"height\":170,\"caption\":\"ORF\u00c8VE\"},\"image\":{\"@id\":\"https:\\\/\\\/orfeve.com\\\/en\\\/#\\\/schema\\\/logo\\\/image\\\/\"},\"sameAs\":[\"https:\\\/\\\/www.facebook.com\\\/orfevechocolat\\\/\",\"https:\\\/\\\/x.com\\\/orfeve_Chocolat\",\"https:\\\/\\\/www.instagram.com\\\/orfeve_chocolat\\\/\",\"https:\\\/\\\/www.linkedin.com\\\/company\\\/orfeve\\\/\"]}]}<\/script>\n<!-- \/ Yoast SEO Premium plugin. -->","yoast_head_json":{"title":"Legal notice - ORF\u00c8VE Chocolat suisse bean-to-bar","robots":{"index":"index","follow":"follow","max-snippet":"max-snippet:-1","max-image-preview":"max-image-preview:large","max-video-preview":"max-video-preview:-1"},"canonical":"https:\/\/orfeve.com\/en\/legal-notice\/","og_locale":"en_US","og_type":"article","og_title":"Legal notice","og_description":"LEGAL NOTICE 1. WEBSITE PUBLISHER The website www.orfeve.com is edited and published by : Orf\u00e8ve S\u00e0rlRoute de la Maison-Carr\u00e9e 321242 Satigny \u2013 SWITZERLAND Registered with the commercial register of the canton of GenevaN\u00b0 IDE &amp; TVA : CHE 361.232.392 hereinafter referred to as &#8220;ORF\u00c8VE&#8221;. Directors of the publication: Mrs Caroline B\u00fcchler and Mr Fran\u00e7ois-Xavier Mousin [...]","og_url":"https:\/\/orfeve.com\/en\/legal-notice\/","og_site_name":"ORF\u00c8VE Chocolat suisse bean-to-bar","article_publisher":"https:\/\/www.facebook.com\/orfevechocolat\/","article_modified_time":"2023-08-14T13:29:56+00:00","twitter_card":"summary_large_image","twitter_site":"@orfeve_Chocolat","twitter_misc":{"Est. reading time":"1 minute"},"schema":{"@context":"https:\/\/schema.org","@graph":[{"@type":"WebPage","@id":"https:\/\/orfeve.com\/en\/legal-notice\/","url":"https:\/\/orfeve.com\/en\/legal-notice\/","name":"Legal notice - ORF\u00c8VE Chocolat suisse bean-to-bar","isPartOf":{"@id":"https:\/\/orfeve.com\/en\/#website"},"datePublished":"2021-05-29T11:33:33+00:00","dateModified":"2023-08-14T13:29:56+00:00","breadcrumb":{"@id":"https:\/\/orfeve.com\/en\/legal-notice\/#breadcrumb"},"inLanguage":"en-US","potentialAction":[{"@type":"ReadAction","target":["https:\/\/orfeve.com\/en\/legal-notice\/"]}]},{"@type":"BreadcrumbList","@id":"https:\/\/orfeve.com\/en\/legal-notice\/#breadcrumb","itemListElement":[{"@type":"ListItem","position":1,"name":"Home","item":"https:\/\/orfeve.com\/en\/"},{"@type":"ListItem","position":2,"name":"Legal notice"}]},{"@type":"WebSite","@id":"https:\/\/orfeve.com\/en\/#website","url":"https:\/\/orfeve.com\/en\/","name":"ORF\u00c8VE Chocolat suisse bean-to-bar","description":"Manufacture Suisse de Cacao et Chocolat Bean to Bar","publisher":{"@id":"https:\/\/orfeve.com\/en\/#organization"},"potentialAction":[{"@type":"SearchAction","target":{"@type":"EntryPoint","urlTemplate":"https:\/\/orfeve.com\/en\/?s={search_term_string}"},"query-input":{"@type":"PropertyValueSpecification","valueRequired":true,"valueName":"search_term_string"}}],"inLanguage":"en-US"},{"@type":"Organization","@id":"https:\/\/orfeve.com\/en\/#organization","name":"ORF\u00c8VE","url":"https:\/\/orfeve.com\/en\/","logo":{"@type":"ImageObject","inLanguage":"en-US","@id":"https:\/\/orfeve.com\/en\/#\/schema\/logo\/image\/","url":"https:\/\/orfeve.com\/wp-content\/uploads\/2021\/05\/Orfeve-Manufacture-Suisse-de-Cacao-et-Chocolat-logo.jpeg","contentUrl":"https:\/\/orfeve.com\/wp-content\/uploads\/2021\/05\/Orfeve-Manufacture-Suisse-de-Cacao-et-Chocolat-logo.jpeg","width":427,"height":170,"caption":"ORF\u00c8VE"},"image":{"@id":"https:\/\/orfeve.com\/en\/#\/schema\/logo\/image\/"},"sameAs":["https:\/\/www.facebook.com\/orfevechocolat\/","https:\/\/x.com\/orfeve_Chocolat","https:\/\/www.instagram.com\/orfeve_chocolat\/","https:\/\/www.linkedin.com\/company\/orfeve\/"]}]}},"_links":{"self":[{"href":"https:\/\/orfeve.com\/en\/wp-json\/wp\/v2\/pages\/20452","targetHints":{"allow":["GET"]}}],"collection":[{"href":"https:\/\/orfeve.com\/en\/wp-json\/wp\/v2\/pages"}],"about":[{"href":"https:\/\/orfeve.com\/en\/wp-json\/wp\/v2\/types\/page"}],"author":[{"embeddable":true,"href":"https:\/\/orfeve.com\/en\/wp-json\/wp\/v2\/users\/1"}],"replies":[{"embeddable":true,"href":"https:\/\/orfeve.com\/en\/wp-json\/wp\/v2\/comments?post=20452"}],"version-history":[{"count":0,"href":"https:\/\/orfeve.com\/en\/wp-json\/wp\/v2\/pages\/20452\/revisions"}],"wp:attachment":[{"href":"https:\/\/orfeve.com\/en\/wp-json\/wp\/v2\/media?parent=20452"}],"curies":[{"name":"wp","href":"https:\/\/api.w.org\/{rel}","templated":true}]}}