{"id":27655,"date":"2025-09-13T15:08:56","date_gmt":"2025-09-13T13:08:56","guid":{"rendered":"https:\/\/orfeve.com\/?post_type=product&#038;p=27655"},"modified":"2026-03-04T16:46:41","modified_gmt":"2026-03-04T15:46:41","slug":"dark-chocolate-bar-bejofo-70-madagascar-icrc-edition","status":"publish","type":"product","link":"https:\/\/orfeve.com\/en\/shop\/icrc\/dark-chocolate-bar-bejofo-70-madagascar-icrc-edition\/","title":{"rendered":"Bejofo 70 (Madagascar) &#8211; Extra Fine Dark Chocolate ICRC Edition"},"content":{"rendered":"\r\n<div>\r\n<p><strong>A limited-edition chocolate in support of one of the world&#8217;s most respected humanitarian institutions, placing artisanal expertise at the service of a universal cause.<\/strong><\/p>\r\nLa manufacture suisse ORF\u00c8VE, r\u00e9f\u00e9rence du chocolat bean-to-bar et reconnue pour son respect de l\u2019Homme et de la Nature, a con\u00e7u un chocolat sur mesure pour le Comit\u00e9 international de la Croix-Rouge (CICR). Cette cr\u00e9ation exclusive incarne une volont\u00e9 commune : faire rayonner les valeurs d\u2019humanit\u00e9, de neutralit\u00e9 et d\u2019engagement port\u00e9es par le CICR \u00e0 travers un produit porteur de sens.<\/div>\r\n<div>\u00a0<\/div>\r\n<div>Actif dans plus de 100 pays, le CICR agit en faveur des populations touch\u00e9es par les conflits arm\u00e9s et les situations de violence afin qu\u2019elles re\u00e7oivent l\u2019aide et la protection auxquelles elles ont droit.<\/div>\r\n<div>\u00a0<\/div>\r\n<div>Au-del\u00e0 des situations d\u2019urgence, ses d\u00e9l\u00e9gu\u00e9s soutiennent les communaut\u00e9s vuln\u00e9rables \u00e0 retrouver leur autonomie financi\u00e8re et leur s\u00e9curit\u00e9 alimentaire pour vivre dans la dignit\u00e9 malgr\u00e9 l\u2019instabilit\u00e9 provoqu\u00e9e par la guerre, r\u00e9unissent les familles s\u00e9par\u00e9es par les lignes de front, s\u2019assurent que les prisonniers de guerre sont trait\u00e9s humainement, offrent un soutien psychologique aux survivants de la violence sexuelle\u2026 en quelques mots, le CICR \u0153uvre \u00e0 ce qu\u2019une part d\u2019humanit\u00e9 subsiste au c\u0153ur des moments les plus sombres. \u00a0<\/div>\r\n<div>\u00a0<\/div>\r\n<div>Pens\u00e9 comme un hommage sobre \u00e0 l\u2019action du CICR, ce chocolat symbolise les valeurs essentielles que partagent ORF\u00c8VE et l\u2019organisation humanitaire, du travail au plus pr\u00e8s des communaut\u00e9s locales \u00e0 la r\u00e9alisation de gestes visant l\u2019excellence et la satisfaction de tous.<\/div>\r\n<div>\u00a0<\/div>\r\n<div>La Ferme Bejofo, dont sont issues les f\u00e8ves de ce chocolat, s\u2019\u00e9tend dans la vall\u00e9e de Sambirano, pr\u00e8s d\u2019Ambanja, au Nord-Ouest du Pays.<\/div>\r\n<div>\u00a0<\/div>\r\n<div>Depuis 1920, elle produit les cacaos consid\u00e9r\u00e9s comme les plus aromatiques du pays. Cette exploitation familiale entretient soigneusement son patrimoine de plants anciens, dans le respect des r\u00e8gles de l\u2019agriculture biologique.<\/div>\r\n<div>\u00a0<\/div>\r\n<div>Ce chocolat noir 70% <em>Bejofo 70<\/em> est issu d\u2019un savoir-faire bean-to-bar rigoureux, d\u00e9voilant toute la complexit\u00e9 aromatique de son terroir.<\/div>\r\n","protected":false},"excerpt":{"rendered":"<p class=\"p1\"><span class=\"s1\"><b>FROM BEAN TO ACTION: <\/b><\/span><span class=\"s1\"><b> A CHOCOLATE TO <\/b><\/span><span class=\"s1\"><b>SUPPORT<\/b><\/span><\/p>\n<p>This chocolate is an invitation to take action alongside ICRC, extending the experience of exceptional chocolate through a simple, purposeful act of solidarity.<\/p>\n<p>This chocolate is made with 70% cocoa from the Bejofo farm in Madagascar, following an exclusive recipe created for the ICRC. In terms of taste, it delicately combines a crisp texture with an intensely smooth melt.<\/p>\n<p>For each bar purchased, CHF 5.- will be donated to the ICRC to support its work in conflict zones.<\/p>\n","protected":false},"featured_media":27658,"template":"","meta":[],"product_brand":[],"product_cat":[630],"product_tag":[533],"class_list":{"0":"post-27655","1":"product","2":"type-product","3":"status-publish","4":"has-post-thumbnail","6":"product_cat-icrc","7":"product_tag-bars","9":"first","10":"instock","11":"taxable","12":"shipping-taxable","13":"purchasable","14":"product-type-simple"},"yoast_head":"<!-- This site is optimized with the Yoast SEO Premium plugin v27.3 (Yoast SEO v27.3) - https:\/\/yoast.com\/product\/yoast-seo-premium-wordpress\/ -->\n<title>Chocolat Noir 70% - Bejofo 70 (Madagascar) ICRC Edition - ORF\u00c8VE Chocolat suisse bean-to-bar<\/title>\n<meta name=\"description\" content=\"Limited-edition 70% dark chocolate created by ORF\u00c8VE for the ICRC. A meaningful bean-to-bar tribute to humanity, neutrality, and excellence.\" \/>\n<meta name=\"robots\" content=\"index, follow, max-snippet:-1, max-image-preview:large, max-video-preview:-1\" \/>\n<link rel=\"canonical\" href=\"https:\/\/orfeve.com\/en\/shop\/icrc\/dark-chocolate-bar-bejofo-70-madagascar-icrc-edition\/\" \/>\n<meta property=\"og:locale\" content=\"en_US\" \/>\n<meta property=\"og:type\" content=\"article\" \/>\n<meta property=\"og:title\" content=\"Bejofo 70 (Madagascar) - Extra Fine Dark Chocolate ICRC Edition\" \/>\n<meta property=\"og:description\" content=\"Limited-edition 70% dark chocolate created by ORF\u00c8VE for the ICRC. A meaningful bean-to-bar tribute to humanity, neutrality, and excellence.\" \/>\n<meta property=\"og:url\" content=\"https:\/\/orfeve.com\/en\/shop\/icrc\/dark-chocolate-bar-bejofo-70-madagascar-icrc-edition\/\" \/>\n<meta property=\"og:site_name\" content=\"ORF\u00c8VE Chocolat suisse bean-to-bar\" \/>\n<meta property=\"article:publisher\" content=\"https:\/\/www.facebook.com\/orfevechocolat\/\" \/>\n<meta property=\"article:modified_time\" content=\"2026-03-04T15:46:41+00:00\" \/>\n<meta property=\"og:image\" content=\"https:\/\/orfeve.com\/wp-content\/uploads\/2025\/09\/ORFEVE_CICR_chocolat_noir_BEJOFO-70_face.jpg\" \/>\n\t<meta property=\"og:image:width\" content=\"900\" \/>\n\t<meta property=\"og:image:height\" content=\"900\" \/>\n\t<meta property=\"og:image:type\" content=\"image\/jpeg\" \/>\n<meta name=\"twitter:card\" content=\"summary_large_image\" \/>\n<meta name=\"twitter:site\" content=\"@orfeve_Chocolat\" \/>\n<meta name=\"twitter:label1\" content=\"Est. reading time\" \/>\n\t<meta name=\"twitter:data1\" content=\"2 minutes\" \/>\n<script type=\"application\/ld+json\" class=\"yoast-schema-graph\">{\"@context\":\"https:\\\/\\\/schema.org\",\"@graph\":[{\"@type\":\"WebPage\",\"@id\":\"https:\\\/\\\/orfeve.com\\\/en\\\/shop\\\/icrc\\\/dark-chocolate-bar-bejofo-70-madagascar-icrc-edition\\\/\",\"url\":\"https:\\\/\\\/orfeve.com\\\/en\\\/shop\\\/icrc\\\/dark-chocolate-bar-bejofo-70-madagascar-icrc-edition\\\/\",\"name\":\"Chocolat Noir 70% - Bejofo 70 (Madagascar) ICRC Edition - ORF\u00c8VE Chocolat suisse bean-to-bar\",\"isPartOf\":{\"@id\":\"https:\\\/\\\/orfeve.com\\\/en\\\/#website\"},\"primaryImageOfPage\":{\"@id\":\"https:\\\/\\\/orfeve.com\\\/en\\\/shop\\\/icrc\\\/dark-chocolate-bar-bejofo-70-madagascar-icrc-edition\\\/#primaryimage\"},\"image\":{\"@id\":\"https:\\\/\\\/orfeve.com\\\/en\\\/shop\\\/icrc\\\/dark-chocolate-bar-bejofo-70-madagascar-icrc-edition\\\/#primaryimage\"},\"thumbnailUrl\":\"https:\\\/\\\/orfeve.com\\\/wp-content\\\/uploads\\\/2025\\\/09\\\/ORFEVE_CICR_chocolat_noir_BEJOFO-70_face.jpg\",\"datePublished\":\"2025-09-13T13:08:56+00:00\",\"dateModified\":\"2026-03-04T15:46:41+00:00\",\"description\":\"Limited-edition 70% dark chocolate created by ORF\u00c8VE for the ICRC. A meaningful bean-to-bar tribute to humanity, neutrality, and excellence.\",\"breadcrumb\":{\"@id\":\"https:\\\/\\\/orfeve.com\\\/en\\\/shop\\\/icrc\\\/dark-chocolate-bar-bejofo-70-madagascar-icrc-edition\\\/#breadcrumb\"},\"inLanguage\":\"en-US\",\"potentialAction\":[{\"@type\":\"ReadAction\",\"target\":[\"https:\\\/\\\/orfeve.com\\\/en\\\/shop\\\/icrc\\\/dark-chocolate-bar-bejofo-70-madagascar-icrc-edition\\\/\"]}]},{\"@type\":\"ImageObject\",\"inLanguage\":\"en-US\",\"@id\":\"https:\\\/\\\/orfeve.com\\\/en\\\/shop\\\/icrc\\\/dark-chocolate-bar-bejofo-70-madagascar-icrc-edition\\\/#primaryimage\",\"url\":\"https:\\\/\\\/orfeve.com\\\/wp-content\\\/uploads\\\/2025\\\/09\\\/ORFEVE_CICR_chocolat_noir_BEJOFO-70_face.jpg\",\"contentUrl\":\"https:\\\/\\\/orfeve.com\\\/wp-content\\\/uploads\\\/2025\\\/09\\\/ORFEVE_CICR_chocolat_noir_BEJOFO-70_face.jpg\",\"width\":900,\"height\":900},{\"@type\":\"BreadcrumbList\",\"@id\":\"https:\\\/\\\/orfeve.com\\\/en\\\/shop\\\/icrc\\\/dark-chocolate-bar-bejofo-70-madagascar-icrc-edition\\\/#breadcrumb\",\"itemListElement\":[{\"@type\":\"ListItem\",\"position\":1,\"name\":\"Home\",\"item\":\"https:\\\/\\\/orfeve.com\\\/en\\\/\"},{\"@type\":\"ListItem\",\"position\":2,\"name\":\"Shop\",\"item\":\"https:\\\/\\\/orfeve.com\\\/en\\\/shop\\\/\"},{\"@type\":\"ListItem\",\"position\":3,\"name\":\"Bejofo 70 (Madagascar) &#8211; Extra Fine Dark Chocolate ICRC Edition\"}]},{\"@type\":\"WebSite\",\"@id\":\"https:\\\/\\\/orfeve.com\\\/en\\\/#website\",\"url\":\"https:\\\/\\\/orfeve.com\\\/en\\\/\",\"name\":\"ORF\u00c8VE Chocolat suisse bean-to-bar\",\"description\":\"Manufacture Suisse de Cacao et Chocolat Bean to Bar\",\"publisher\":{\"@id\":\"https:\\\/\\\/orfeve.com\\\/en\\\/#organization\"},\"potentialAction\":[{\"@type\":\"SearchAction\",\"target\":{\"@type\":\"EntryPoint\",\"urlTemplate\":\"https:\\\/\\\/orfeve.com\\\/en\\\/?s={search_term_string}\"},\"query-input\":{\"@type\":\"PropertyValueSpecification\",\"valueRequired\":true,\"valueName\":\"search_term_string\"}}],\"inLanguage\":\"en-US\"},{\"@type\":\"Organization\",\"@id\":\"https:\\\/\\\/orfeve.com\\\/en\\\/#organization\",\"name\":\"ORF\u00c8VE\",\"url\":\"https:\\\/\\\/orfeve.com\\\/en\\\/\",\"logo\":{\"@type\":\"ImageObject\",\"inLanguage\":\"en-US\",\"@id\":\"https:\\\/\\\/orfeve.com\\\/en\\\/#\\\/schema\\\/logo\\\/image\\\/\",\"url\":\"https:\\\/\\\/orfeve.com\\\/wp-content\\\/uploads\\\/2021\\\/05\\\/Orfeve-Manufacture-Suisse-de-Cacao-et-Chocolat-logo.jpeg\",\"contentUrl\":\"https:\\\/\\\/orfeve.com\\\/wp-content\\\/uploads\\\/2021\\\/05\\\/Orfeve-Manufacture-Suisse-de-Cacao-et-Chocolat-logo.jpeg\",\"width\":427,\"height\":170,\"caption\":\"ORF\u00c8VE\"},\"image\":{\"@id\":\"https:\\\/\\\/orfeve.com\\\/en\\\/#\\\/schema\\\/logo\\\/image\\\/\"},\"sameAs\":[\"https:\\\/\\\/www.facebook.com\\\/orfevechocolat\\\/\",\"https:\\\/\\\/x.com\\\/orfeve_Chocolat\",\"https:\\\/\\\/www.instagram.com\\\/orfeve_chocolat\\\/\",\"https:\\\/\\\/www.linkedin.com\\\/company\\\/orfeve\\\/\"]}]}<\/script>\n<!-- \/ Yoast SEO Premium plugin. -->","yoast_head_json":{"title":"Chocolat Noir 70% - Bejofo 70 (Madagascar) ICRC Edition - ORF\u00c8VE Chocolat suisse bean-to-bar","description":"Limited-edition 70% dark chocolate created by ORF\u00c8VE for the ICRC. A meaningful bean-to-bar tribute to humanity, neutrality, and excellence.","robots":{"index":"index","follow":"follow","max-snippet":"max-snippet:-1","max-image-preview":"max-image-preview:large","max-video-preview":"max-video-preview:-1"},"canonical":"https:\/\/orfeve.com\/en\/shop\/icrc\/dark-chocolate-bar-bejofo-70-madagascar-icrc-edition\/","og_locale":"en_US","og_type":"article","og_title":"Bejofo 70 (Madagascar) - Extra Fine Dark Chocolate ICRC Edition","og_description":"Limited-edition 70% dark chocolate created by ORF\u00c8VE for the ICRC. A meaningful bean-to-bar tribute to humanity, neutrality, and excellence.","og_url":"https:\/\/orfeve.com\/en\/shop\/icrc\/dark-chocolate-bar-bejofo-70-madagascar-icrc-edition\/","og_site_name":"ORF\u00c8VE Chocolat suisse bean-to-bar","article_publisher":"https:\/\/www.facebook.com\/orfevechocolat\/","article_modified_time":"2026-03-04T15:46:41+00:00","og_image":[{"width":900,"height":900,"url":"https:\/\/orfeve.com\/wp-content\/uploads\/2025\/09\/ORFEVE_CICR_chocolat_noir_BEJOFO-70_face.jpg","type":"image\/jpeg"}],"twitter_card":"summary_large_image","twitter_site":"@orfeve_Chocolat","twitter_misc":{"Est. reading time":"2 minutes"},"schema":{"@context":"https:\/\/schema.org","@graph":[{"@type":"WebPage","@id":"https:\/\/orfeve.com\/en\/shop\/icrc\/dark-chocolate-bar-bejofo-70-madagascar-icrc-edition\/","url":"https:\/\/orfeve.com\/en\/shop\/icrc\/dark-chocolate-bar-bejofo-70-madagascar-icrc-edition\/","name":"Chocolat Noir 70% - Bejofo 70 (Madagascar) ICRC Edition - ORF\u00c8VE Chocolat suisse bean-to-bar","isPartOf":{"@id":"https:\/\/orfeve.com\/en\/#website"},"primaryImageOfPage":{"@id":"https:\/\/orfeve.com\/en\/shop\/icrc\/dark-chocolate-bar-bejofo-70-madagascar-icrc-edition\/#primaryimage"},"image":{"@id":"https:\/\/orfeve.com\/en\/shop\/icrc\/dark-chocolate-bar-bejofo-70-madagascar-icrc-edition\/#primaryimage"},"thumbnailUrl":"https:\/\/orfeve.com\/wp-content\/uploads\/2025\/09\/ORFEVE_CICR_chocolat_noir_BEJOFO-70_face.jpg","datePublished":"2025-09-13T13:08:56+00:00","dateModified":"2026-03-04T15:46:41+00:00","description":"Limited-edition 70% dark chocolate created by ORF\u00c8VE for the ICRC. A meaningful bean-to-bar tribute to humanity, neutrality, and excellence.","breadcrumb":{"@id":"https:\/\/orfeve.com\/en\/shop\/icrc\/dark-chocolate-bar-bejofo-70-madagascar-icrc-edition\/#breadcrumb"},"inLanguage":"en-US","potentialAction":[{"@type":"ReadAction","target":["https:\/\/orfeve.com\/en\/shop\/icrc\/dark-chocolate-bar-bejofo-70-madagascar-icrc-edition\/"]}]},{"@type":"ImageObject","inLanguage":"en-US","@id":"https:\/\/orfeve.com\/en\/shop\/icrc\/dark-chocolate-bar-bejofo-70-madagascar-icrc-edition\/#primaryimage","url":"https:\/\/orfeve.com\/wp-content\/uploads\/2025\/09\/ORFEVE_CICR_chocolat_noir_BEJOFO-70_face.jpg","contentUrl":"https:\/\/orfeve.com\/wp-content\/uploads\/2025\/09\/ORFEVE_CICR_chocolat_noir_BEJOFO-70_face.jpg","width":900,"height":900},{"@type":"BreadcrumbList","@id":"https:\/\/orfeve.com\/en\/shop\/icrc\/dark-chocolate-bar-bejofo-70-madagascar-icrc-edition\/#breadcrumb","itemListElement":[{"@type":"ListItem","position":1,"name":"Home","item":"https:\/\/orfeve.com\/en\/"},{"@type":"ListItem","position":2,"name":"Shop","item":"https:\/\/orfeve.com\/en\/shop\/"},{"@type":"ListItem","position":3,"name":"Bejofo 70 (Madagascar) &#8211; Extra Fine Dark Chocolate ICRC Edition"}]},{"@type":"WebSite","@id":"https:\/\/orfeve.com\/en\/#website","url":"https:\/\/orfeve.com\/en\/","name":"ORF\u00c8VE Chocolat suisse bean-to-bar","description":"Manufacture Suisse de Cacao et Chocolat Bean to Bar","publisher":{"@id":"https:\/\/orfeve.com\/en\/#organization"},"potentialAction":[{"@type":"SearchAction","target":{"@type":"EntryPoint","urlTemplate":"https:\/\/orfeve.com\/en\/?s={search_term_string}"},"query-input":{"@type":"PropertyValueSpecification","valueRequired":true,"valueName":"search_term_string"}}],"inLanguage":"en-US"},{"@type":"Organization","@id":"https:\/\/orfeve.com\/en\/#organization","name":"ORF\u00c8VE","url":"https:\/\/orfeve.com\/en\/","logo":{"@type":"ImageObject","inLanguage":"en-US","@id":"https:\/\/orfeve.com\/en\/#\/schema\/logo\/image\/","url":"https:\/\/orfeve.com\/wp-content\/uploads\/2021\/05\/Orfeve-Manufacture-Suisse-de-Cacao-et-Chocolat-logo.jpeg","contentUrl":"https:\/\/orfeve.com\/wp-content\/uploads\/2021\/05\/Orfeve-Manufacture-Suisse-de-Cacao-et-Chocolat-logo.jpeg","width":427,"height":170,"caption":"ORF\u00c8VE"},"image":{"@id":"https:\/\/orfeve.com\/en\/#\/schema\/logo\/image\/"},"sameAs":["https:\/\/www.facebook.com\/orfevechocolat\/","https:\/\/x.com\/orfeve_Chocolat","https:\/\/www.instagram.com\/orfeve_chocolat\/","https:\/\/www.linkedin.com\/company\/orfeve\/"]}]}},"_links":{"self":[{"href":"https:\/\/orfeve.com\/en\/wp-json\/wp\/v2\/product\/27655","targetHints":{"allow":["GET"]}}],"collection":[{"href":"https:\/\/orfeve.com\/en\/wp-json\/wp\/v2\/product"}],"about":[{"href":"https:\/\/orfeve.com\/en\/wp-json\/wp\/v2\/types\/product"}],"wp:featuredmedia":[{"embeddable":true,"href":"https:\/\/orfeve.com\/en\/wp-json\/wp\/v2\/media\/27658"}],"wp:attachment":[{"href":"https:\/\/orfeve.com\/en\/wp-json\/wp\/v2\/media?parent=27655"}],"wp:term":[{"taxonomy":"product_brand","embeddable":true,"href":"https:\/\/orfeve.com\/en\/wp-json\/wp\/v2\/product_brand?post=27655"},{"taxonomy":"product_cat","embeddable":true,"href":"https:\/\/orfeve.com\/en\/wp-json\/wp\/v2\/product_cat?post=27655"},{"taxonomy":"product_tag","embeddable":true,"href":"https:\/\/orfeve.com\/en\/wp-json\/wp\/v2\/product_tag?post=27655"}],"curies":[{"name":"wp","href":"https:\/\/api.w.org\/{rel}","templated":true}]}}